{"id":576,"date":"2010-07-03T22:51:58","date_gmt":"2010-07-03T15:51:58","guid":{"rendered":"http:\/\/4u.ezc.vn\/?page_id=576"},"modified":"2010-07-07T15:50:06","modified_gmt":"2010-07-07T08:50:06","slug":"nha-vung-lu-m%e1%ba%b7t-b%e1%ba%b1ng-66m-x-96m","status":"publish","type":"page","link":"http:\/\/4u.ezc.vn\/?page_id=576","title":{"rendered":"Nh\u00e0 v\u00f9ng l\u0169 m\u1eb7t b\u1eb1ng 6,6m x 9,6m"},"content":{"rendered":"<p style=\"text-align: justify;\">Nh\u00e0 thi\u1ebft k\u1ebf cho v\u00f9ng \u0110BSCL, cho nh\u1eefng n\u01a1i ph\u1ea3i ch\u1ecbu l\u0169 l\u1ee5t k\u00e9o d\u00e0i nhi\u1ec1u ng\u00e0y (th\u00e1ng). Gi\u1ea3i ph\u00e1p \u0111\u1ec3 s\u1ed1ng chung v\u1edbi l\u0169 c\u1ee7a thi\u1ebft k\u1ebf n\u00e0y l\u00e0 nh\u00e0 x\u00e2y tr\u00ean c\u1ecdc. Trong sinh ho\u1ea1t h\u00e0ng ng\u00e0y, n\u00f3 gi\u00fap ng\u01b0\u1eddi d\u00e2n tr\u00e1nh \u0111\u01b0\u1ee3c c\u00e1c \u1ea3nh h\u01b0\u1edfng c\u1ee7a n\u1ec1n \u0111\u1ea5t, s\u00f4ng ng\u00f2i. Trong m\u00f9a l\u0169, nh\u00e0 kh\u00f4ng b\u1ecb ng\u1eadp do \u0111\u00e3 x\u00e2y tr\u00ean c\u1ecdc cao h\u01a1n \u0111\u1ec9nh l\u0169 cao nh\u1ea5t (c\u00f3 th\u1ec3 s\u1eed d\u1ee5ng s\u1ed1 li\u1ec7u 30 n\u0103m). H\u01a1n n\u1eefa, nh\u00e0 l\u00e0m tr\u00ean c\u1ecdc n\u00ean kh\u00f4ng c\u1ea3n d\u00f2ng n\u01b0\u1edbc l\u0169, gi\u00fap l\u0169 tho\u00e1t nhanh h\u01a1n so v\u1edbi gi\u1ea3i ph\u00e1p t\u00f4n n\u1ec1n ho\u1eb7c \u0111\u1eafp \u0111\u00ea bao.<br \/>\nThi\u1ebft k\u1ebf ng\u00f4i nh\u00e0 s\u1eed d\u1ee5ng c\u00e1c kh\u1ea9u \u0111\u1ed9 nh\u1ecf \u0111\u1ec3 ti\u1ebft ki\u1ec7m VLXD v\u00e0 c\u00f3 th\u1ec3 \u00e1p d\u1ee5ng k\u1ebft c\u1ea5u t\u01b0\u1eddng ch\u1ecbu l\u1ef1c k\u1ebft h\u1ee3p d\u1ea7m (\u0111\u00e0), gi\u1eb1ng t\u01b0\u1eddng \u0111\u1ec3 h\u1ea1 gi\u00e1 th\u00e0nh x\u00e2y d\u1ef1ng.<br \/>\nNh\u00e0 c\u00f3 th\u1ec3 x\u00e2y 1 ho\u1eb7c 2 t\u1ea7ng t\u00f9y theo kh\u1ea3 n\u0103ng kinh t\u1ebf v\u00e0 nhu c\u1ea7u s\u1eed d\u1ee5ng, c\u00f3 th\u1ec3 ph\u00e2n chia giai \u0111o\u1ea1n x\u00e2y d\u1ef1ng.<br \/>\nT\u1ea7ng 1 g\u1ed3m ph\u00f2ng kh\u00e1ch, b\u1ebfp + \u0103n b\u1ed1 tr\u00ed h\u01b0\u1edbng t\u00e2y v\u00e0 2 ph\u00f2ng ng\u1ee7 h\u01b0\u1edbng \u0111\u00f4ng, \u0111\u00f4ng nam. Gi\u1eefa ph\u00f2ng kh\u00e1ch v\u00e0 b\u1ebfp +\u0103n l\u00e0 c\u1ea7u thang l\u00ean t\u1ea7ng 2 (c\u00f3 th\u1ec3 x\u00e2y sau nh\u01b0ng ph\u1ea3i c\u00f3 k\u1ebft c\u1ea5u ch\u1edd). V\u1ec7 sinh b\u1ed1 tr\u00ed d\u01b0\u1edbi g\u1ea7m c\u1ea7u thang n\u00e0y. D\u01b0\u1edbi s\u00e0n nh\u00e0 v\u00e0 tr\u00ean m\u1eb7t \u0111\u1ea5t l\u00e0 b\u1ec3 ph\u1ed1t x\u00e2y n\u1ed5i, l\u1ed1i tho\u00e1t n\u01b0\u1edbc c\u1ee7a b\u1ec3 ph\u1ed1t c\u1ea7n c\u00f3 van 1 chi\u1ec1u \u0111\u1ec3 c\u00f3 th\u1ec3 \u0111\u00f3ng l\u1ea1i khi \u00e1p l\u1ef1c n\u01b0\u1edbc b\u00ean ngo\u00e0i t\u0103ng l\u00ean (trong m\u00f9a l\u1ee5t) nh\u1eb1m tr\u00e1nh g\u00e2y \u00f4 nhi\u1ec5m. T\u1ea7ng 1 cao 3,3 m.<br \/>\nT\u1ea7ng 2 g\u1ed3m th\u00eam 2 ph\u00f2ng ng\u1ee7, v\u1ec7 sinh v\u00e0 m\u1ed9t kho\u1ea3ng sinh ho\u1ea1t chung. M\u00e1i d\u1ed1c c\u00f3 th\u1ec3 b\u1ed1 tr\u00ed b\u00ecnh n\u01b0\u1edbc n\u00f3ng NLMT v\u00e0 b\u1ec3 n\u01b0\u1edbc treo (b\u1eb1ng inox ho\u1eb7c composit) \u0111\u1ec3 tr\u1eef n\u01b0\u1edbc khi m\u00f9a l\u1ee5t \u0111\u1ebfn.<br \/>\nH\u1ea7m bio-gas tham kh\u1ea3o x\u00e2y d\u1ef1ng lo\u1ea1i n\u1ed5i tr\u00ean m\u1eb7t \u0111\u1ea5t v\u00e0 ch\u1ed1ng ch\u1ecbu \u0111\u01b0\u1ee3c m\u00f9a l\u1ee5t (c\u00f3 th\u1ec3 ng\u1eebng ho\u1ea1t \u0111\u1ed9ng khi m\u00f9a l\u1ee5t \u0111\u1ebfn \u0111\u1ec3 b\u1ea3o \u0111\u1ea3m v\u1ec7 sinh). T\u1ea7ng 2 ch\u1ec9 cao 2,7m ch\u1ed7 ch\u00e2n m\u00e1i d\u1ed1c.<\/p>\n<figure id=\"attachment_577\" aria-describedby=\"caption-attachment-577\" style=\"width: 471px\" class=\"wp-caption alignleft\"><a href=\"http:\/\/4u.ezc.vn\/wp-content\/uploads\/FL1.flood-proned.png\"><img loading=\"lazy\" decoding=\"async\" data-attachment-id=\"577\" data-permalink=\"http:\/\/4u.ezc.vn\/?attachment_id=577\" data-orig-file=\"http:\/\/4u.ezc.vn\/wp-content\/uploads\/FL1.flood-proned.png\" data-orig-size=\"706,516\" data-comments-opened=\"1\" data-image-meta=\"{&quot;aperture&quot;:&quot;0&quot;,&quot;credit&quot;:&quot;&quot;,&quot;camera&quot;:&quot;&quot;,&quot;caption&quot;:&quot;&quot;,&quot;created_timestamp&quot;:&quot;0&quot;,&quot;copyright&quot;:&quot;&quot;,&quot;focal_length&quot;:&quot;0&quot;,&quot;iso&quot;:&quot;0&quot;,&quot;shutter_speed&quot;:&quot;0&quot;,&quot;title&quot;:&quot;&quot;}\" data-image-title=\"FL1.flood-proned\" data-image-description=\"&lt;p&gt;M\u1eb7t b\u1eb1ng t\u1ea7ng 1&lt;\/p&gt;\n\" data-image-caption=\"&lt;p&gt;M\u1eb7t b\u1eb1ng t\u1ea7ng 1&lt;\/p&gt;\n\" data-medium-file=\"http:\/\/4u.ezc.vn\/wp-content\/uploads\/FL1.flood-proned-300x219.png\" data-large-file=\"http:\/\/4u.ezc.vn\/wp-content\/uploads\/FL1.flood-proned.png\" class=\"size-full wp-image-577\" title=\"FL1.flood-proned\" src=\"http:\/\/4u.ezc.vn\/wp-content\/uploads\/FL1.flood-proned.png\" alt=\"M\u1eb7t b\u1eb1ng t\u1ea7ng 1\" width=\"471\" height=\"329\" \/><\/a><figcaption id=\"caption-attachment-577\" class=\"wp-caption-text\">M\u1eb7t b\u1eb1ng t\u1ea7ng 1<\/figcaption><\/figure>\n<p style=\"text-align: justify;\">\n<p style=\"text-align: justify;\">\n<p style=\"text-align: justify;\">\n<p style=\"text-align: justify;\">\n<p style=\"text-align: justify;\">\n<p style=\"text-align: justify;\">\n<p style=\"text-align: justify;\">\n<p style=\"text-align: justify;\">\n<p style=\"text-align: justify;\">\n<figure id=\"attachment_578\" aria-describedby=\"caption-attachment-578\" style=\"width: 472px\" class=\"wp-caption alignleft\"><a href=\"http:\/\/4u.ezc.vn\/wp-content\/uploads\/FL2.flood-proned.png\"><img loading=\"lazy\" decoding=\"async\" data-attachment-id=\"578\" data-permalink=\"http:\/\/4u.ezc.vn\/?attachment_id=578\" data-orig-file=\"http:\/\/4u.ezc.vn\/wp-content\/uploads\/FL2.flood-proned.png\" data-orig-size=\"739,611\" data-comments-opened=\"1\" data-image-meta=\"{&quot;aperture&quot;:&quot;0&quot;,&quot;credit&quot;:&quot;&quot;,&quot;camera&quot;:&quot;&quot;,&quot;caption&quot;:&quot;&quot;,&quot;created_timestamp&quot;:&quot;0&quot;,&quot;copyright&quot;:&quot;&quot;,&quot;focal_length&quot;:&quot;0&quot;,&quot;iso&quot;:&quot;0&quot;,&quot;shutter_speed&quot;:&quot;0&quot;,&quot;title&quot;:&quot;&quot;}\" data-image-title=\"FL2.flood-proned\" data-image-description=\"&lt;p&gt;M\u1eb7t b\u1eb1ng t\u1ea7ng 2&lt;\/p&gt;\n\" data-image-caption=\"&lt;p&gt;M\u1eb7t b\u1eb1ng t\u1ea7ng 2&lt;\/p&gt;\n\" data-medium-file=\"http:\/\/4u.ezc.vn\/wp-content\/uploads\/FL2.flood-proned-300x248.png\" data-large-file=\"http:\/\/4u.ezc.vn\/wp-content\/uploads\/FL2.flood-proned.png\" class=\"size-full wp-image-578\" title=\"FL2.flood-proned\" src=\"http:\/\/4u.ezc.vn\/wp-content\/uploads\/FL2.flood-proned.png\" alt=\"M\u1eb7t b\u1eb1ng t\u1ea7ng 2\" width=\"472\" height=\"386\" \/><\/a><figcaption id=\"caption-attachment-578\" class=\"wp-caption-text\">M\u1eb7t b\u1eb1ng t\u1ea7ng 2<\/figcaption><\/figure>\n<figure id=\"attachment_579\" aria-describedby=\"caption-attachment-579\" style=\"width: 471px\" class=\"wp-caption alignleft\"><a href=\"http:\/\/4u.ezc.vn\/wp-content\/uploads\/ISO.flood-proned.png\"><img loading=\"lazy\" decoding=\"async\" data-attachment-id=\"579\" data-permalink=\"http:\/\/4u.ezc.vn\/?attachment_id=579\" data-orig-file=\"http:\/\/4u.ezc.vn\/wp-content\/uploads\/ISO.flood-proned.png\" data-orig-size=\"884,610\" data-comments-opened=\"1\" data-image-meta=\"{&quot;aperture&quot;:&quot;0&quot;,&quot;credit&quot;:&quot;&quot;,&quot;camera&quot;:&quot;&quot;,&quot;caption&quot;:&quot;&quot;,&quot;created_timestamp&quot;:&quot;0&quot;,&quot;copyright&quot;:&quot;&quot;,&quot;focal_length&quot;:&quot;0&quot;,&quot;iso&quot;:&quot;0&quot;,&quot;shutter_speed&quot;:&quot;0&quot;,&quot;title&quot;:&quot;&quot;}\" data-image-title=\"ISO.flood-proned\" data-image-description=\"&lt;p&gt;To\u00e0n c\u1ea3nh&lt;\/p&gt;\n\" data-image-caption=\"&lt;p&gt;To\u00e0n c\u1ea3nh&lt;\/p&gt;\n\" data-medium-file=\"http:\/\/4u.ezc.vn\/wp-content\/uploads\/ISO.flood-proned-300x207.png\" data-large-file=\"http:\/\/4u.ezc.vn\/wp-content\/uploads\/ISO.flood-proned.png\" class=\"size-full wp-image-579\" title=\"ISO.flood-proned\" src=\"http:\/\/4u.ezc.vn\/wp-content\/uploads\/ISO.flood-proned.png\" alt=\"To\u00e0n c\u1ea3nh\" width=\"471\" height=\"341\" \/><\/a><figcaption id=\"caption-attachment-579\" class=\"wp-caption-text\">To\u00e0n c\u1ea3nh<\/figcaption><\/figure>\n<figure id=\"attachment_580\" aria-describedby=\"caption-attachment-580\" style=\"width: 470px\" class=\"wp-caption alignleft\"><a href=\"http:\/\/4u.ezc.vn\/wp-content\/uploads\/ISO.row_.flood-proned.png\"><img loading=\"lazy\" decoding=\"async\" data-attachment-id=\"580\" data-permalink=\"http:\/\/4u.ezc.vn\/?attachment_id=580\" data-orig-file=\"http:\/\/4u.ezc.vn\/wp-content\/uploads\/ISO.row_.flood-proned.png\" data-orig-size=\"1171,632\" data-comments-opened=\"1\" data-image-meta=\"{&quot;aperture&quot;:&quot;0&quot;,&quot;credit&quot;:&quot;&quot;,&quot;camera&quot;:&quot;&quot;,&quot;caption&quot;:&quot;&quot;,&quot;created_timestamp&quot;:&quot;0&quot;,&quot;copyright&quot;:&quot;&quot;,&quot;focal_length&quot;:&quot;0&quot;,&quot;iso&quot;:&quot;0&quot;,&quot;shutter_speed&quot;:&quot;0&quot;,&quot;title&quot;:&quot;&quot;}\" data-image-title=\"ISO.row.flood-proned\" data-image-description=\"&lt;p&gt;To\u00e0n c\u1ea3nh nh\u00e0 x\u00e2y theo d\u00e3y&lt;\/p&gt;\n\" data-image-caption=\"&lt;p&gt;To\u00e0n c\u1ea3nh nh\u00e0 x\u00e2y theo d\u00e3y&lt;\/p&gt;\n\" data-medium-file=\"http:\/\/4u.ezc.vn\/wp-content\/uploads\/ISO.row_.flood-proned-300x161.png\" data-large-file=\"http:\/\/4u.ezc.vn\/wp-content\/uploads\/ISO.row_.flood-proned-1024x552.png\" class=\"size-full wp-image-580\" title=\"ISO.row.flood-proned\" src=\"http:\/\/4u.ezc.vn\/wp-content\/uploads\/ISO.row_.flood-proned.png\" alt=\"To\u00e0n c\u1ea3nh nh\u00e0 x\u00e2y theo d\u00e3y\" width=\"470\" height=\"256\" \/><\/a><figcaption id=\"caption-attachment-580\" class=\"wp-caption-text\">To\u00e0n c\u1ea3nh nh\u00e0 x\u00e2y theo d\u00e3y<\/figcaption><\/figure>\n<figure id=\"attachment_581\" aria-describedby=\"caption-attachment-581\" style=\"width: 471px\" class=\"wp-caption alignleft\"><a href=\"http:\/\/4u.ezc.vn\/wp-content\/uploads\/SS2.flood-proned.png\"><img loading=\"lazy\" decoding=\"async\" data-attachment-id=\"581\" data-permalink=\"http:\/\/4u.ezc.vn\/?attachment_id=581\" data-orig-file=\"http:\/\/4u.ezc.vn\/wp-content\/uploads\/SS2.flood-proned.png\" data-orig-size=\"833,632\" data-comments-opened=\"1\" data-image-meta=\"{&quot;aperture&quot;:&quot;0&quot;,&quot;credit&quot;:&quot;&quot;,&quot;camera&quot;:&quot;&quot;,&quot;caption&quot;:&quot;&quot;,&quot;created_timestamp&quot;:&quot;0&quot;,&quot;copyright&quot;:&quot;&quot;,&quot;focal_length&quot;:&quot;0&quot;,&quot;iso&quot;:&quot;0&quot;,&quot;shutter_speed&quot;:&quot;0&quot;,&quot;title&quot;:&quot;&quot;}\" data-image-title=\"SS2.flood-proned\" data-image-description=\"&lt;p&gt;M\u1eb7t c\u1eaft qua ph\u00f2ng kh\u00e1ch&lt;\/p&gt;\n\" data-image-caption=\"&lt;p&gt;M\u1eb7t c\u1eaft qua ph\u00f2ng kh\u00e1ch&lt;\/p&gt;\n\" data-medium-file=\"http:\/\/4u.ezc.vn\/wp-content\/uploads\/SS2.flood-proned-300x227.png\" data-large-file=\"http:\/\/4u.ezc.vn\/wp-content\/uploads\/SS2.flood-proned.png\" class=\"size-full wp-image-581\" title=\"SS2.flood-proned\" src=\"http:\/\/4u.ezc.vn\/wp-content\/uploads\/SS2.flood-proned.png\" alt=\"M\u1eb7t c\u1eaft qua ph\u00f2ng kh\u00e1ch\" width=\"471\" height=\"340\" \/><\/a><figcaption id=\"caption-attachment-581\" class=\"wp-caption-text\">M\u1eb7t c\u1eaft qua ph\u00f2ng kh\u00e1ch<\/figcaption><\/figure>\n<figure id=\"attachment_582\" aria-describedby=\"caption-attachment-582\" style=\"width: 471px\" class=\"wp-caption alignleft\"><a href=\"http:\/\/4u.ezc.vn\/wp-content\/uploads\/SS1.flood-proned.png\"><img loading=\"lazy\" decoding=\"async\" data-attachment-id=\"582\" data-permalink=\"http:\/\/4u.ezc.vn\/?attachment_id=582\" data-orig-file=\"http:\/\/4u.ezc.vn\/wp-content\/uploads\/SS1.flood-proned.png\" data-orig-size=\"920,632\" data-comments-opened=\"1\" data-image-meta=\"{&quot;aperture&quot;:&quot;0&quot;,&quot;credit&quot;:&quot;&quot;,&quot;camera&quot;:&quot;&quot;,&quot;caption&quot;:&quot;&quot;,&quot;created_timestamp&quot;:&quot;0&quot;,&quot;copyright&quot;:&quot;&quot;,&quot;focal_length&quot;:&quot;0&quot;,&quot;iso&quot;:&quot;0&quot;,&quot;shutter_speed&quot;:&quot;0&quot;,&quot;title&quot;:&quot;&quot;}\" data-image-title=\"SS1.flood-proned\" data-image-description=\"&lt;p&gt;M\u1eb7t c\u1eaft qua ph\u00f2ng ng\u1ee7&lt;\/p&gt;\n\" data-image-caption=\"&lt;p&gt;M\u1eb7t c\u1eaft qua ph\u00f2ng ng\u1ee7&lt;\/p&gt;\n\" data-medium-file=\"http:\/\/4u.ezc.vn\/wp-content\/uploads\/SS1.flood-proned-300x206.png\" data-large-file=\"http:\/\/4u.ezc.vn\/wp-content\/uploads\/SS1.flood-proned.png\" class=\"size-full wp-image-582\" title=\"SS1.flood-proned\" src=\"http:\/\/4u.ezc.vn\/wp-content\/uploads\/SS1.flood-proned.png\" alt=\"M\u1eb7t c\u1eaft qua ph\u00f2ng ng\u1ee7\" width=\"471\" height=\"340\" \/><\/a><figcaption id=\"caption-attachment-582\" class=\"wp-caption-text\">M\u1eb7t c\u1eaft qua ph\u00f2ng ng\u1ee7<\/figcaption><\/figure>\n<figure id=\"attachment_583\" aria-describedby=\"caption-attachment-583\" style=\"width: 470px\" class=\"wp-caption alignleft\"><a href=\"http:\/\/4u.ezc.vn\/wp-content\/uploads\/PER1.flood-proned.png\"><img loading=\"lazy\" decoding=\"async\" data-attachment-id=\"583\" data-permalink=\"http:\/\/4u.ezc.vn\/?attachment_id=583\" data-orig-file=\"http:\/\/4u.ezc.vn\/wp-content\/uploads\/PER1.flood-proned.png\" data-orig-size=\"1124,557\" data-comments-opened=\"1\" data-image-meta=\"{&quot;aperture&quot;:&quot;0&quot;,&quot;credit&quot;:&quot;&quot;,&quot;camera&quot;:&quot;&quot;,&quot;caption&quot;:&quot;&quot;,&quot;created_timestamp&quot;:&quot;0&quot;,&quot;copyright&quot;:&quot;&quot;,&quot;focal_length&quot;:&quot;0&quot;,&quot;iso&quot;:&quot;0&quot;,&quot;shutter_speed&quot;:&quot;0&quot;,&quot;title&quot;:&quot;&quot;}\" data-image-title=\"PER1.flood-proned\" data-image-description=\"&lt;p&gt;Ph\u1ed1i c\u1ea3nh m\u1eb7t tr\u01b0\u1edbc&lt;\/p&gt;\n\" data-image-caption=\"&lt;p&gt;Ph\u1ed1i c\u1ea3nh m\u1eb7t tr\u01b0\u1edbc&lt;\/p&gt;\n\" data-medium-file=\"http:\/\/4u.ezc.vn\/wp-content\/uploads\/PER1.flood-proned-300x148.png\" data-large-file=\"http:\/\/4u.ezc.vn\/wp-content\/uploads\/PER1.flood-proned-1024x507.png\" class=\"size-full wp-image-583\" title=\"PER1.flood-proned\" src=\"http:\/\/4u.ezc.vn\/wp-content\/uploads\/PER1.flood-proned.png\" alt=\"Ph\u1ed1i c\u1ea3nh m\u1eb7t tr\u01b0\u1edbc\" width=\"470\" height=\"242\" \/><\/a><figcaption id=\"caption-attachment-583\" class=\"wp-caption-text\">Ph\u1ed1i c\u1ea3nh m\u1eb7t tr\u01b0\u1edbc<\/figcaption><\/figure>\n<figure id=\"attachment_584\" aria-describedby=\"caption-attachment-584\" style=\"width: 472px\" class=\"wp-caption alignleft\"><a href=\"http:\/\/4u.ezc.vn\/wp-content\/uploads\/PER2.flood-proned.png\"><img loading=\"lazy\" decoding=\"async\" data-attachment-id=\"584\" data-permalink=\"http:\/\/4u.ezc.vn\/?attachment_id=584\" data-orig-file=\"http:\/\/4u.ezc.vn\/wp-content\/uploads\/PER2.flood-proned.png\" data-orig-size=\"927,632\" data-comments-opened=\"1\" data-image-meta=\"{&quot;aperture&quot;:&quot;0&quot;,&quot;credit&quot;:&quot;&quot;,&quot;camera&quot;:&quot;&quot;,&quot;caption&quot;:&quot;&quot;,&quot;created_timestamp&quot;:&quot;0&quot;,&quot;copyright&quot;:&quot;&quot;,&quot;focal_length&quot;:&quot;0&quot;,&quot;iso&quot;:&quot;0&quot;,&quot;shutter_speed&quot;:&quot;0&quot;,&quot;title&quot;:&quot;&quot;}\" data-image-title=\"PER2.flood-proned\" data-image-description=\"&lt;p&gt;Ph\u1ed1i c\u1ea3nh m\u1eb7t sau (s\u00f4ng n\u01b0\u1edbc)&lt;\/p&gt;\n\" data-image-caption=\"&lt;p&gt;Ph\u1ed1i c\u1ea3nh m\u1eb7t sau (s\u00f4ng n\u01b0\u1edbc)&lt;\/p&gt;\n\" data-medium-file=\"http:\/\/4u.ezc.vn\/wp-content\/uploads\/PER2.flood-proned-300x204.png\" data-large-file=\"http:\/\/4u.ezc.vn\/wp-content\/uploads\/PER2.flood-proned.png\" class=\"size-full wp-image-584\" title=\"PER2.flood-proned\" src=\"http:\/\/4u.ezc.vn\/wp-content\/uploads\/PER2.flood-proned.png\" alt=\"Ph\u1ed1i c\u1ea3nh m\u1eb7t sau (s\u00f4ng n\u01b0\u1edbc)\" width=\"472\" height=\"341\" \/><\/a><figcaption id=\"caption-attachment-584\" class=\"wp-caption-text\">Ph\u1ed1i c\u1ea3nh m\u1eb7t sau (s\u00f4ng n\u01b0\u1edbc)<\/figcaption><\/figure>\n<figure id=\"attachment_585\" aria-describedby=\"caption-attachment-585\" style=\"width: 468px\" class=\"wp-caption alignleft\"><a href=\"http:\/\/4u.ezc.vn\/wp-content\/uploads\/ELEV.flood-proned.png\"><img loading=\"lazy\" decoding=\"async\" data-attachment-id=\"585\" data-permalink=\"http:\/\/4u.ezc.vn\/?attachment_id=585\" data-orig-file=\"http:\/\/4u.ezc.vn\/wp-content\/uploads\/ELEV.flood-proned.png\" data-orig-size=\"1177,632\" data-comments-opened=\"1\" data-image-meta=\"{&quot;aperture&quot;:&quot;0&quot;,&quot;credit&quot;:&quot;&quot;,&quot;camera&quot;:&quot;&quot;,&quot;caption&quot;:&quot;&quot;,&quot;created_timestamp&quot;:&quot;0&quot;,&quot;copyright&quot;:&quot;&quot;,&quot;focal_length&quot;:&quot;0&quot;,&quot;iso&quot;:&quot;0&quot;,&quot;shutter_speed&quot;:&quot;0&quot;,&quot;title&quot;:&quot;&quot;}\" data-image-title=\"ELEV.flood-proned\" data-image-description=\"&lt;p&gt;M\u1eb7t \u0111\u1ee9ng tr\u01b0\u1edbc nh\u00e0&lt;\/p&gt;\n\" data-image-caption=\"&lt;p&gt;M\u1eb7t \u0111\u1ee9ng tr\u01b0\u1edbc nh\u00e0&lt;\/p&gt;\n\" data-medium-file=\"http:\/\/4u.ezc.vn\/wp-content\/uploads\/ELEV.flood-proned-300x161.png\" data-large-file=\"http:\/\/4u.ezc.vn\/wp-content\/uploads\/ELEV.flood-proned-1024x549.png\" class=\"size-full wp-image-585\" title=\"ELEV.flood-proned\" src=\"http:\/\/4u.ezc.vn\/wp-content\/uploads\/ELEV.flood-proned.png\" alt=\"M\u1eb7t \u0111\u1ee9ng tr\u01b0\u1edbc nh\u00e0\" width=\"468\" height=\"268\" \/><\/a><figcaption id=\"caption-attachment-585\" class=\"wp-caption-text\">M\u1eb7t \u0111\u1ee9ng tr\u01b0\u1edbc nh\u00e0<\/figcaption><\/figure>\n<p><object classid=\"clsid:d27cdb6e-ae6d-11cf-96b8-444553540000\" width=\"425\" height=\"344\" codebase=\"http:\/\/download.macromedia.com\/pub\/shockwave\/cabs\/flash\/swflash.cab#version=6,0,40,0\"><param name=\"allowFullScreen\" value=\"true\" \/><param name=\"allowscriptaccess\" value=\"always\" \/><param name=\"src\" value=\"http:\/\/www.youtube.com\/v\/RcHimUbmyds&amp;hl=en&amp;fs=1\" \/><param name=\"allowfullscreen\" value=\"true\" \/><\/object><\/p>\n<p>Quay v\u1ec1 <a href=\" http:\/\/4u.ezc.vn\/?page_id=190\">trang ch\u00ednh<\/a><\/p>\n<!-- AddThis Advanced Settings generic via filter on the_content --><!-- AddThis Share Buttons generic via filter on the_content -->","protected":false},"excerpt":{"rendered":"<p>Nh\u00e0 thi\u1ebft k\u1ebf cho v\u00f9ng \u0110BSCL, cho nh\u1eefng n\u01a1i ph\u1ea3i ch\u1ecbu l\u0169 l\u1ee5t k\u00e9o d\u00e0i nhi\u1ec1u ng\u00e0y (th\u00e1ng). Gi\u1ea3i ph\u00e1p \u0111\u1ec3 s\u1ed1ng chung v\u1edbi l\u0169 c\u1ee7a thi\u1ebft k\u1ebf n\u00e0y l\u00e0 nh\u00e0 x\u00e2y tr\u00ean c\u1ecdc. Trong sinh ho\u1ea1t h\u00e0ng ng\u00e0y, n\u00f3 &hellip;<\/p>\n<p class=\"read-more\"> <a class=\"more-link\" href=\"http:\/\/4u.ezc.vn\/?page_id=576\"> <span class=\"screen-reader-text\">Nh\u00e0 v\u00f9ng l\u0169 m\u1eb7t b\u1eb1ng 6,6m x 9,6m<\/span> Read More &raquo;<\/a><\/p>\n<p><!-- AddThis Advanced Settings generic via filter on get_the_excerpt --><!-- AddThis Share Buttons generic via filter on get_the_excerpt --><\/p>\n","protected":false},"author":3,"featured_media":583,"parent":624,"menu_order":0,"comment_status":"open","ping_status":"open","template":"","meta":{"jetpack_post_was_ever_published":false,"footnotes":""},"jetpack_shortlink":"https:\/\/wp.me\/PYUs3-9i","jetpack_sharing_enabled":true,"_links":{"self":[{"href":"http:\/\/4u.ezc.vn\/index.php?rest_route=\/wp\/v2\/pages\/576"}],"collection":[{"href":"http:\/\/4u.ezc.vn\/index.php?rest_route=\/wp\/v2\/pages"}],"about":[{"href":"http:\/\/4u.ezc.vn\/index.php?rest_route=\/wp\/v2\/types\/page"}],"author":[{"embeddable":true,"href":"http:\/\/4u.ezc.vn\/index.php?rest_route=\/wp\/v2\/users\/3"}],"replies":[{"embeddable":true,"href":"http:\/\/4u.ezc.vn\/index.php?rest_route=%2Fwp%2Fv2%2Fcomments&post=576"}],"version-history":[{"count":6,"href":"http:\/\/4u.ezc.vn\/index.php?rest_route=\/wp\/v2\/pages\/576\/revisions"}],"predecessor-version":[{"id":628,"href":"http:\/\/4u.ezc.vn\/index.php?rest_route=\/wp\/v2\/pages\/576\/revisions\/628"}],"up":[{"embeddable":true,"href":"http:\/\/4u.ezc.vn\/index.php?rest_route=\/wp\/v2\/pages\/624"}],"wp:featuredmedia":[{"embeddable":true,"href":"http:\/\/4u.ezc.vn\/index.php?rest_route=\/wp\/v2\/media\/583"}],"wp:attachment":[{"href":"http:\/\/4u.ezc.vn\/index.php?rest_route=%2Fwp%2Fv2%2Fmedia&parent=576"}],"curies":[{"name":"wp","href":"https:\/\/api.w.org\/{rel}","templated":true}]}}