{"id":508,"date":"2010-06-26T23:47:42","date_gmt":"2010-06-26T16:47:42","guid":{"rendered":"http:\/\/4u.ezc.vn\/?page_id=508"},"modified":"2010-06-30T00:44:49","modified_gmt":"2010-06-29T17:44:49","slug":"c%e1%ba%a7u-thang-v%e1%bb%87-sinh","status":"publish","type":"page","link":"http:\/\/4u.ezc.vn\/?page_id=508","title":{"rendered":"C\u1ea7u thang, v\u1ec7 sinh"},"content":{"rendered":"<p style=\"text-align: justify;\">Thi\u1ebft k\u1ebf c\u1ea7u thang c\u1ea7n \u0111\u1ea1t m\u1ed9t s\u1ed1 ti\u00eau chu\u1ea9n, ti\u1ec7n nghi nh\u1ea5t \u0111\u1ecbnh nh\u01b0:<\/p>\n<ul>\n<li>\n<div style=\"text-align: justify;\">M\u1eb7t b\u1eadc n\u00ean \u0111\u1ea1t t\u1ed1i thi\u1ec3u 24cm (t\u1ed1i \u0111a c\u0169ng ch\u1ec9 n\u00ean l\u00e0 28cm do li\u00ean quan \u0111\u1ebfn nh\u1ecbp b\u01b0\u1edbc ch\u00e2n), chi\u1ec1u cao b\u1eadc t\u1eeb 18cm-24cm (\u0111\u1ed9 d\u1ed1c 45 \u0111\u1ed9 n\u00ean \u0111\u01b0\u1ee3c cho l\u00e0 t\u1ed1i \u0111a \u0111\u1ec3 \u0111\u1ea3m b\u1ea3o l\u00ean c\u1ea7u thang kh\u00f4ng qu\u00e1 d\u1ed1c &#8211; Tuy nhi\u00ean thang ch\u1ec9 l\u00ean 1 t\u1ea7ng m\u00e0 di\u1ec7n t\u00edch h\u1ea1n ch\u1ebf th\u00ec c\u00f3 th\u1ec3 &#8216;ch\u1ecbu kh\u1ed5&#8217; ch\u00fat \u00edt).<\/div>\n<\/li>\n<li>\n<div style=\"text-align: justify;\">Chi\u1ec1u r\u1ed9ng m\u1ed9t v\u1ebf thang n\u00ean \u0111\u1ea1t 80-90cm \u0111\u1ec3 2 ng\u01b0\u1eddi l\u00ean xu\u1ed1ng tr\u00e1nh \u0111\u01b0\u1ee3c nhau ho\u1eb7c b\u01b0ng b\u00ea \u0111\u1ed3 \u0111\u1ea1c c\u00f2n l\u1ecdt)<\/div>\n<\/li>\n<li>\n<div style=\"text-align: justify;\">Tay v\u1ecbn, lan can c\u1ea7u thang n\u00ean l\u00e0m \u0111\u01a1n gi\u1ea3n, nh\u1eb9 nh\u00e0ng. Khuy\u1ebfn kh\u00edch d\u00f9ng chi ti\u1ebft b\u1eb1ng kim lo\u1ea1i (th\u00e9p h\u1ed9p, th\u00e9p h\u00ecnh) t\u1ea1o h\u00ecnh \u0111\u01a1n gi\u1ea3n v\u00e0 s\u01a1n m\u00e0u\u00a0\u0111\u1ec3 gi\u1ea3m nhu c\u1ea7u s\u1eed d\u1ee5ng g\u1ed7 trong c\u1ea7u thang. Nh\u00e0 c\u00f3 (ho\u1eb7c s\u1eafp c\u00f3) tr\u1ebb nh\u1ecf\u00a0n\u00ean l\u01b0u\u00a0\u00fd l\u00e0m lan\u00a0can c\u00f3\u00a0\u0111\u1ed9 nh\u1eb7t\u00a0\u0111\u1ea3m b\u1ea3o tr\u1ebb kh\u00f4ng r\u01a1i, l\u1ecdt\u00a0\u0111\u1ec3 tr\u00e1nh tai n\u1ea1n\u00a0\u0111\u00e1ng ti\u1ebfc. Ch\u00fa\u00a0\u00fd <strong>kh\u00f4ng<\/strong> l\u00e0m chi ti\u1ebft t\u1ea1o th\u00e0nh <strong>b\u1eadc thang<\/strong>\u00a0\u0111\u1ec3 tr\u1ebb c\u00f3 th\u1ec3 leo tr\u00e8o.\u00a0\u00a0<\/div>\n<\/li>\n<\/ul>\n<p style=\"text-align: justify;\">C\u1ea7u thang c\u00f3 th\u1ec3 c\u00f3 nhi\u1ec1u h\u00ecnh th\u1ee9c, v\u1eadt li\u1ec7u r\u1ea5t phong ph\u00fa:<\/p>\n<ul style=\"text-align: justify;\">\n<li>Thang b\u1ea3n d\u1ed1c BTCT, b\u1eadc x\u00e2y g\u1ea1ch, m\u1eb7t b\u1eadc \u1ed1p \u0111\u00e1 ho\u1eb7c tr\u00e1t granito m\u00e0i<\/li>\n<li>Thang b\u1eadc BTCT r\u1eddi &#8216;c\u1eafm&#8217; v\u00e0o t\u01b0\u1eddng<\/li>\n<li>Thang x\u01b0\u01a1ng th\u00e9p h\u00ecnh, m\u1eb7t b\u1eadc g\u1ed7 ho\u1eb7c BTCT ho\u1eb7c granito l\u1eafp gh\u00e9p<\/li>\n<li>N\u00ean l\u01b0u \u00fd khi \u0111i xu\u1ed1ng d\u1ec5 x\u1ea3y ra tr\u01a1n tr\u01b0\u1ee3t, c\u1ea7n l\u00e0m ch\u1ed1ng tr\u01b0\u1ee3t \u1edf m\u00e9p b\u1eadc thang b\u1eb1ng h\u1ea1t ch\u1ed1ng tr\u01b0\u1ee3t tr\u1ed9n v\u00e0o v\u1eadt li\u1ec7u l\u00e0m m\u1eb7t b\u1eadc (m\u1ed9t s\u1ed1 lo\u1ea1i g\u1ea1ch l\u00e1t chuy\u00ean d\u1ee5ng cho m\u1eb7t c\u1ea7u thang c\u00f3 chi ti\u1ebft n\u00e0y s\u1eb5n)<\/li>\n<\/ul>\n<p style=\"text-align: justify;\">Khu v\u1ec7 sinh c\u1ea7n c\u00f3 c\u00e1c v\u1eadt d\u1ee5ng, ch\u1ee9c n\u0103ng c\u01a1 b\u1ea3n:<\/p>\n<ul style=\"text-align: justify;\">\n<li>X\u00ed (n\u1ebfu d\u00f9ng ri\u00eang gia \u0111\u00ecnh c\u00f3 th\u1ec3 ch\u1ecdn x\u00ed b\u1ec7t, n\u1ebfu c\u00f2n d\u00f9ng chung v\u1edbi kh\u00e1ch n\u00ean ch\u1ecdn lo\u1ea1i x\u00ed x\u1ed5m)<\/li>\n<li>T\u1eafm (c\u00f3 \u0111i\u1ec1u ki\u1ec7n th\u00ec trang b\u1ecb b\u1ed3n t\u1eafm, \u01b0u ti\u00ean b\u1ed3n composit \u0111\u1ec3 gi\u1ea3m vi\u1ec7c s\u1ea3n xu\u1ea5t v\u1eadt li\u1ec7u nung g\u00e2y \u00f4 nhi\u1ec5m m\u00f4i tr\u01b0\u1eddng) \u00f4 t\u1eafm \u0111\u1ee9ng. G\u00f3c b\u1ed1 tr\u00ed \u0111\u1ec3 t\u1eafm n\u00ean ri\u00eang bi\u1ec7t trong ph\u00f2ng v\u1ec7 sinh, c\u00f3 ri-\u0111\u00f4 v\u1ea3i nh\u1ef1a ho\u1eb7c k\u00ednh ng\u0103n n\u01b0\u1edbc t\u1eafm l\u00e0m \u01b0\u1edbt c\u00e1c khu v\u1ef1c kh\u00e1c trong ph\u00f2ng v\u1ec7 sinh.<\/li>\n<li>C\u00e1c b\u1ed9 ph\u1eadn kh\u00e1c nh\u01b0 g\u01b0\u01a1ng, ng\u0103n \u0111\u1ec3 \u0111\u1ed3 v\u1ec7 sinh (k\u1ebft h\u1ee3p d\u01b0\u1edbi ch\u00e2n ch\u1eadu r\u1eeda tay, r\u1eeda m\u1eb7t) v\u00e0 ch\u1eadu r\u1eeda.<\/li>\n<\/ul>\n<p style=\"text-align: justify;\">Quay v\u1ec1 <a href=\"http:\/\/4u.ezc.vn\/?page_id=190\" target=\"_self\">trang ch\u00ednh<\/a><\/p>\n<!-- AddThis Advanced Settings generic via filter on the_content --><!-- AddThis Share Buttons generic via filter on the_content -->","protected":false},"excerpt":{"rendered":"<p>Thi\u1ebft k\u1ebf c\u1ea7u thang c\u1ea7n \u0111\u1ea1t m\u1ed9t s\u1ed1 ti\u00eau chu\u1ea9n, ti\u1ec7n nghi nh\u1ea5t \u0111\u1ecbnh nh\u01b0: M\u1eb7t b\u1eadc n\u00ean \u0111\u1ea1t t\u1ed1i thi\u1ec3u 24cm (t\u1ed1i \u0111a c\u0169ng ch\u1ec9 n\u00ean l\u00e0 28cm do li\u00ean quan \u0111\u1ebfn nh\u1ecbp b\u01b0\u1edbc ch\u00e2n), chi\u1ec1u cao b\u1eadc t\u1eeb &hellip;<\/p>\n<p class=\"read-more\"> <a class=\"more-link\" href=\"http:\/\/4u.ezc.vn\/?page_id=508\"> <span class=\"screen-reader-text\">C\u1ea7u thang, v\u1ec7 sinh<\/span> Read More &raquo;<\/a><\/p>\n<p><!-- AddThis Advanced Settings generic via filter on get_the_excerpt --><!-- AddThis Share Buttons generic via filter on get_the_excerpt --><\/p>\n","protected":false},"author":3,"featured_media":536,"parent":465,"menu_order":3,"comment_status":"open","ping_status":"open","template":"","meta":{"jetpack_post_was_ever_published":false,"footnotes":""},"jetpack_shortlink":"https:\/\/wp.me\/PYUs3-8c","jetpack_sharing_enabled":true,"_links":{"self":[{"href":"http:\/\/4u.ezc.vn\/index.php?rest_route=\/wp\/v2\/pages\/508"}],"collection":[{"href":"http:\/\/4u.ezc.vn\/index.php?rest_route=\/wp\/v2\/pages"}],"about":[{"href":"http:\/\/4u.ezc.vn\/index.php?rest_route=\/wp\/v2\/types\/page"}],"author":[{"embeddable":true,"href":"http:\/\/4u.ezc.vn\/index.php?rest_route=\/wp\/v2\/users\/3"}],"replies":[{"embeddable":true,"href":"http:\/\/4u.ezc.vn\/index.php?rest_route=%2Fwp%2Fv2%2Fcomments&post=508"}],"version-history":[{"count":4,"href":"http:\/\/4u.ezc.vn\/index.php?rest_route=\/wp\/v2\/pages\/508\/revisions"}],"predecessor-version":[{"id":546,"href":"http:\/\/4u.ezc.vn\/index.php?rest_route=\/wp\/v2\/pages\/508\/revisions\/546"}],"up":[{"embeddable":true,"href":"http:\/\/4u.ezc.vn\/index.php?rest_route=\/wp\/v2\/pages\/465"}],"wp:featuredmedia":[{"embeddable":true,"href":"http:\/\/4u.ezc.vn\/index.php?rest_route=\/wp\/v2\/media\/536"}],"wp:attachment":[{"href":"http:\/\/4u.ezc.vn\/index.php?rest_route=%2Fwp%2Fv2%2Fmedia&parent=508"}],"curies":[{"name":"wp","href":"https:\/\/api.w.org\/{rel}","templated":true}]}}