{"id":503,"date":"2010-06-26T23:35:07","date_gmt":"2010-06-26T16:35:07","guid":{"rendered":"http:\/\/4u.ezc.vn\/?page_id=503"},"modified":"2010-06-30T00:44:12","modified_gmt":"2010-06-29T17:44:12","slug":"phong-khach","status":"publish","type":"page","link":"http:\/\/4u.ezc.vn\/?page_id=503","title":{"rendered":"Ph\u00f2ng kh\u00e1ch"},"content":{"rendered":"<p style=\"text-align: justify;\">Ph\u00f2ng kh\u00e1ch c\u00f3 c\u00e1c v\u1eadt d\u1ee5ng c\u01a1 b\u1ea3n nh\u01b0:<\/p>\n<ul style=\"text-align: justify;\">\n<li>B\u00e0n gh\u1ebf ng\u1ed3i ti\u1ebfp kh\u00e1ch<\/li>\n<li>T\u1ee7 tr\u01b0ng b\u00e0y, \u0111\u1ef1ng \u0111\u1ed3 ti\u1ebfp kh\u00e1ch ki\u00eam \u0111\u1ec3 thi\u1ebft b\u1ecb nghe nh\u00ecn nh\u01b0 TV, \u0111\u1ea7u m\u00e1y, d\u00e0n \u00e2m thanh v.v.<\/li>\n<li>C\u00e1c v\u1eadt trang tr\u00ed theo s\u1edf th\u00edch c\u1ee7a ch\u1ee7 nh\u00e0<\/li>\n<\/ul>\n<p style=\"text-align: justify;\">Quay v\u1ec1 <a href=\"http:\/\/4u.ezc.vn\/?page_id=190\" target=\"_self\">trang ch\u00ednh<\/a><\/p>\n<!-- AddThis Advanced Settings generic via filter on the_content --><!-- AddThis Share Buttons generic via filter on the_content -->","protected":false},"excerpt":{"rendered":"<p>Ph\u00f2ng kh\u00e1ch c\u00f3 c\u00e1c v\u1eadt d\u1ee5ng c\u01a1 b\u1ea3n nh\u01b0: B\u00e0n gh\u1ebf ng\u1ed3i ti\u1ebfp kh\u00e1ch T\u1ee7 tr\u01b0ng b\u00e0y, \u0111\u1ef1ng \u0111\u1ed3 ti\u1ebfp kh\u00e1ch ki\u00eam \u0111\u1ec3 thi\u1ebft b\u1ecb nghe nh\u00ecn nh\u01b0 TV, \u0111\u1ea7u m\u00e1y, d\u00e0n \u00e2m thanh v.v. C\u00e1c v\u1eadt trang tr\u00ed theo &hellip;<\/p>\n<p class=\"read-more\"> <a class=\"more-link\" href=\"http:\/\/4u.ezc.vn\/?page_id=503\"> <span class=\"screen-reader-text\">Ph\u00f2ng kh\u00e1ch<\/span> Read More &raquo;<\/a><\/p>\n<p><!-- AddThis Advanced Settings generic via filter on get_the_excerpt --><!-- AddThis Share Buttons generic via filter on get_the_excerpt --><\/p>\n","protected":false},"author":3,"featured_media":536,"parent":465,"menu_order":2,"comment_status":"open","ping_status":"open","template":"","meta":{"jetpack_post_was_ever_published":false,"footnotes":""},"jetpack_shortlink":"https:\/\/wp.me\/PYUs3-87","jetpack_sharing_enabled":true,"_links":{"self":[{"href":"http:\/\/4u.ezc.vn\/index.php?rest_route=\/wp\/v2\/pages\/503"}],"collection":[{"href":"http:\/\/4u.ezc.vn\/index.php?rest_route=\/wp\/v2\/pages"}],"about":[{"href":"http:\/\/4u.ezc.vn\/index.php?rest_route=\/wp\/v2\/types\/page"}],"author":[{"embeddable":true,"href":"http:\/\/4u.ezc.vn\/index.php?rest_route=\/wp\/v2\/users\/3"}],"replies":[{"embeddable":true,"href":"http:\/\/4u.ezc.vn\/index.php?rest_route=%2Fwp%2Fv2%2Fcomments&post=503"}],"version-history":[{"count":4,"href":"http:\/\/4u.ezc.vn\/index.php?rest_route=\/wp\/v2\/pages\/503\/revisions"}],"predecessor-version":[{"id":545,"href":"http:\/\/4u.ezc.vn\/index.php?rest_route=\/wp\/v2\/pages\/503\/revisions\/545"}],"up":[{"embeddable":true,"href":"http:\/\/4u.ezc.vn\/index.php?rest_route=\/wp\/v2\/pages\/465"}],"wp:featuredmedia":[{"embeddable":true,"href":"http:\/\/4u.ezc.vn\/index.php?rest_route=\/wp\/v2\/media\/536"}],"wp:attachment":[{"href":"http:\/\/4u.ezc.vn\/index.php?rest_route=%2Fwp%2Fv2%2Fmedia&parent=503"}],"curies":[{"name":"wp","href":"https:\/\/api.w.org\/{rel}","templated":true}]}}