{"id":494,"date":"2010-06-26T23:23:29","date_gmt":"2010-06-26T16:23:29","guid":{"rendered":"http:\/\/4u.ezc.vn\/?page_id=494"},"modified":"2010-06-30T00:33:12","modified_gmt":"2010-06-29T17:33:12","slug":"phong-ng%e1%bb%a7","status":"publish","type":"page","link":"http:\/\/4u.ezc.vn\/?page_id=494","title":{"rendered":"Ph\u00f2ng ng\u1ee7"},"content":{"rendered":"<p style=\"text-align: justify;\">Ph\u00f2ng ng\u1ee7 c\u00f3 c\u00e1c v\u1eadt d\u1ee5ng c\u01a1 b\u1ea3n sau:<\/p>\n<ul style=\"text-align: justify;\">\n<li>Gi\u01b0\u1eddng, t\u1ee7 \u0111\u1ea7u gi\u01b0\u1eddng: c\u00f3 th\u1ec3 ch\u1ecdn mua c\u00e1c lo\u1ea1i \u0111\u00f3ng s\u1eb5n, \u01b0u ti\u00ean ch\u1ecdn mua gi\u01b0\u1eddng b\u1eb1ng g\u1ed7 c\u00f4ng nghi\u1ec7p \u0111\u1ec3 g\u00f3p ph\u1ea7n b\u1ea3o v\u1ec7 r\u1eebng.<\/li>\n<li>T\u1ee7 qu\u1ea7n \u00e1o: n\u00ean s\u1eed d\u1ee5ng t\u1ee7 \u00e2m t\u01b0\u1eddng, ti\u1ebft ki\u1ec7m \u0111\u01b0\u1ee3c 5 m\u1eb7t t\u1ee7 b\u1eb1ng t\u01b0\u1eddng, s\u00e0n v\u00e0 tr\u1ea7n, ch\u1ec9 c\u1ea7n c\u00e1nh v\u00e0 ng\u0103n b\u1eb1ng g\u1ed7 (v\u1eabn \u01b0u ti\u00ean d\u00f9ng g\u1ed7 c\u00f4ng nghi\u1ec7p), ph\u00eda d\u01b0\u1edbi th\u1ea5p l\u00e0 t\u1ee7 qu\u1ea7n \u00e1o, tr\u00ean cao \u0111\u1ebfn ch\u1ea1m tr\u1ea7n l\u00e0 t\u1ee7 \u0111\u1ec3 \u0111\u1ed3 \u00edt di chuy\u1ec3n (nh\u01b0 ch\u0103n, \u0111\u1ec7m v.v.)<\/li>\n<li>B\u00e0n l\u00e0m vi\u1ec7c (n\u1ebfu kh\u00f4ng c\u00f3 ph\u00f2ng l\u00e0m vi\u1ec7c ri\u00eang)<\/li>\n<li>B\u00e0n trang \u0111i\u1ec3m (v\u1edbi ph\u00f2ng ng\u1ee7 c\u1ee7a b\u1ed1 m\u1eb9)<\/li>\n<li>R\u00e8m c\u1eeda<\/li>\n<\/ul>\n<p style=\"text-align: justify;\">D\u01b0\u1edbi \u0111\u00e2y l\u00e0 m\u1ed9t m\u1eabu s\u1eafp \u0111\u1eb7t ph\u00f2ng ng\u1ee7 tham kh\u1ea3o:<\/p>\n<p style=\"text-align: justify;\"><strong>M\u1eb7t b\u1eb1ng:<\/strong><\/p>\n<p style=\"text-align: justify;\"><a href=\"http:\/\/4u.ezc.vn\/wp-content\/uploads\/FL-Bedrm.jpg\"><img loading=\"lazy\" decoding=\"async\" data-attachment-id=\"497\" data-permalink=\"http:\/\/4u.ezc.vn\/?attachment_id=497\" data-orig-file=\"http:\/\/4u.ezc.vn\/wp-content\/uploads\/FL-Bedrm.jpg\" data-orig-size=\"588,588\" data-comments-opened=\"1\" data-image-meta=\"{&quot;aperture&quot;:&quot;0&quot;,&quot;credit&quot;:&quot;&quot;,&quot;camera&quot;:&quot;&quot;,&quot;caption&quot;:&quot;&quot;,&quot;created_timestamp&quot;:&quot;0&quot;,&quot;copyright&quot;:&quot;&quot;,&quot;focal_length&quot;:&quot;0&quot;,&quot;iso&quot;:&quot;0&quot;,&quot;shutter_speed&quot;:&quot;0&quot;,&quot;title&quot;:&quot;&quot;}\" data-image-title=\"FL-Bedrm\" data-image-description=\"\" data-image-caption=\"\" data-medium-file=\"http:\/\/4u.ezc.vn\/wp-content\/uploads\/FL-Bedrm-300x300.jpg\" data-large-file=\"http:\/\/4u.ezc.vn\/wp-content\/uploads\/FL-Bedrm.jpg\" class=\"alignleft size-full wp-image-497\" title=\"FL-Bedrm\" src=\"http:\/\/4u.ezc.vn\/wp-content\/uploads\/FL-Bedrm.jpg\" alt=\"\" width=\"491\" height=\"478\" \/><\/a><\/p>\n<p style=\"text-align: justify;\">\u00a0<\/p>\n<p style=\"text-align: justify;\">\u00a0<\/p>\n<p style=\"text-align: justify;\">\u00a0<\/p>\n<p style=\"text-align: justify;\">\u00a0<\/p>\n<p style=\"text-align: justify;\">\u00a0<\/p>\n<p style=\"text-align: justify;\">\u00a0<\/p>\n<p style=\"text-align: justify;\">\u00a0<\/p>\n<p style=\"text-align: justify;\">\u00a0<\/p>\n<p style=\"text-align: justify;\">\u00a0<\/p>\n<p style=\"text-align: justify;\">\u00a0<\/p>\n<p style=\"text-align: justify;\">\u00a0<\/p>\n<p style=\"text-align: justify;\"><strong>M\u1eb7t c\u1eaft:<\/strong><\/p>\n<p style=\"text-align: justify;\"><a href=\"http:\/\/4u.ezc.vn\/wp-content\/uploads\/SS-Bedrm.jpg\"><img loading=\"lazy\" decoding=\"async\" data-attachment-id=\"498\" data-permalink=\"http:\/\/4u.ezc.vn\/?attachment_id=498\" data-orig-file=\"http:\/\/4u.ezc.vn\/wp-content\/uploads\/SS-Bedrm.jpg\" data-orig-size=\"726,632\" data-comments-opened=\"1\" data-image-meta=\"{&quot;aperture&quot;:&quot;0&quot;,&quot;credit&quot;:&quot;&quot;,&quot;camera&quot;:&quot;&quot;,&quot;caption&quot;:&quot;&quot;,&quot;created_timestamp&quot;:&quot;0&quot;,&quot;copyright&quot;:&quot;&quot;,&quot;focal_length&quot;:&quot;0&quot;,&quot;iso&quot;:&quot;0&quot;,&quot;shutter_speed&quot;:&quot;0&quot;,&quot;title&quot;:&quot;&quot;}\" data-image-title=\"SS-Bedrm\" data-image-description=\"\" data-image-caption=\"\" data-medium-file=\"http:\/\/4u.ezc.vn\/wp-content\/uploads\/SS-Bedrm-300x261.jpg\" data-large-file=\"http:\/\/4u.ezc.vn\/wp-content\/uploads\/SS-Bedrm.jpg\" class=\"alignleft size-full wp-image-498\" title=\"SS-Bedrm\" src=\"http:\/\/4u.ezc.vn\/wp-content\/uploads\/SS-Bedrm.jpg\" alt=\"\" width=\"489\" height=\"466\" \/><\/a><\/p>\n<p style=\"text-align: justify;\">\u00a0<\/p>\n<p style=\"text-align: justify;\">\u00a0<\/p>\n<p style=\"text-align: justify;\">\u00a0<\/p>\n<p style=\"text-align: justify;\">\u00a0<\/p>\n<p style=\"text-align: justify;\">\u00a0<\/p>\n<p style=\"text-align: justify;\">\u00a0<\/p>\n<p style=\"text-align: justify;\">\u00a0<\/p>\n<p style=\"text-align: justify;\">\u00a0<\/p>\n<p style=\"text-align: justify;\">\u00a0<\/p>\n<p style=\"text-align: justify;\">\u00a0<\/p>\n<p style=\"text-align: justify;\">\u00a0<\/p>\n<p style=\"text-align: justify;\">Quay v\u1ec1 <a href=\"http:\/\/4u.ezc.vn\/?page_id=190\" target=\"_self\">trang ch\u00ednh<\/a><\/p>\n<!-- AddThis Advanced Settings generic via filter on the_content --><!-- AddThis Share Buttons generic via filter on the_content -->","protected":false},"excerpt":{"rendered":"<p>Ph\u00f2ng ng\u1ee7 c\u00f3 c\u00e1c v\u1eadt d\u1ee5ng c\u01a1 b\u1ea3n sau: Gi\u01b0\u1eddng, t\u1ee7 \u0111\u1ea7u gi\u01b0\u1eddng: c\u00f3 th\u1ec3 ch\u1ecdn mua c\u00e1c lo\u1ea1i \u0111\u00f3ng s\u1eb5n, \u01b0u ti\u00ean ch\u1ecdn mua gi\u01b0\u1eddng b\u1eb1ng g\u1ed7 c\u00f4ng nghi\u1ec7p \u0111\u1ec3 g\u00f3p ph\u1ea7n b\u1ea3o v\u1ec7 r\u1eebng. T\u1ee7 qu\u1ea7n \u00e1o: n\u00ean &hellip;<\/p>\n<p class=\"read-more\"> <a class=\"more-link\" href=\"http:\/\/4u.ezc.vn\/?page_id=494\"> <span class=\"screen-reader-text\">Ph\u00f2ng ng\u1ee7<\/span> Read More &raquo;<\/a><\/p>\n<p><!-- AddThis Advanced Settings generic via filter on get_the_excerpt --><!-- AddThis Share Buttons generic via filter on get_the_excerpt --><\/p>\n","protected":false},"author":3,"featured_media":497,"parent":465,"menu_order":1,"comment_status":"open","ping_status":"open","template":"","meta":{"jetpack_post_was_ever_published":false,"footnotes":""},"jetpack_shortlink":"https:\/\/wp.me\/PYUs3-7Y","jetpack_sharing_enabled":true,"_links":{"self":[{"href":"http:\/\/4u.ezc.vn\/index.php?rest_route=\/wp\/v2\/pages\/494"}],"collection":[{"href":"http:\/\/4u.ezc.vn\/index.php?rest_route=\/wp\/v2\/pages"}],"about":[{"href":"http:\/\/4u.ezc.vn\/index.php?rest_route=\/wp\/v2\/types\/page"}],"author":[{"embeddable":true,"href":"http:\/\/4u.ezc.vn\/index.php?rest_route=\/wp\/v2\/users\/3"}],"replies":[{"embeddable":true,"href":"http:\/\/4u.ezc.vn\/index.php?rest_route=%2Fwp%2Fv2%2Fcomments&post=494"}],"version-history":[{"count":6,"href":"http:\/\/4u.ezc.vn\/index.php?rest_route=\/wp\/v2\/pages\/494\/revisions"}],"predecessor-version":[{"id":496,"href":"http:\/\/4u.ezc.vn\/index.php?rest_route=\/wp\/v2\/pages\/494\/revisions\/496"}],"up":[{"embeddable":true,"href":"http:\/\/4u.ezc.vn\/index.php?rest_route=\/wp\/v2\/pages\/465"}],"wp:featuredmedia":[{"embeddable":true,"href":"http:\/\/4u.ezc.vn\/index.php?rest_route=\/wp\/v2\/media\/497"}],"wp:attachment":[{"href":"http:\/\/4u.ezc.vn\/index.php?rest_route=%2Fwp%2Fv2%2Fmedia&parent=494"}],"curies":[{"name":"wp","href":"https:\/\/api.w.org\/{rel}","templated":true}]}}