{"id":476,"date":"2010-06-26T15:37:29","date_gmt":"2010-06-26T08:37:29","guid":{"rendered":"http:\/\/4u.ezc.vn\/?page_id=476"},"modified":"2010-07-07T15:49:52","modified_gmt":"2010-07-07T08:49:52","slug":"nha-66m-x-8m-ch%e1%bb%91ng-bao","status":"publish","type":"page","link":"http:\/\/4u.ezc.vn\/?page_id=476","title":{"rendered":"Nh\u00e0 6,6m x 8m ch\u1ed1ng b\u00e3o"},"content":{"rendered":"<p style=\"text-align: justify;\">Ng\u00f4i nh\u00e0 \u0111\u01b0\u1ee3c ph\u1ecfng theo c\u00e1c kinh nghi\u1ec7m ch\u1ed1ng b\u00e3o c\u1ee7a c\u0103n nh\u00e0 <strong>Katrina Cottage<\/strong> n\u1ed5i ti\u1ebfng sau c\u01a1n b\u00e3o m\u00e0 ng\u00f4i nh\u00e0 \u0111\u00f3 mang t\u00ean \u1edf n\u01b0\u1edbc M\u1ef9. C\u00e1c chuy\u00ean gia \u0111\u00e3 t\u00ednh \u0111\u1ec3 ch\u1ed1ng b\u00e3o th\u00ec nh\u00e0 c\u1ea7n c\u00f3 c\u00e1c \u0111\u1eb7c \u0111i\u1ec3m:<\/p>\n<ul>\n<li>\n<div style=\"text-align: justify;\">Chi\u1ec1u cao ch\u1ec9 n\u00ean 1 t\u1ea7ng; m\u00e1i l\u1ee3p t\u1ea7m kim lo\u1ea1i hai d\u1ed1c (c\u00f3 th\u1ec3 hi\u1ec3u l\u00e0 m\u00e1i t\u00f4n; x\u00e0 g\u1ed3 th\u00e9p) b\u1ecbt k\u00edn \u0111\u1ec3 ch\u1ed1ng gi\u00f3 th\u1ed5i t\u1ed1c m\u00e1i.<\/div>\n<\/li>\n<li>\n<div style=\"text-align: justify;\">Nh\u00e0 \u0111\u1eb7t theo chi\u1ec1u d\u1ecdc s\u1ed1ng m\u00e1i n\u00ean l\u1ed1i v\u00e0o b\u1ed1 tr\u00ed b\u00ean h\u1ed3i (c\u00f3 th\u1ec3 ch\u1ec9nh l\u1ea1i l\u1ed1i v\u00e0o n\u1ebfu m\u1ea3nh \u0111\u1ea5t kh\u00e1c \u0111i, nh\u01b0ng gi\u1eef s\u1ed1ng m\u00e1i theo chi\u1ec1u gi\u00f3 b\u00e3o hay th\u1ed5i \u1edf khu v\u1ef1c).<\/div>\n<\/li>\n<\/ul>\n<p style=\"text-align: justify;\">M\u1eb7t b\u1eb1ng c\u0103n nh\u00e0 \u0111\u00e3 \u0111\u01b0\u1ee3c \u0111i\u1ec1u ch\u1ec9nh \u0111\u1ec3 th\u00edch h\u1ee3p v\u1edbi kh\u00ed h\u1eadu nhi\u1ec7t \u0111\u1edbi c\u1ee7a Vi\u1ec7t Nam v\u1edbi c\u00e1ch b\u1ed1 tr\u00ed c\u00e1c ph\u00f2ng ng\u1ee7 ph\u00eda \u0110\u00f4ng, \u0110\u00f4ng nam c\u1ee7a nh\u00e0 c\u00f2n c\u00e1c b\u1ed9 ph\u1eadn kh\u00e1c nh\u01b0 ph\u00f2ng kh\u00e1ch, v\u1ec7 sinh, c\u1ea7u thang &amp; b\u1ebfp b\u1ed1 tr\u00ed ph\u00eda T\u00e2y, T\u00e2y nam.<\/p>\n<p style=\"text-align: justify;\">T\u1ea7ng 1 g\u1ed3m ph\u00f2ng kh\u00e1ch 3,3 x 3,9m (k\u1ec3 c\u1ea3 1 v\u1ebf thang) b\u1ebfp + \u0103n c\u00f3 di\u1ec7n t\u00edch t\u01b0\u01a1ng\u00a0 t\u1ef1 v\u00e0 hai bu\u1ed3ng ng\u1ee7 di\u1ec7n t\u00edch 3,3 x 3,9m. <strong>T\u1ea7ng 1 l\u00e0 \u0111\u1ee7 cho m\u1ed9t gia \u0111\u00ecnh m\u1ed9t th\u1ebf h\u1ec7, n\u1ebfu c\u00f3 nh\u00e0 \u0111\u00f4ng kh\u1ea9u h\u01a1n v\u00e0 c\u00f3 \u0111i\u1ec1u ki\u1ec7n kinh t\u1ebf m\u1edbi c\u1ea7n x\u00e2y d\u1ef1ng th\u00eam t\u1ea7ng 2.<\/strong><\/p>\n<p style=\"text-align: justify;\">T\u1ea7ng 2 g\u1ed3m c\u00f3 th\u00eam 2 ph\u00f2ng ng\u1ee7 n\u1eefa (ho\u1eb7c \u0111\u1ec3 1 ph\u00f2ng l\u00e0 ph\u00f2ng th\u1edd). Chi\u1ec1u cao t\u1ea7ng 2 ch\u1ed7 ch\u00e2n m\u00e1i d\u1ed1c ch\u1ec9 cao 2,7m \u0111\u1ea3m b\u1ea3o sinh ho\u1ea1t \u0111\u01b0\u1ee3c nh\u01b0ng v\u1eabn kh\u00f4ng l\u00e0m t\u0103ng chi\u1ec1u cao t\u1ed5ng th\u1ec3 c\u1ee7a ng\u00f4i nh\u00e0 l\u00ean qu\u00e1, d\u1ec5 b\u1ecb b\u00e3o ph\u00e1 h\u1ee7y.<\/p>\n<p style=\"text-align: justify;\">Nh\u00e0 v\u1eabn \u00e1p d\u1ee5ng k\u1ebft c\u1ea5u t\u01b0\u1eddng ch\u1ecbu l\u1ef1c (t\u01b0\u1eddng \u0111\u00f4i) v\u1edbi gi\u1eb1ng t\u01b0\u1eddng k\u1ebft h\u1ee3p lanh-t\u00f4, \u00f4-v\u0103ng c\u1eeda. Tr\u1ecdng l\u01b0\u1ee3ng nh\u00e0 l\u1edbn ch\u1ed1ng ch\u1ecdi v\u1edbi gi\u00f3 b\u00e3o. M\u00e1i t\u00f4n x\u00e0-g\u1ed3 th\u00e9p. C\u00e1c l\u1ed7 th\u00f4ng nhi\u1ec7t tr\u00ean m\u00e1i ph\u1ea3i\u00a0\u0111\u00f3ng ch\u1eb7t tr\u01b0\u1edbc khi b\u00e3o\u00a0\u0111\u1ec3 ch\u1ed1ng t\u1ed1c m\u00e1i. C\u1eeda\u00a0\u0111i, c\u1eeda s\u1ed5 ra ngo\u00e0i l\u00e0m pa-n\u00f4\u00a0\u0111\u1eb7c,\u00a0ch\u1ed1t \u0111\u00f3ng k\u00edn\u00a0\u0111\u01b0\u1ee3c khi tr\u1eddi b\u00e3o\u00a0\u0111\u1ec3 ng\u0103n gi\u00f3 th\u1ed5i v\u00e0o nh\u00e0 g\u00e2y\u00a0\u00e1p l\u1ef1c t\u1ed1c m\u00e1i,\u00a0\u0111\u1ed5 t\u01b0\u1eddng.<\/p>\n<p style=\"text-align: justify;\">Chi ti\u1ebft thi\u1ebft k\u1ebf:<\/p>\n<p style=\"text-align: justify;\"><strong><br \/>\n<\/strong><\/p>\n<figure id=\"attachment_518\" aria-describedby=\"caption-attachment-518\" style=\"width: 491px\" class=\"wp-caption alignleft\"><a href=\"http:\/\/4u.ezc.vn\/wp-content\/uploads\/FL1-storm.resist1.png\"><img loading=\"lazy\" decoding=\"async\" data-attachment-id=\"518\" data-permalink=\"http:\/\/4u.ezc.vn\/?attachment_id=518\" data-orig-file=\"http:\/\/4u.ezc.vn\/wp-content\/uploads\/FL1-storm.resist1.png\" data-orig-size=\"692,632\" data-comments-opened=\"1\" data-image-meta=\"{&quot;aperture&quot;:&quot;0&quot;,&quot;credit&quot;:&quot;&quot;,&quot;camera&quot;:&quot;&quot;,&quot;caption&quot;:&quot;&quot;,&quot;created_timestamp&quot;:&quot;0&quot;,&quot;copyright&quot;:&quot;&quot;,&quot;focal_length&quot;:&quot;0&quot;,&quot;iso&quot;:&quot;0&quot;,&quot;shutter_speed&quot;:&quot;0&quot;,&quot;title&quot;:&quot;&quot;}\" data-image-title=\"FL1-storm.resist\" data-image-description=\"\" data-image-caption=\"\" data-medium-file=\"http:\/\/4u.ezc.vn\/wp-content\/uploads\/FL1-storm.resist1-300x273.png\" data-large-file=\"http:\/\/4u.ezc.vn\/wp-content\/uploads\/FL1-storm.resist1.png\" class=\"size-full wp-image-518\" title=\"FL1-storm.resist\" src=\"http:\/\/4u.ezc.vn\/wp-content\/uploads\/FL1-storm.resist1.png\" alt=\"M\u1eb7t b\u1eb1ng t\u1ea7ng 1\" width=\"491\" height=\"437\" \/><\/a><figcaption id=\"caption-attachment-518\" class=\"wp-caption-text\">M\u1eb7t b\u1eb1ng t\u1ea7ng 1<\/figcaption><\/figure>\n<p style=\"text-align: justify;\"><strong> <\/strong><\/p>\n<p style=\"text-align: justify;\"><strong> <\/strong><\/p>\n<p style=\"text-align: justify;\"><strong> <\/strong><\/p>\n<p style=\"text-align: justify;\"><strong> <\/strong><\/p>\n<p style=\"text-align: justify;\"><strong> <\/strong><\/p>\n<p style=\"text-align: justify;\"><strong> <\/strong><\/p>\n<p style=\"text-align: justify;\"><strong> <\/strong><\/p>\n<p style=\"text-align: justify;\"><strong> <\/strong><\/p>\n<p style=\"text-align: justify;\"><strong> <\/strong><\/p>\n<p style=\"text-align: justify;\"><strong><br \/>\n<\/strong><\/p>\n<figure id=\"attachment_519\" aria-describedby=\"caption-attachment-519\" style=\"width: 489px\" class=\"wp-caption alignleft\"><a href=\"http:\/\/4u.ezc.vn\/wp-content\/uploads\/FL2-storm.resist1.png\"><img loading=\"lazy\" decoding=\"async\" data-attachment-id=\"519\" data-permalink=\"http:\/\/4u.ezc.vn\/?attachment_id=519\" data-orig-file=\"http:\/\/4u.ezc.vn\/wp-content\/uploads\/FL2-storm.resist1.png\" data-orig-size=\"694,632\" data-comments-opened=\"1\" data-image-meta=\"{&quot;aperture&quot;:&quot;0&quot;,&quot;credit&quot;:&quot;&quot;,&quot;camera&quot;:&quot;&quot;,&quot;caption&quot;:&quot;&quot;,&quot;created_timestamp&quot;:&quot;0&quot;,&quot;copyright&quot;:&quot;&quot;,&quot;focal_length&quot;:&quot;0&quot;,&quot;iso&quot;:&quot;0&quot;,&quot;shutter_speed&quot;:&quot;0&quot;,&quot;title&quot;:&quot;&quot;}\" data-image-title=\"FL2-storm.resist\" data-image-description=\"\" data-image-caption=\"\" data-medium-file=\"http:\/\/4u.ezc.vn\/wp-content\/uploads\/FL2-storm.resist1-300x273.png\" data-large-file=\"http:\/\/4u.ezc.vn\/wp-content\/uploads\/FL2-storm.resist1.png\" class=\"size-full wp-image-519\" title=\"FL2-storm.resist\" src=\"http:\/\/4u.ezc.vn\/wp-content\/uploads\/FL2-storm.resist1.png\" alt=\"M\u1eb7t b\u1eb1ng t\u1ea7ng 2\" width=\"489\" height=\"446\" srcset=\"http:\/\/4u.ezc.vn\/wp-content\/uploads\/FL2-storm.resist1.png 694w, http:\/\/4u.ezc.vn\/wp-content\/uploads\/FL2-storm.resist1-300x273.png 300w\" sizes=\"(max-width: 489px) 100vw, 489px\" \/><\/a><figcaption id=\"caption-attachment-519\" class=\"wp-caption-text\">M\u1eb7t b\u1eb1ng t\u1ea7ng 2<\/figcaption><\/figure>\n<p style=\"text-align: justify;\">\n<p style=\"text-align: justify;\">\n<p style=\"text-align: justify;\">\n<p style=\"text-align: justify;\">\n<p style=\"text-align: justify;\">\n<p style=\"text-align: justify;\">\n<p style=\"text-align: justify;\">\n<p style=\"text-align: justify;\">\n<p style=\"text-align: justify;\">\n<p style=\"text-align: justify;\">\n<p style=\"text-align: justify;\"><strong><br \/>\n<\/strong><\/p>\n<figure id=\"attachment_520\" aria-describedby=\"caption-attachment-520\" style=\"width: 491px\" class=\"wp-caption alignleft\"><a href=\"http:\/\/4u.ezc.vn\/wp-content\/uploads\/SS-storm.resist1.png\"><img loading=\"lazy\" decoding=\"async\" data-attachment-id=\"520\" data-permalink=\"http:\/\/4u.ezc.vn\/?attachment_id=520\" data-orig-file=\"http:\/\/4u.ezc.vn\/wp-content\/uploads\/SS-storm.resist1.png\" data-orig-size=\"881,554\" data-comments-opened=\"1\" data-image-meta=\"{&quot;aperture&quot;:&quot;0&quot;,&quot;credit&quot;:&quot;&quot;,&quot;camera&quot;:&quot;&quot;,&quot;caption&quot;:&quot;&quot;,&quot;created_timestamp&quot;:&quot;0&quot;,&quot;copyright&quot;:&quot;&quot;,&quot;focal_length&quot;:&quot;0&quot;,&quot;iso&quot;:&quot;0&quot;,&quot;shutter_speed&quot;:&quot;0&quot;,&quot;title&quot;:&quot;&quot;}\" data-image-title=\"SS-storm.resist\" data-image-description=\"\" data-image-caption=\"\" data-medium-file=\"http:\/\/4u.ezc.vn\/wp-content\/uploads\/SS-storm.resist1-300x188.png\" data-large-file=\"http:\/\/4u.ezc.vn\/wp-content\/uploads\/SS-storm.resist1.png\" class=\"size-full wp-image-520\" title=\"SS-storm.resist\" src=\"http:\/\/4u.ezc.vn\/wp-content\/uploads\/SS-storm.resist1.png\" alt=\"M\u1eb7t c\u1eaft\" width=\"491\" height=\"274\" \/><\/a><figcaption id=\"caption-attachment-520\" class=\"wp-caption-text\">M\u1eb7t c\u1eaft<\/figcaption><\/figure>\n<p style=\"text-align: justify;\">\n<p style=\"text-align: justify;\">\n<p style=\"text-align: justify;\">\n<p style=\"text-align: justify;\">\n<p style=\"text-align: justify;\">\n<p style=\"text-align: justify;\">\n<p style=\"text-align: justify;\"><strong> <\/strong><\/p>\n<p style=\"text-align: justify;\"><strong><br \/>\n<\/strong><\/p>\n<figure id=\"attachment_521\" aria-describedby=\"caption-attachment-521\" style=\"width: 491px\" class=\"wp-caption alignleft\"><a href=\"http:\/\/4u.ezc.vn\/wp-content\/uploads\/ISO-storm.resist1.png\"><img loading=\"lazy\" decoding=\"async\" data-attachment-id=\"521\" data-permalink=\"http:\/\/4u.ezc.vn\/?attachment_id=521\" data-orig-file=\"http:\/\/4u.ezc.vn\/wp-content\/uploads\/ISO-storm.resist1.png\" data-orig-size=\"706,632\" data-comments-opened=\"1\" data-image-meta=\"{&quot;aperture&quot;:&quot;0&quot;,&quot;credit&quot;:&quot;&quot;,&quot;camera&quot;:&quot;&quot;,&quot;caption&quot;:&quot;&quot;,&quot;created_timestamp&quot;:&quot;0&quot;,&quot;copyright&quot;:&quot;&quot;,&quot;focal_length&quot;:&quot;0&quot;,&quot;iso&quot;:&quot;0&quot;,&quot;shutter_speed&quot;:&quot;0&quot;,&quot;title&quot;:&quot;&quot;}\" data-image-title=\"ISO-storm.resist\" data-image-description=\"\" data-image-caption=\"\" data-medium-file=\"http:\/\/4u.ezc.vn\/wp-content\/uploads\/ISO-storm.resist1-300x268.png\" data-large-file=\"http:\/\/4u.ezc.vn\/wp-content\/uploads\/ISO-storm.resist1.png\" class=\"size-full wp-image-521\" title=\"ISO-storm.resist\" src=\"http:\/\/4u.ezc.vn\/wp-content\/uploads\/ISO-storm.resist1.png\" alt=\"T\u1ed5ng th\u1ec3 ng\u00f4i nh\u00e0\" width=\"491\" height=\"426\" \/><\/a><figcaption id=\"caption-attachment-521\" class=\"wp-caption-text\">T\u1ed5ng th\u1ec3 ng\u00f4i nh\u00e0<\/figcaption><\/figure>\n<p style=\"text-align: justify;\">\n<p style=\"text-align: justify;\">\n<p style=\"text-align: justify;\">\n<p style=\"text-align: justify;\">\n<p style=\"text-align: justify;\">\n<p style=\"text-align: justify;\">\n<p style=\"text-align: justify;\">\n<p style=\"text-align: justify;\">\n<p style=\"text-align: justify;\">\n<p style=\"text-align: justify;\"><strong><br \/>\n<\/strong><\/p>\n<figure id=\"attachment_522\" aria-describedby=\"caption-attachment-522\" style=\"width: 491px\" class=\"wp-caption alignleft\"><a href=\"http:\/\/4u.ezc.vn\/wp-content\/uploads\/Per-storm.resist1.png\"><img loading=\"lazy\" decoding=\"async\" data-attachment-id=\"522\" data-permalink=\"http:\/\/4u.ezc.vn\/?attachment_id=522\" data-orig-file=\"http:\/\/4u.ezc.vn\/wp-content\/uploads\/Per-storm.resist1.png\" data-orig-size=\"962,632\" data-comments-opened=\"1\" data-image-meta=\"{&quot;aperture&quot;:&quot;0&quot;,&quot;credit&quot;:&quot;&quot;,&quot;camera&quot;:&quot;&quot;,&quot;caption&quot;:&quot;&quot;,&quot;created_timestamp&quot;:&quot;0&quot;,&quot;copyright&quot;:&quot;&quot;,&quot;focal_length&quot;:&quot;0&quot;,&quot;iso&quot;:&quot;0&quot;,&quot;shutter_speed&quot;:&quot;0&quot;,&quot;title&quot;:&quot;&quot;}\" data-image-title=\"Per-storm.resist\" data-image-description=\"\" data-image-caption=\"\" data-medium-file=\"http:\/\/4u.ezc.vn\/wp-content\/uploads\/Per-storm.resist1-300x197.png\" data-large-file=\"http:\/\/4u.ezc.vn\/wp-content\/uploads\/Per-storm.resist1.png\" class=\"size-full wp-image-522\" title=\"Per-storm.resist\" src=\"http:\/\/4u.ezc.vn\/wp-content\/uploads\/Per-storm.resist1.png\" alt=\"Ph\u1ed1i c\u1ea3nh\" width=\"491\" height=\"331\" \/><\/a><figcaption id=\"caption-attachment-522\" class=\"wp-caption-text\">Ph\u1ed1i c\u1ea3nh<\/figcaption><\/figure>\n<p style=\"text-align: justify;\">\n<p><strong> <\/strong><\/p>\n<p><strong> <\/strong><\/p>\n<p><strong> <\/strong><\/p>\n<p><strong> <\/strong><\/p>\n<p><strong> <\/strong><\/p>\n<p><strong> <\/strong><\/p>\n<p><strong> <\/strong><\/p>\n<p><strong><br \/>\n<\/strong><\/p>\n<p><a href=\"http:\/\/4u.ezc.vn\/wp-content\/uploads\/Per-storm.resist.png\"><\/a><\/p>\n<figure id=\"attachment_523\" aria-describedby=\"caption-attachment-523\" style=\"width: 488px\" class=\"wp-caption alignleft\"><a href=\"http:\/\/4u.ezc.vn\/wp-content\/uploads\/ELEV-storm.resist1.png\"><img loading=\"lazy\" decoding=\"async\" data-attachment-id=\"523\" data-permalink=\"http:\/\/4u.ezc.vn\/?attachment_id=523\" data-orig-file=\"http:\/\/4u.ezc.vn\/wp-content\/uploads\/ELEV-storm.resist1.png\" data-orig-size=\"890,632\" data-comments-opened=\"1\" data-image-meta=\"{&quot;aperture&quot;:&quot;0&quot;,&quot;credit&quot;:&quot;&quot;,&quot;camera&quot;:&quot;&quot;,&quot;caption&quot;:&quot;&quot;,&quot;created_timestamp&quot;:&quot;0&quot;,&quot;copyright&quot;:&quot;&quot;,&quot;focal_length&quot;:&quot;0&quot;,&quot;iso&quot;:&quot;0&quot;,&quot;shutter_speed&quot;:&quot;0&quot;,&quot;title&quot;:&quot;&quot;}\" data-image-title=\"ELEV-storm.resist\" data-image-description=\"\" data-image-caption=\"\" data-medium-file=\"http:\/\/4u.ezc.vn\/wp-content\/uploads\/ELEV-storm.resist1-300x213.png\" data-large-file=\"http:\/\/4u.ezc.vn\/wp-content\/uploads\/ELEV-storm.resist1.png\" class=\"size-full wp-image-523\" title=\"ELEV-storm.resist\" src=\"http:\/\/4u.ezc.vn\/wp-content\/uploads\/ELEV-storm.resist1.png\" alt=\"M\u1eb7t \u0111\u1ee9ng h\u01b0\u1edbng Nam\" width=\"488\" height=\"310\" \/><\/a><figcaption id=\"caption-attachment-523\" class=\"wp-caption-text\">M\u1eb7t \u0111\u1ee9ng h\u01b0\u1edbng Nam<\/figcaption><\/figure>\n<p style=\"text-align: justify;\">\n<p style=\"text-align: justify;\">\n<p style=\"text-align: justify;\">\n<p style=\"text-align: justify;\">\n<p style=\"text-align: justify;\">\n<p style=\"text-align: justify;\">\n<p style=\"text-align: justify;\">\n<p style=\"text-align: justify;\">\n<p style=\"text-align: justify;\"><strong>Quan s\u00e1t to\u00e0n b\u1ed9 ng\u00f4i nh\u00e0:<\/strong><\/p>\n<p style=\"text-align: justify;\">\n<p><object classid=\"clsid:d27cdb6e-ae6d-11cf-96b8-444553540000\" width=\"425\" height=\"344\" codebase=\"http:\/\/download.macromedia.com\/pub\/shockwave\/cabs\/flash\/swflash.cab#version=6,0,40,0\"><param name=\"allowFullScreen\" value=\"true\" \/><param name=\"allowscriptaccess\" value=\"always\" \/><param name=\"src\" value=\"http:\/\/www.youtube.com\/v\/VLo2gU6WeGo&amp;hl=en&amp;fs=1\" \/><param name=\"allowfullscreen\" value=\"true\" \/><\/object><\/p>\n<p style=\"text-align: justify;\">Quay v\u1ec1 <a href=\"http:\/\/4u.ezc.vn\/?page_id=190\">trang ch\u00ednh<\/a><\/p>\n<!-- AddThis Advanced Settings generic via filter on the_content --><!-- AddThis Share Buttons generic via filter on the_content -->","protected":false},"excerpt":{"rendered":"<p>Ng\u00f4i nh\u00e0 \u0111\u01b0\u1ee3c ph\u1ecfng theo c\u00e1c kinh nghi\u1ec7m ch\u1ed1ng b\u00e3o c\u1ee7a c\u0103n nh\u00e0 Katrina Cottage n\u1ed5i ti\u1ebfng sau c\u01a1n b\u00e3o m\u00e0 ng\u00f4i nh\u00e0 \u0111\u00f3 mang t\u00ean \u1edf n\u01b0\u1edbc M\u1ef9. C\u00e1c chuy\u00ean gia \u0111\u00e3 t\u00ednh \u0111\u1ec3 ch\u1ed1ng b\u00e3o th\u00ec nh\u00e0 c\u1ea7n &hellip;<\/p>\n<p class=\"read-more\"> <a class=\"more-link\" href=\"http:\/\/4u.ezc.vn\/?page_id=476\"> <span class=\"screen-reader-text\">Nh\u00e0 6,6m x 8m ch\u1ed1ng b\u00e3o<\/span> Read More &raquo;<\/a><\/p>\n<p><!-- AddThis Advanced Settings generic via filter on get_the_excerpt --><!-- AddThis Share Buttons generic via filter on get_the_excerpt --><\/p>\n","protected":false},"author":3,"featured_media":522,"parent":624,"menu_order":0,"comment_status":"open","ping_status":"open","template":"","meta":{"jetpack_post_was_ever_published":false,"footnotes":""},"jetpack_shortlink":"https:\/\/wp.me\/PYUs3-7G","jetpack_sharing_enabled":true,"_links":{"self":[{"href":"http:\/\/4u.ezc.vn\/index.php?rest_route=\/wp\/v2\/pages\/476"}],"collection":[{"href":"http:\/\/4u.ezc.vn\/index.php?rest_route=\/wp\/v2\/pages"}],"about":[{"href":"http:\/\/4u.ezc.vn\/index.php?rest_route=\/wp\/v2\/types\/page"}],"author":[{"embeddable":true,"href":"http:\/\/4u.ezc.vn\/index.php?rest_route=\/wp\/v2\/users\/3"}],"replies":[{"embeddable":true,"href":"http:\/\/4u.ezc.vn\/index.php?rest_route=%2Fwp%2Fv2%2Fcomments&post=476"}],"version-history":[{"count":10,"href":"http:\/\/4u.ezc.vn\/index.php?rest_route=\/wp\/v2\/pages\/476\/revisions"}],"predecessor-version":[{"id":479,"href":"http:\/\/4u.ezc.vn\/index.php?rest_route=\/wp\/v2\/pages\/476\/revisions\/479"}],"up":[{"embeddable":true,"href":"http:\/\/4u.ezc.vn\/index.php?rest_route=\/wp\/v2\/pages\/624"}],"wp:featuredmedia":[{"embeddable":true,"href":"http:\/\/4u.ezc.vn\/index.php?rest_route=\/wp\/v2\/media\/522"}],"wp:attachment":[{"href":"http:\/\/4u.ezc.vn\/index.php?rest_route=%2Fwp%2Fv2%2Fmedia&parent=476"}],"curies":[{"name":"wp","href":"https:\/\/api.w.org\/{rel}","templated":true}]}}