{"id":392,"date":"2010-06-19T18:43:44","date_gmt":"2010-06-19T11:43:44","guid":{"rendered":"http:\/\/4u.ezc.vn\/?page_id=392"},"modified":"2010-07-07T15:50:12","modified_gmt":"2010-07-07T08:50:12","slug":"nha-san-8m-x8m-vung-nui-trung-du","status":"publish","type":"page","link":"http:\/\/4u.ezc.vn\/?page_id=392","title":{"rendered":"Nh\u00e0 s\u00e0n 8m x8m v\u00f9ng n\u00fai &#8211; trung du"},"content":{"rendered":"<p style=\"text-align: justify;\">Nh\u00e0 b\u1ed1 tr\u00ed tr\u00ean \u0111\u1ea5t d\u1ed1c xu\u1ed1ng, l\u1ed1i v\u00e0o nh\u00e0 g\u1ea7n \u0111\u01b0\u1eddng, c\u00e1c c\u00f4ng tr\u00ecnh ph\u1ee5 nh\u01b0 chu\u1ed3ng tr\u1ea1i ch\u0103n nu\u00f4i, b\u1ec3 ph\u1ed1t v\u00e0 h\u1ea7m bio &#8211; gas\u00a0v\u00e0 ngay c\u1ea3 khu v\u1ec7 sinh trong nh\u00e0 \u0111\u01b0\u1ee3c \u0111\u1eb7t \u1edf ph\u00eda sau \u0111\u1ec3 kh\u1ecfi \u1ea3nh h\u01b0\u1edfng \u0111\u1ebfn v\u1ec7 sinh c\u1ea3 khu.<\/p>\n<p style=\"text-align: justify;\">M\u1eb7t b\u1eb1ng x\u00e2y d\u1ef1ng nh\u00e0 h\u00ecnh vu\u00f4ng k\u00edch th\u01b0\u1edbc 7,8m x 7,8m; l\u00f5i nh\u00e0 \u0111\u01b0\u1ee3c \u0111\u1ee1 b\u1eb1ng c\u1ed9t c\u00e1ch nhau 2,7m v\u1edbi 2 b\u01b0\u1edbc c\u1ed9t m\u1ed7i chi\u1ec1u, ph\u1ea7n r\u00eca l\u00e0m vi\u1ec7c ki\u1ec3u con &#8211; s\u01a1n.<\/p>\n<p style=\"text-align: justify;\">T\u1ea7ng 1 b\u1ed1 tr\u00ed ph\u00f2ng kh\u00e1ch, b\u1ebfp + \u0103n, v\u1ec7 sinh v\u00e0 2 ph\u00f2ng ng\u1ee7 cao 3m. Ph\u00f2ng kh\u00e1ch v\u00e0 b\u1ebfp b\u1ed1 tr\u00ed h\u01b0\u1edbng t\u00e2y \u0111\u1ec3 che n\u1eafng cho hai ph\u00f2ng ng\u1ee7 h\u01b0\u1edbng \u0111\u00f4ng v\u00e0 \u0111\u00f4ng nam.<\/p>\n<p style=\"text-align: justify;\">T\u1ea7ng 2 c\u00f3 th\u00eam 2 ph\u00f2ng ng\u1ee7 cao 2,7m v\u00e0 m\u00e1i d\u1ed1c ph\u00eda tr\u00ean.<\/p>\n<p style=\"text-align: justify;\">Nh\u00e0 \u0111\u01b0\u1ee3c thi\u1ebft k\u1ebf \u0111\u1ec3 x\u00e2y b\u1eb1ng c\u1ed9t, d\u1ea7m BTCT \u0111\u1ee1 s\u00e0n nh\u00e0 ch\u00ednh, ph\u00eda tr\u00ean x\u00e2y g\u1ea1ch v\u00e0 c\u00f3 th\u1ec3 \u0111i\u1ec1u ch\u1ec9nh l\u00e0m c\u1ed9t, t\u01b0\u1eddng g\u1ea1ch k\u1ebft h\u1ee3p v\u1edbi gi\u1eb1ng t\u01b0\u1eddng \u0111\u1ec3 h\u1ea1n ch\u1ebf s\u1eed d\u1ee5ng BT v\u00e0 th\u00e9p l\u00e0 v\u1eadt li\u1ec7u c\u00f2n thi\u1ebfu do kh\u00f3 v\u1eadn chuy\u1ec3n l\u00ean v\u00f9ng cao. M\u00e1i nh\u00e0 c\u00f3 \u0111\u1ed9 d\u1ed1c l\u1edbn \u0111\u1ec3 tho\u00e1t nhanh n\u01b0\u1edbc m\u01b0a, c\u00f3 m\u1eafng thu n\u01b0\u1edbc m\u01b0a \u0111\u1ec3 s\u1eed d\u1ee5ng do vi\u1ec7c thi\u1ebfu n\u01b0\u1edbc \u0103n tr\u00ean v\u00f9ng cao.<\/p>\n<p style=\"text-align: justify;\"><strong><br \/>\n<\/strong><\/p>\n<figure id=\"attachment_393\" aria-describedby=\"caption-attachment-393\" style=\"width: 578px\" class=\"wp-caption alignleft\"><a href=\"http:\/\/4u.ezc.vn\/wp-content\/uploads\/FL1-house-on-pilars.png\"><img loading=\"lazy\" decoding=\"async\" data-attachment-id=\"393\" data-permalink=\"http:\/\/4u.ezc.vn\/?attachment_id=393\" data-orig-file=\"http:\/\/4u.ezc.vn\/wp-content\/uploads\/FL1-house-on-pilars.png\" data-orig-size=\"871,600\" data-comments-opened=\"1\" data-image-meta=\"{&quot;aperture&quot;:&quot;0&quot;,&quot;credit&quot;:&quot;&quot;,&quot;camera&quot;:&quot;&quot;,&quot;caption&quot;:&quot;&quot;,&quot;created_timestamp&quot;:&quot;0&quot;,&quot;copyright&quot;:&quot;&quot;,&quot;focal_length&quot;:&quot;0&quot;,&quot;iso&quot;:&quot;0&quot;,&quot;shutter_speed&quot;:&quot;0&quot;,&quot;title&quot;:&quot;&quot;}\" data-image-title=\"FL1-house-on-pilars\" data-image-description=\"\" data-image-caption=\"\" data-medium-file=\"http:\/\/4u.ezc.vn\/wp-content\/uploads\/FL1-house-on-pilars-300x206.png\" data-large-file=\"http:\/\/4u.ezc.vn\/wp-content\/uploads\/FL1-house-on-pilars.png\" class=\"size-full wp-image-393\" title=\"FL1-house-on-pilars\" src=\"http:\/\/4u.ezc.vn\/wp-content\/uploads\/FL1-house-on-pilars.png\" alt=\"M\u1eb7t b\u1eb1ng t\u1ea7ng 1\" width=\"578\" height=\"403\" \/><\/a><figcaption id=\"caption-attachment-393\" class=\"wp-caption-text\">M\u1eb7t b\u1eb1ng t\u1ea7ng 1<\/figcaption><\/figure>\n<p style=\"text-align: justify;\"><strong> <\/strong><\/p>\n<p style=\"text-align: justify;\"><strong> <\/strong><\/p>\n<p style=\"text-align: justify;\"><strong> <\/strong><\/p>\n<p style=\"text-align: justify;\"><strong> <\/strong><\/p>\n<p style=\"text-align: justify;\"><strong> <\/strong><\/p>\n<p style=\"text-align: justify;\"><strong> <\/strong><\/p>\n<p style=\"text-align: justify;\"><strong> <\/strong><\/p>\n<p style=\"text-align: justify;\"><strong> <\/strong><\/p>\n<p style=\"text-align: justify;\"><strong> <\/strong><\/p>\n<p style=\"text-align: justify;\"><strong><br \/>\n<\/strong><\/p>\n<figure id=\"attachment_394\" aria-describedby=\"caption-attachment-394\" style=\"width: 578px\" class=\"wp-caption alignleft\"><a href=\"http:\/\/4u.ezc.vn\/wp-content\/uploads\/FL2-house-on-pilars.png\"><img loading=\"lazy\" decoding=\"async\" data-attachment-id=\"394\" data-permalink=\"http:\/\/4u.ezc.vn\/?attachment_id=394\" data-orig-file=\"http:\/\/4u.ezc.vn\/wp-content\/uploads\/FL2-house-on-pilars.png\" data-orig-size=\"844,600\" data-comments-opened=\"1\" data-image-meta=\"{&quot;aperture&quot;:&quot;0&quot;,&quot;credit&quot;:&quot;&quot;,&quot;camera&quot;:&quot;&quot;,&quot;caption&quot;:&quot;&quot;,&quot;created_timestamp&quot;:&quot;0&quot;,&quot;copyright&quot;:&quot;&quot;,&quot;focal_length&quot;:&quot;0&quot;,&quot;iso&quot;:&quot;0&quot;,&quot;shutter_speed&quot;:&quot;0&quot;,&quot;title&quot;:&quot;&quot;}\" data-image-title=\"FL2-house-on-pilars\" data-image-description=\"\" data-image-caption=\"\" data-medium-file=\"http:\/\/4u.ezc.vn\/wp-content\/uploads\/FL2-house-on-pilars-300x213.png\" data-large-file=\"http:\/\/4u.ezc.vn\/wp-content\/uploads\/FL2-house-on-pilars.png\" class=\"size-full wp-image-394\" title=\"FL2-house-on-pilars\" src=\"http:\/\/4u.ezc.vn\/wp-content\/uploads\/FL2-house-on-pilars.png\" alt=\"M\u1eb7t b\u1eb1ng t\u1ea7ng 2\" width=\"578\" height=\"385\" \/><\/a><figcaption id=\"caption-attachment-394\" class=\"wp-caption-text\">M\u1eb7t b\u1eb1ng t\u1ea7ng 2<\/figcaption><\/figure>\n<p style=\"text-align: justify;\"><strong> <\/strong><\/p>\n<p style=\"text-align: justify;\"><strong> <\/strong><\/p>\n<p style=\"text-align: justify;\"><strong> <\/strong><\/p>\n<p style=\"text-align: justify;\"><strong> <\/strong><\/p>\n<p style=\"text-align: justify;\"><strong> <\/strong><\/p>\n<p style=\"text-align: justify;\"><strong> <\/strong><\/p>\n<p style=\"text-align: justify;\"><strong> <\/strong><\/p>\n<p style=\"text-align: justify;\"><strong> <\/strong><\/p>\n<p style=\"text-align: justify;\"><strong> <\/strong><\/p>\n<p style=\"text-align: justify;\"><strong><br \/>\n<\/strong><\/p>\n<figure style=\"width: 580px\" class=\"wp-caption alignnone\"><a href=\"http:\/\/4u.ezc.vn\/wp-content\/uploads\/secton-house-on-pilars.png\"><img loading=\"lazy\" decoding=\"async\" title=\"secton-house-on-pilars\" src=\"http:\/\/4u.ezc.vn\/wp-content\/uploads\/secton-house-on-pilars.png\" alt=\"M\u1eb7t c\u1eaft d\u1ecdc\" width=\"580\" height=\"275\" \/><\/a><figcaption class=\"wp-caption-text\">M\u1eb7t c\u1eaft d\u1ecdc<\/figcaption><\/figure>\n<p style=\"text-align: justify;\"><a href=\"http:\/\/4u.ezc.vn\/wp-content\/uploads\/iso-house-on-pilars.png\"><\/a><\/p>\n<p style=\"text-align: justify;\"><strong><br \/>\n<\/strong><\/p>\n<figure style=\"width: 584px\" class=\"wp-caption alignnone\"><a href=\"http:\/\/4u.ezc.vn\/wp-content\/uploads\/iso-house-on-pilars.png\"><img loading=\"lazy\" decoding=\"async\" title=\"iso-house-on-pilars\" src=\"http:\/\/4u.ezc.vn\/wp-content\/uploads\/iso-house-on-pilars.png\" alt=\"T\u1ed5ng th\u1ec3 ng\u00f4i nh\u00e0\" width=\"584\" height=\"348\" \/><\/a><figcaption class=\"wp-caption-text\">T\u1ed5ng th\u1ec3 ng\u00f4i nh\u00e0<\/figcaption><\/figure>\n<p style=\"text-align: justify;\"><strong>Quan s\u00e1t to\u00e0n b\u1ed9 ng\u00f4i nh\u00e0:<\/strong><br \/>\n<object classid=\"clsid:d27cdb6e-ae6d-11cf-96b8-444553540000\" width=\"425\" height=\"344\" codebase=\"http:\/\/download.macromedia.com\/pub\/shockwave\/cabs\/flash\/swflash.cab#version=6,0,40,0\"><param name=\"allowFullScreen\" value=\"true\" \/><param name=\"allowscriptaccess\" value=\"always\" \/><param name=\"src\" value=\"http:\/\/www.youtube.com\/v\/OOwuj7JvV-8&amp;hl=en&amp;fs=1\" \/><param name=\"allowfullscreen\" value=\"true\" \/><\/object><\/p>\n<p style=\"text-align: justify;\">Quay\u00a0v\u1ec1 <a href=\" http:\/\/4u.ezc.vn\/?page_id=190 \" target=\"_self\">trang ch\u00ednh<\/a><\/p>\n<p style=\"text-align: justify;\"><a href=\"http:\/\/4u.ezc.vn\/wp-content\/uploads\/iso-house-on-pilars.png\"><\/a><a href=\"http:\/\/4u.ezc.vn\/wp-content\/uploads\/secton-house-on-pilars.png\"><\/a><\/p>\n<!-- AddThis Advanced Settings generic via filter on the_content --><!-- AddThis Share Buttons generic via filter on the_content -->","protected":false},"excerpt":{"rendered":"<p>Nh\u00e0 b\u1ed1 tr\u00ed tr\u00ean \u0111\u1ea5t d\u1ed1c xu\u1ed1ng, l\u1ed1i v\u00e0o nh\u00e0 g\u1ea7n \u0111\u01b0\u1eddng, c\u00e1c c\u00f4ng tr\u00ecnh ph\u1ee5 nh\u01b0 chu\u1ed3ng tr\u1ea1i ch\u0103n nu\u00f4i, b\u1ec3 ph\u1ed1t v\u00e0 h\u1ea7m bio &#8211; gas\u00a0v\u00e0 ngay c\u1ea3 khu v\u1ec7 sinh trong nh\u00e0 \u0111\u01b0\u1ee3c \u0111\u1eb7t \u1edf ph\u00eda sau &hellip;<\/p>\n<p class=\"read-more\"> <a class=\"more-link\" href=\"http:\/\/4u.ezc.vn\/?page_id=392\"> <span class=\"screen-reader-text\">Nh\u00e0 s\u00e0n 8m x8m v\u00f9ng n\u00fai &#8211; trung du<\/span> Read More &raquo;<\/a><\/p>\n<p><!-- AddThis Advanced Settings generic via filter on get_the_excerpt --><!-- AddThis Share Buttons generic via filter on get_the_excerpt --><\/p>\n","protected":false},"author":3,"featured_media":396,"parent":624,"menu_order":0,"comment_status":"open","ping_status":"open","template":"","meta":{"jetpack_post_was_ever_published":false,"footnotes":""},"jetpack_shortlink":"https:\/\/wp.me\/PYUs3-6k","jetpack_sharing_enabled":true,"_links":{"self":[{"href":"http:\/\/4u.ezc.vn\/index.php?rest_route=\/wp\/v2\/pages\/392"}],"collection":[{"href":"http:\/\/4u.ezc.vn\/index.php?rest_route=\/wp\/v2\/pages"}],"about":[{"href":"http:\/\/4u.ezc.vn\/index.php?rest_route=\/wp\/v2\/types\/page"}],"author":[{"embeddable":true,"href":"http:\/\/4u.ezc.vn\/index.php?rest_route=\/wp\/v2\/users\/3"}],"replies":[{"embeddable":true,"href":"http:\/\/4u.ezc.vn\/index.php?rest_route=%2Fwp%2Fv2%2Fcomments&post=392"}],"version-history":[{"count":10,"href":"http:\/\/4u.ezc.vn\/index.php?rest_route=\/wp\/v2\/pages\/392\/revisions"}],"predecessor-version":[{"id":629,"href":"http:\/\/4u.ezc.vn\/index.php?rest_route=\/wp\/v2\/pages\/392\/revisions\/629"}],"up":[{"embeddable":true,"href":"http:\/\/4u.ezc.vn\/index.php?rest_route=\/wp\/v2\/pages\/624"}],"wp:featuredmedia":[{"embeddable":true,"href":"http:\/\/4u.ezc.vn\/index.php?rest_route=\/wp\/v2\/media\/396"}],"wp:attachment":[{"href":"http:\/\/4u.ezc.vn\/index.php?rest_route=%2Fwp%2Fv2%2Fmedia&parent=392"}],"curies":[{"name":"wp","href":"https:\/\/api.w.org\/{rel}","templated":true}]}}