{"id":302,"date":"2010-06-17T23:39:32","date_gmt":"2010-06-17T16:39:32","guid":{"rendered":"http:\/\/4u.ezc.vn\/?page_id=302"},"modified":"2010-07-07T15:50:23","modified_gmt":"2010-07-07T08:50:23","slug":"nha-%e1%bb%9f-ki%e1%bb%83u-mo-ph%e1%bb%8fng-nha-ba-gian-tren-d%e1%ba%a5t-15m-x-18m","status":"publish","type":"page","link":"http:\/\/4u.ezc.vn\/?page_id=302","title":{"rendered":"Nh\u00e0 \u1edf 12m x 5,4m m\u00f4 ph\u1ecfng ki\u1ec3u nh\u00e0 ba gian tr\u00ean \u0111\u1ea5t 15m x 18m"},"content":{"rendered":"<p style=\"text-align: justify;\">Nh\u00e0 ki\u1ec3u n\u00e0y \u0111\u01b0\u1ee3c thi\u1ebft k\u1ebf \u0111\u00e1p \u1ee9ng cho kh\u00ed h\u1eadu 4 m\u00f9a n\u00ean t\u01b0\u1eddng nh\u00e0 x\u00e2y d\u00e0y, h\u01b0\u1edbng T\u00e2y Nam b\u1ed1 tr\u00ed c\u00e1c b\u1ed9 ph\u1eadn nh\u01b0 c\u1ea7u thang, v\u1ec7 sinh &amp; b\u1ebfp \u0111\u1ec3 c\u00e1ch b\u1edbt n\u1eafng n\u00f3ng v\u00e0 gi\u00f3 L\u00e0o c\u1ee7a khu v\u1ef1c Trung b\u1ed9. C\u00e1c ph\u00f2ng ng\u1ee7 \u1edf ph\u00eda \u0111\u00f4ng nam, ph\u00f2ng kh\u00e1ch \u1edf ch\u00ednh gi\u1eefa hai b\u00ean c\u00f3 ph\u00f2ng ng\u1ee7 v\u00e0 b\u1ebfp ph\u1ecfng theo c\u1ea5u tr\u00fac nh\u00e0 truy\u1ec1n th\u1ed1ng. Kh\u1ea9u \u0111\u1ed9 k\u1ebft c\u1ea5u (chi\u1ec1u ng\u1eafn nh\u1ea5t \u0111\u1ec3 \u0111\u1eb7t d\u1ea7m \/ \u0111\u00e0) t\u1ed1i \u0111a l\u00e0 3,3m n\u00ean nh\u00e0 c\u00f3 th\u1ec3 x\u00e2y ki\u1ec3u t\u01b0\u1eddng ch\u1ecbu l\u1ef1c k\u1ebft h\u1ee3p v\u1edbi gi\u1eb1ng t\u01b0\u1eddng v\u00e0 m\u1ed9t s\u1ed1 v\u1ecb tr\u00ed d\u1ea7m n\u00ean ti\u1ebft ki\u1ec7m gi\u00e1 x\u00e2y d\u1ef1ng.<\/p>\n<p style=\"text-align: justify;\">Nh\u00e0 x\u00e2y tr\u00ean khu\u00a0\u0111\u1ea5t kho\u1ea3ng 15m x 18m (c\u00f3 th\u1ec3 nh\u1ecf h\u01a1n nh\u01b0ng ph\u1ea3i du di\u00a0s\u00e2n, v\u01b0\u1eddn, chu\u1ed3ng tr\u1ea1i ch\u0103n nu\u00f4i) m\u1eb7t b\u1eb1ng x\u00e2y nh\u00e0 l\u00e0 12,5m x 5,4m. Khi x\u00e2y xong nh\u00e0\u00a0g\u1ed3m 2 t\u1ea7ng. T\u1ea7ng 1 c\u00f3 ph\u00f2ng kh\u00e1ch\u00a0\u1edf ch\u00ednh gi\u1eefa r\u1ed9ng 5mx3,3m; hai\u00a0b\u00ean g\u1ed3m h\u01b0\u1edbng T\u00e2y l\u00e0 ph\u00f2ng b\u1ebfp +\u00a0\u0103n\u00a0+ c\u1ea7u thang + v\u1ec7 sinh k\u00edch th\u01b0\u1edbc 3,3m x 5,4m. L\u1ed1i v\u00e0o nh\u00e0 c\u00f3 m\u1ed9t hi\u00ean r\u1ed9ng ph\u1ecfng theo kh\u00f4ng gian truy\u1ec1n th\u1ed1ng. M\u1ed9t ph\u00f2ng t\u01b0\u01a1ng t\u1ef1\u00a0\u0111\u1ed1i x\u1ee9ng b\u00ean h\u01b0\u1edbng\u00a0\u0110\u00f4ng l\u00e0 bu\u1ed3n\u00a0ng\u1ee7. Tr\u00ean t\u1ea7ng 2 c\u00f3 2 ph\u00f2ng ng\u1ee7 x\u00e2y tr\u00ean ph\u00f2ng kh\u00e1ch v\u00e0 ph\u00f2ng ng\u1ee7 d\u01b0\u1edbi t\u1ea7ng 1.\u00a0Ph\u00eda tr\u00ean ph\u00f2ng b\u1ebfp l\u00e0 v\u1ec7 sinh v\u00e0 c\u1ea7u thang t\u1eeb t\u1ea7ng 1 l\u00ean + ch\u1ed7 s\u1eed d\u1ee5ng chung. Ph\u00f2ng ng\u1ee7 gi\u1eefa c\u00f3 ban c\u00f4ng tr\u01b0\u1edbc sau \u0111\u1ec3 h\u1ea1n ch\u1ebf n\u1eafng r\u1ecdi.<\/p>\n<p style=\"text-align: justify;\">Thi\u1ebft k\u1ebf cho ph\u00e9p vi\u1ec7c x\u00e2y nh\u00e0 c\u00f3 th\u1ec3 ph\u00e2n ra theo kh\u1ea3 n\u0103ng c\u00f3 ti\u1ec1n,\u00a0ban\u00a0\u0111\u1ea7u c\u00f3 th\u1ec3 x\u00e2y t\u1ea7ng 1 v\u1edbi m\u00f3ng ch\u1eafc ch\u1eafn\u00a0\u0111\u1ec3 khi c\u00f3 ti\u1ec1n s\u1ebd l\u00ean th\u00eam t\u1ea7ng 2.<\/p>\n<p style=\"text-align: justify;\"><strong><br \/>\n<\/strong><\/p>\n<figure id=\"attachment_303\" aria-describedby=\"caption-attachment-303\" style=\"width: 486px\" class=\"wp-caption alignleft\"><a href=\"http:\/\/4u.ezc.vn\/wp-content\/uploads\/FL1-H-shape.png\"><img loading=\"lazy\" decoding=\"async\" data-attachment-id=\"303\" data-permalink=\"http:\/\/4u.ezc.vn\/?attachment_id=303\" data-orig-file=\"http:\/\/4u.ezc.vn\/wp-content\/uploads\/FL1-H-shape.png\" data-orig-size=\"808,600\" data-comments-opened=\"1\" data-image-meta=\"{&quot;aperture&quot;:&quot;0&quot;,&quot;credit&quot;:&quot;&quot;,&quot;camera&quot;:&quot;&quot;,&quot;caption&quot;:&quot;&quot;,&quot;created_timestamp&quot;:&quot;0&quot;,&quot;copyright&quot;:&quot;&quot;,&quot;focal_length&quot;:&quot;0&quot;,&quot;iso&quot;:&quot;0&quot;,&quot;shutter_speed&quot;:&quot;0&quot;,&quot;title&quot;:&quot;&quot;}\" data-image-title=\"FL1-H-shape\" data-image-description=\"\" data-image-caption=\"\" data-medium-file=\"http:\/\/4u.ezc.vn\/wp-content\/uploads\/FL1-H-shape-300x222.png\" data-large-file=\"http:\/\/4u.ezc.vn\/wp-content\/uploads\/FL1-H-shape.png\" class=\"size-full wp-image-303\" title=\"FL1-H-shape\" src=\"http:\/\/4u.ezc.vn\/wp-content\/uploads\/FL1-H-shape.png\" alt=\"M\u1eb7t b\u1eb1ng t\u1ea7ng 1\" width=\"486\" height=\"368\" \/><\/a><figcaption id=\"caption-attachment-303\" class=\"wp-caption-text\">M\u1eb7t b\u1eb1ng t\u1ea7ng 1<\/figcaption><\/figure>\n<p style=\"text-align: justify;\"><strong> <\/strong><\/p>\n<p style=\"text-align: justify;\"><strong> <\/strong><\/p>\n<p style=\"text-align: justify;\"><strong> <\/strong><\/p>\n<p style=\"text-align: justify;\"><strong> <\/strong><\/p>\n<p style=\"text-align: justify;\"><strong> <\/strong><\/p>\n<p style=\"text-align: justify;\"><strong> <\/strong><\/p>\n<p style=\"text-align: justify;\"><strong> <\/strong><\/p>\n<p style=\"text-align: justify;\"><strong> <\/strong><\/p>\n<p style=\"text-align: justify;\"><strong><br \/>\n<\/strong><\/p>\n<figure id=\"attachment_314\" aria-describedby=\"caption-attachment-314\" style=\"width: 488px\" class=\"wp-caption alignleft\"><a href=\"http:\/\/4u.ezc.vn\/wp-content\/uploads\/FL2-H-shape1.png\"><img loading=\"lazy\" decoding=\"async\" data-attachment-id=\"314\" data-permalink=\"http:\/\/4u.ezc.vn\/?attachment_id=314\" data-orig-file=\"http:\/\/4u.ezc.vn\/wp-content\/uploads\/FL2-H-shape1.png\" data-orig-size=\"812,600\" data-comments-opened=\"1\" data-image-meta=\"{&quot;aperture&quot;:&quot;0&quot;,&quot;credit&quot;:&quot;&quot;,&quot;camera&quot;:&quot;&quot;,&quot;caption&quot;:&quot;&quot;,&quot;created_timestamp&quot;:&quot;0&quot;,&quot;copyright&quot;:&quot;&quot;,&quot;focal_length&quot;:&quot;0&quot;,&quot;iso&quot;:&quot;0&quot;,&quot;shutter_speed&quot;:&quot;0&quot;,&quot;title&quot;:&quot;&quot;}\" data-image-title=\"FL2-H-shape\" data-image-description=\"\" data-image-caption=\"\" data-medium-file=\"http:\/\/4u.ezc.vn\/wp-content\/uploads\/FL2-H-shape1-300x221.png\" data-large-file=\"http:\/\/4u.ezc.vn\/wp-content\/uploads\/FL2-H-shape1.png\" class=\"size-full wp-image-314\" title=\"FL2-H-shape\" src=\"http:\/\/4u.ezc.vn\/wp-content\/uploads\/FL2-H-shape1.png\" alt=\"M\u1eb7t b\u1eb1ng t\u1ea7ng 2\" width=\"488\" height=\"369\" \/><\/a><figcaption id=\"caption-attachment-314\" class=\"wp-caption-text\">M\u1eb7t b\u1eb1ng t\u1ea7ng 2<\/figcaption><\/figure>\n<p style=\"text-align: justify;\"><strong> <\/strong><\/p>\n<p style=\"text-align: justify;\"><strong> <\/strong><\/p>\n<p style=\"text-align: justify;\"><strong> <\/strong><\/p>\n<p style=\"text-align: justify;\"><strong> <\/strong><\/p>\n<p style=\"text-align: justify;\"><strong> <\/strong><\/p>\n<p style=\"text-align: justify;\"><strong> <\/strong><\/p>\n<p style=\"text-align: justify;\"><strong> <\/strong><\/p>\n<p style=\"text-align: justify;\"><strong> <\/strong><\/p>\n<p style=\"text-align: justify;\"><strong> <\/strong><\/p>\n<p style=\"text-align: justify;\"><strong><br \/>\n<\/strong><\/p>\n<figure id=\"attachment_306\" aria-describedby=\"caption-attachment-306\" style=\"width: 488px\" class=\"wp-caption alignleft\"><a href=\"http:\/\/4u.ezc.vn\/wp-content\/uploads\/H-shape-iso.png\"><img loading=\"lazy\" decoding=\"async\" data-attachment-id=\"306\" data-permalink=\"http:\/\/4u.ezc.vn\/?attachment_id=306\" data-orig-file=\"http:\/\/4u.ezc.vn\/wp-content\/uploads\/H-shape-iso.png\" data-orig-size=\"810,600\" data-comments-opened=\"1\" data-image-meta=\"{&quot;aperture&quot;:&quot;0&quot;,&quot;credit&quot;:&quot;&quot;,&quot;camera&quot;:&quot;&quot;,&quot;caption&quot;:&quot;&quot;,&quot;created_timestamp&quot;:&quot;0&quot;,&quot;copyright&quot;:&quot;&quot;,&quot;focal_length&quot;:&quot;0&quot;,&quot;iso&quot;:&quot;0&quot;,&quot;shutter_speed&quot;:&quot;0&quot;,&quot;title&quot;:&quot;&quot;}\" data-image-title=\"H-shape-iso\" data-image-description=\"\" data-image-caption=\"\" data-medium-file=\"http:\/\/4u.ezc.vn\/wp-content\/uploads\/H-shape-iso-300x222.png\" data-large-file=\"http:\/\/4u.ezc.vn\/wp-content\/uploads\/H-shape-iso.png\" class=\"size-full wp-image-306\" title=\"H-shape-iso\" src=\"http:\/\/4u.ezc.vn\/wp-content\/uploads\/H-shape-iso.png\" alt=\"T\u1ed5ng th\u1ec3 ng\u00f4i nh\u00e0\" width=\"488\" height=\"360\" srcset=\"http:\/\/4u.ezc.vn\/wp-content\/uploads\/H-shape-iso.png 810w, http:\/\/4u.ezc.vn\/wp-content\/uploads\/H-shape-iso-300x222.png 300w\" sizes=\"(max-width: 488px) 100vw, 488px\" \/><\/a><figcaption id=\"caption-attachment-306\" class=\"wp-caption-text\">T\u1ed5ng th\u1ec3 ng\u00f4i nh\u00e0<\/figcaption><\/figure>\n<p style=\"text-align: justify;\"><strong> <\/strong><\/p>\n<p style=\"text-align: justify;\"><strong> <\/strong><\/p>\n<p style=\"text-align: justify;\"><strong> <\/strong><\/p>\n<p style=\"text-align: justify;\"><strong> <\/strong><\/p>\n<p style=\"text-align: justify;\"><strong> <\/strong><\/p>\n<p style=\"text-align: justify;\"><strong> <\/strong><\/p>\n<p style=\"text-align: justify;\"><strong> <\/strong><\/p>\n<p style=\"text-align: justify;\"><strong> <\/strong><\/p>\n<p style=\"text-align: justify;\"><strong><br \/>\n<\/strong><\/p>\n<figure id=\"attachment_307\" aria-describedby=\"caption-attachment-307\" style=\"width: 489px\" class=\"wp-caption alignleft\"><a href=\"http:\/\/4u.ezc.vn\/wp-content\/uploads\/Elevation-H-shape.png\"><img loading=\"lazy\" decoding=\"async\" data-attachment-id=\"307\" data-permalink=\"http:\/\/4u.ezc.vn\/?attachment_id=307\" data-orig-file=\"http:\/\/4u.ezc.vn\/wp-content\/uploads\/Elevation-H-shape.png\" data-orig-size=\"904,567\" data-comments-opened=\"1\" data-image-meta=\"{&quot;aperture&quot;:&quot;0&quot;,&quot;credit&quot;:&quot;&quot;,&quot;camera&quot;:&quot;&quot;,&quot;caption&quot;:&quot;&quot;,&quot;created_timestamp&quot;:&quot;0&quot;,&quot;copyright&quot;:&quot;&quot;,&quot;focal_length&quot;:&quot;0&quot;,&quot;iso&quot;:&quot;0&quot;,&quot;shutter_speed&quot;:&quot;0&quot;,&quot;title&quot;:&quot;&quot;}\" data-image-title=\"Elevation &#8211; H-shape\" data-image-description=\"\" data-image-caption=\"\" data-medium-file=\"http:\/\/4u.ezc.vn\/wp-content\/uploads\/Elevation-H-shape-300x188.png\" data-large-file=\"http:\/\/4u.ezc.vn\/wp-content\/uploads\/Elevation-H-shape.png\" class=\"size-full wp-image-307\" title=\"Elevation - H-shape\" src=\"http:\/\/4u.ezc.vn\/wp-content\/uploads\/Elevation-H-shape.png\" alt=\"M\u1eb7t \u0111\u1ee9ng h\u01b0\u1edbng nam\" width=\"489\" height=\"258\" \/><\/a><figcaption id=\"caption-attachment-307\" class=\"wp-caption-text\">M\u1eb7t \u0111\u1ee9ng h\u01b0\u1edbng nam<\/figcaption><\/figure>\n<p style=\"text-align: justify;\"><strong> <\/strong><\/p>\n<p style=\"text-align: justify;\"><strong> <\/strong><\/p>\n<p style=\"text-align: justify;\"><strong> <\/strong><\/p>\n<p style=\"text-align: justify;\"><strong> <\/strong><\/p>\n<p style=\"text-align: justify;\"><strong> <\/strong><\/p>\n<p style=\"text-align: justify;\"><strong> <\/strong><\/p>\n<p style=\"text-align: justify;\"><strong><br \/>\n<\/strong><\/p>\n<figure id=\"attachment_315\" aria-describedby=\"caption-attachment-315\" style=\"width: 487px\" class=\"wp-caption alignleft\"><a href=\"http:\/\/4u.ezc.vn\/wp-content\/uploads\/section-H-shape1.png\"><img loading=\"lazy\" decoding=\"async\" data-attachment-id=\"315\" data-permalink=\"http:\/\/4u.ezc.vn\/?attachment_id=315\" data-orig-file=\"http:\/\/4u.ezc.vn\/wp-content\/uploads\/section-H-shape1.png\" data-orig-size=\"765,600\" data-comments-opened=\"1\" data-image-meta=\"{&quot;aperture&quot;:&quot;0&quot;,&quot;credit&quot;:&quot;&quot;,&quot;camera&quot;:&quot;&quot;,&quot;caption&quot;:&quot;&quot;,&quot;created_timestamp&quot;:&quot;0&quot;,&quot;copyright&quot;:&quot;&quot;,&quot;focal_length&quot;:&quot;0&quot;,&quot;iso&quot;:&quot;0&quot;,&quot;shutter_speed&quot;:&quot;0&quot;,&quot;title&quot;:&quot;&quot;}\" data-image-title=\"section-H-shape\" data-image-description=\"\" data-image-caption=\"\" data-medium-file=\"http:\/\/4u.ezc.vn\/wp-content\/uploads\/section-H-shape1-300x235.png\" data-large-file=\"http:\/\/4u.ezc.vn\/wp-content\/uploads\/section-H-shape1.png\" class=\"size-full wp-image-315\" title=\"section-H-shape\" src=\"http:\/\/4u.ezc.vn\/wp-content\/uploads\/section-H-shape1.png\" alt=\"M\u1eb7t c\u1eaft\" width=\"487\" height=\"389\" \/><\/a><figcaption id=\"caption-attachment-315\" class=\"wp-caption-text\">M\u1eb7t c\u1eaft<\/figcaption><\/figure>\n<p style=\"text-align: justify;\">\n<p style=\"text-align: justify;\">\n<p style=\"text-align: justify;\">\n<p style=\"text-align: justify;\">\n<p style=\"text-align: justify;\">\n<p style=\"text-align: justify;\">\n<p style=\"text-align: justify;\">\n<p style=\"text-align: justify;\">\n<p style=\"text-align: justify;\">\n<p style=\"text-align: justify;\">\n<p style=\"text-align: justify;\">\n<p style=\"text-align: justify;\">\n<p style=\"text-align: justify;\">\n<p style=\"text-align: justify;\">\n<p style=\"text-align: justify;\">\n<p style=\"text-align: justify;\">\n<p style=\"text-align: justify;\">\n<p style=\"text-align: justify;\">\n<p style=\"text-align: justify;\">\n<p style=\"text-align: justify;\">\n<p style=\"text-align: justify;\">\n<p style=\"text-align: justify;\">\n<p style=\"text-align: justify;\">\n<p style=\"text-align: justify;\">\n<p style=\"text-align: justify;\">\n<p style=\"text-align: justify;\">\n<p style=\"text-align: justify;\">\n<p style=\"text-align: justify;\">\n<p style=\"text-align: justify;\">\n<p style=\"text-align: justify;\">\n<p style=\"text-align: justify;\">\n<p style=\"text-align: justify;\">\n<p style=\"text-align: justify;\">\n<p style=\"text-align: justify;\">\n<p style=\"text-align: justify;\">\n<p style=\"text-align: justify;\">\n<p style=\"text-align: justify;\">\n<p style=\"text-align: justify;\">\n<p style=\"text-align: justify;\">\n<p style=\"text-align: justify;\">\n<p style=\"text-align: justify;\">\n<p style=\"text-align: justify;\">\n<p style=\"text-align: justify;\">\n<p style=\"text-align: justify;\">\n<p style=\"text-align: justify;\">\n<p style=\"text-align: justify;\">\n<p style=\"text-align: justify;\">\n<p style=\"text-align: justify;\">\n<p style=\"text-align: justify;\">\n<p style=\"text-align: justify;\">\n<p style=\"text-align: justify;\">\n<p style=\"text-align: justify;\">\n<p style=\"text-align: justify;\">\n<p style=\"text-align: justify;\">Quay v\u1ec1 <a href=\"http:\/\/4u.ezc.vn\/?page_id=190 \">trang ch\u00ednh<\/a><\/p>\n<!-- AddThis Advanced Settings generic via filter on the_content --><!-- AddThis Share Buttons generic via filter on the_content -->","protected":false},"excerpt":{"rendered":"<p>Nh\u00e0 ki\u1ec3u n\u00e0y \u0111\u01b0\u1ee3c thi\u1ebft k\u1ebf \u0111\u00e1p \u1ee9ng cho kh\u00ed h\u1eadu 4 m\u00f9a n\u00ean t\u01b0\u1eddng nh\u00e0 x\u00e2y d\u00e0y, h\u01b0\u1edbng T\u00e2y Nam b\u1ed1 tr\u00ed c\u00e1c b\u1ed9 ph\u1eadn nh\u01b0 c\u1ea7u thang, v\u1ec7 sinh &amp; b\u1ebfp \u0111\u1ec3 c\u00e1ch b\u1edbt n\u1eafng n\u00f3ng v\u00e0 gi\u00f3 &hellip;<\/p>\n<p class=\"read-more\"> <a class=\"more-link\" href=\"http:\/\/4u.ezc.vn\/?page_id=302\"> <span class=\"screen-reader-text\">Nh\u00e0 \u1edf 12m x 5,4m m\u00f4 ph\u1ecfng ki\u1ec3u nh\u00e0 ba gian tr\u00ean \u0111\u1ea5t 15m x 18m<\/span> Read More &raquo;<\/a><\/p>\n<p><!-- AddThis Advanced Settings generic via filter on get_the_excerpt --><!-- AddThis Share Buttons generic via filter on get_the_excerpt --><\/p>\n","protected":false},"author":3,"featured_media":306,"parent":624,"menu_order":0,"comment_status":"open","ping_status":"open","template":"","meta":{"jetpack_post_was_ever_published":false,"footnotes":""},"jetpack_shortlink":"https:\/\/wp.me\/PYUs3-4S","jetpack_sharing_enabled":true,"_links":{"self":[{"href":"http:\/\/4u.ezc.vn\/index.php?rest_route=\/wp\/v2\/pages\/302"}],"collection":[{"href":"http:\/\/4u.ezc.vn\/index.php?rest_route=\/wp\/v2\/pages"}],"about":[{"href":"http:\/\/4u.ezc.vn\/index.php?rest_route=\/wp\/v2\/types\/page"}],"author":[{"embeddable":true,"href":"http:\/\/4u.ezc.vn\/index.php?rest_route=\/wp\/v2\/users\/3"}],"replies":[{"embeddable":true,"href":"http:\/\/4u.ezc.vn\/index.php?rest_route=%2Fwp%2Fv2%2Fcomments&post=302"}],"version-history":[{"count":14,"href":"http:\/\/4u.ezc.vn\/index.php?rest_route=\/wp\/v2\/pages\/302\/revisions"}],"predecessor-version":[{"id":311,"href":"http:\/\/4u.ezc.vn\/index.php?rest_route=\/wp\/v2\/pages\/302\/revisions\/311"}],"up":[{"embeddable":true,"href":"http:\/\/4u.ezc.vn\/index.php?rest_route=\/wp\/v2\/pages\/624"}],"wp:featuredmedia":[{"embeddable":true,"href":"http:\/\/4u.ezc.vn\/index.php?rest_route=\/wp\/v2\/media\/306"}],"wp:attachment":[{"href":"http:\/\/4u.ezc.vn\/index.php?rest_route=%2Fwp%2Fv2%2Fmedia&parent=302"}],"curies":[{"name":"wp","href":"https:\/\/api.w.org\/{rel}","templated":true}]}}