{"id":230,"date":"2010-06-16T01:34:25","date_gmt":"2010-06-15T18:34:25","guid":{"rendered":"http:\/\/4u.ezc.vn\/?page_id=230"},"modified":"2010-06-30T00:59:48","modified_gmt":"2010-06-29T17:59:48","slug":"tai-li%e1%bb%87u-tham-kh%e1%ba%a3o","status":"publish","type":"page","link":"http:\/\/4u.ezc.vn\/?page_id=230","title":{"rendered":"T\u00e0i li\u1ec7u tham kh\u1ea3o"},"content":{"rendered":"<p style=\"text-align: justify;\"><strong>1. C\u00f9ng x\u00e2y t\u1ed5 \u1ea5m &#8211; C\u1ea9m nang x\u00e2y nh\u00e0:<\/strong><\/p>\n<p style=\"text-align: justify;\"><img loading=\"lazy\" decoding=\"async\" title=\"cam nang xay nha - cung xay to am\" src=\"http:\/\/www.cungxaytoam.com.vn\/web\/img\/images\/nhancamnangxaynha.jpg\" alt=\"\" width=\"217\" height=\"226\" \/><\/p>\n<p style=\"text-align: justify;\">T\u00e0i li\u1ec7u in, ph\u00e1t mi\u1ec5n ph\u00ed do cty xi-m\u0103ng Holcim th\u1ef1c hi\u1ec7n, hi\u1ec7n \u0111ang c\u00f3 c\u00e1c \u0111i\u1ec3m ph\u00e1t s\u00e1ch mi\u1ec5n ph\u00ed (t\u1ea1i hai \u0111\u1ecba \u0111i\u1ec3m l\u00e0 TP HCM v\u00e0 t\u1ec9nh \u0110\u1ed3ng Nai). T\u00f3m t\u1eaft c\u00e1c \u0111i\u1ec3m quan tr\u1ecdng:<\/p>\n<p style=\"text-align: justify;\"><a href=\"http:\/\/4u.ezc.vn\/wp-content\/uploads\/tom-tat-cam-nang-xay-nha-holcim.png\"><img loading=\"lazy\" decoding=\"async\" title=\"tom tat cam nang xay nha - holcim\" src=\"http:\/\/4u.ezc.vn\/wp-content\/uploads\/tom-tat-cam-nang-xay-nha-holcim.png\" alt=\"tom tat cam nang xay nha - holcim\" width=\"657\" height=\"753\" \/><\/a><\/p>\n<p style=\"text-align: justify;\"><strong>2. T\u00e0i li\u1ec7u v\u1ec1 l\u00e0m h\u1ea7m bio &#8211; gas:<\/strong><\/p>\n<p style=\"text-align: justify;\">2. 1. K\u1ef9 thu\u1eadt v\u00e0 kinh nghi\u1ec7m x\u00e2y d\u1ef1ng Thi\u1ebft b\u1ecb kh\u00ed sinh h\u1ecdc \u1edf Vi\u1ec7t Nam \u2013 T\u00e1c gi\u1ea3 Nguy\u1ec5n Quang Kh\u1ea3i \u0111\u00e3 tr\u00ecnh b\u00e0y c\u00e1c lo\u1ea1i thi\u1ebft b\u1ecb kh\u00ed sinh h\u1ecdc \u0111\u00e3 t\u1ed3n t\u1ea1i \u1edf Vi\u1ec7t nam v\u00e0 h\u01b0\u1edbng d\u1eabn k\u1ef9 thu\u1eadt x\u00e2y d\u1ef1ng loa\u1ecb thi\u1ebft b\u1ecb ki\u1ec3u v\u00f2m c\u1ea7u KT1, KT2, KT31, bi\u1ec7n ph\u00e1p ch\u1ed1ng th\u1ea5m kh\u00ed.<\/p>\n<p style=\"text-align: justify;\">Nh\u1ea5p v\u00e0o<a href=\"http:\/\/biogascenter.vn\/images\/tailieu\/kythuat.pdf\" target=\"_blank\"> \u0111\u00e2y <\/a>\u0111\u1ec3 xem to\u00e0n v\u0103n.<\/p>\n<p style=\"text-align: justify;\">C\u00e1c cu\u1ed1n s\u00e1ch k\u1ef9 thu\u1eadt chi ti\u1ebft h\u01a1n c\u1ee7a c\u00f9ng t\u00e1c gi\u1ea3:<\/p>\n<ul style=\"text-align: justify;\">\n<li><a href=\"http:\/\/4u.ezc.vn\/images\/SachKSH\/kt1kt2.pdf\">Thi\u1ebft b\u1ecb kh\u00ed sinh h\u1ecdc KT1 v\u00e0 KT2<\/a><\/li>\n<li><a href=\"http:\/\/4u.ezc.vn\/images\/SachKSH\/kt31.pdf\">Thi\u1ebft b\u1ecb kh\u00ed sinh h\u1ecdc KT31<\/a><\/li>\n<li><a href=\"http:\/\/4u.ezc.vn\/images\/SachKSH\/tbkshlon.pdf\">Thi\u1ebft b\u1ecb kh\u00ed sinh h\u1ecdc\u00a0quy m\u00f4\u00a0l\u1edbn<\/a><\/li>\n<li><a href=\"http:\/\/4u.ezc.vn\/images\/Hoatdong\/khaivifotec.doc\">Ngh\u1ec1 s\u1ea3n xu\u1ea5t kh\u00ed sinh h\u1ecdc<\/a><\/li>\n<\/ul>\n<p style=\"text-align: justify;\">2. 2. <a href=\"http:\/\/baigiang.violet.vn\/present\/show\/entry_id\/213307\" target=\"_blank\">Ti\u1ec3u lu\u1eadn Bio \u2013 gas<\/a><\/p>\n<p style=\"text-align: justify;\">2. 3. <a href=\"http:\/\/nlsk.blogspot.com\/2005\/02\/kinh-nghim-xy-dng-hm-biogas-vac-vi-na.html\" target=\"_blank\">Kinh nghi\u1ec7m x\u00e2y d\u1ef1ng h\u1ea7m Biogas \u2013 V.A.C Vi Na<\/a><\/p>\n<p style=\"text-align: justify;\">3. Tham kh\u1ea3o v\u1ec1 nh\u00e0 v\u00f9ng b\u00e3o &#8211; l\u0169<\/p>\n<p style=\"text-align: justify;\">3.1\u00a0<a href=\"http:\/\/www.adpc.net\/AUDMP\/library\/housinghandbook\/handbook_complete-b.pdf\" target=\"_blank\">S\u1ed5 tay thi\u1ebft k\u1ebf &#8211; x\u00e2y d\u1ef1ng nh\u00e0 \u1edf v\u00f9ng \u1ea3nh h\u01b0\u1edfng c\u1ee7a l\u0169 l\u1ee5t B\u0103ng-la-\u0111\u00e9t<\/a>: (Handbook on Design and Construction of Housing forFlood-Prone Rural Areas of Bangladesh). \u0110\u00e2y l\u00e0 cu\u1ed1n s\u1ed5 tay t\u1ed5ng h\u1ee3p c\u00e1c kinh nghi\u1ec7m thi\u1ebft k\u1ebf, \u00a0x\u00e2y nh\u00e0 cho d\u00e2n ngh\u00e8o \u1edf n\u01b0\u1edbc B\u0103ng-la-\u0111\u00e9t. C\u00e1c kinh nghi\u1ec7m, kh\u1ea3 n\u0103ng x\u00e2y d\u1ef1ng c\u1ee7a h\u1ecd d\u00e0nh cho m\u1ed9t \u0111\u1ed1i t\u01b0\u1ee3ng d\u00e2n r\u1ea5t ngh\u00e8o, l\u00e0m nh\u00e0 kh\u00e1 &#8216;t\u1ea1m b\u1ee3&#8217; v\u1edbi v\u00e1ch t\u01b0\u1eddng, m\u00e1i&#8230; b\u1eb1ng c\u00e1c v\u1eadt li\u1ec7u r\u1ea5t r\u1ebb ti\u1ec1n nh\u01b0 t\u00f4n, fi-bro xi-m\u0103ng, th\u00e9p h\u00ecnh + t\u00f4n&#8230; tre ng\u00e2m, lu\u1ed9c&#8230; Tuy v\u1eady, nh\u1eefng kinh nghi\u1ec7m kh\u00e1c th\u00ec v\u1eabn c\u00f3 th\u1ec3 h\u1ecdc h\u1ecfi. T\u00e0i li\u1ec7u b\u1eb1ng ti\u1ebfng Anh nh\u01b0ng c\u00f3 r\u1ea5t nhi\u1ec1u h\u00ecnh v\u1ebd minh h\u1ecda n\u00ean v\u1eabn c\u00f3 \u00edch v\u1edbi c\u1ea3 ng\u01b0\u1eddi \u0111\u1ecdc kh\u00f4ng bi\u1ebft ti\u1ebfng Anh.<\/p>\n<p style=\"text-align: justify;\">3.2 C\u00e1c m\u1eabu nh\u00e0 sau \u1ea3nh h\u01b0\u1edfng c\u1ee7a b\u00e3o Katrina (M\u1ef9):<\/p>\n<p style=\"text-align: justify;\">M\u1eabu nh\u00e0 tr\u00ean trang architecture.about.com\u00a0<a href=\"http:\/\/architecture.about.com\/od\/periodsstyles\/ig\/House-Styles\/Katrina-Cottage.htm\">Katrina Cottage<\/a><\/p>\n<p style=\"text-align: justify;\">Th\u00f4ng tin v\u1ec1<a href=\"http:\/\/en.wikipedia.org\/wiki\/Katrina_Cottage\" target=\"_blank\"> m\u1eabu nh\u00e0 n\u00e0y<\/a> tr\u00ean wikipedia<\/p>\n<p style=\"text-align: justify;\">Quay v\u1ec1 <a href=\" http:\/\/4u.ezc.vn\/?page_id=190\">trang ch\u00ednh<\/a><\/p>\n<!-- AddThis Advanced Settings generic via filter on the_content --><!-- AddThis Share Buttons generic via filter on the_content -->","protected":false},"excerpt":{"rendered":"<p>1. C\u00f9ng x\u00e2y t\u1ed5 \u1ea5m &#8211; C\u1ea9m nang x\u00e2y nh\u00e0: T\u00e0i li\u1ec7u in, ph\u00e1t mi\u1ec5n ph\u00ed do cty xi-m\u0103ng Holcim th\u1ef1c hi\u1ec7n, hi\u1ec7n \u0111ang c\u00f3 c\u00e1c \u0111i\u1ec3m ph\u00e1t s\u00e1ch mi\u1ec5n ph\u00ed (t\u1ea1i hai \u0111\u1ecba \u0111i\u1ec3m l\u00e0 TP HCM v\u00e0 t\u1ec9nh &hellip;<\/p>\n<p class=\"read-more\"> <a class=\"more-link\" href=\"http:\/\/4u.ezc.vn\/?page_id=230\"> <span class=\"screen-reader-text\">T\u00e0i li\u1ec7u tham kh\u1ea3o<\/span> Read More &raquo;<\/a><\/p>\n<p><!-- AddThis Advanced Settings generic via filter on get_the_excerpt --><!-- AddThis Share Buttons generic via filter on get_the_excerpt --><\/p>\n","protected":false},"author":1,"featured_media":536,"parent":0,"menu_order":7,"comment_status":"open","ping_status":"open","template":"","meta":{"jetpack_post_was_ever_published":false,"footnotes":""},"jetpack_shortlink":"https:\/\/wp.me\/PYUs3-3I","jetpack_sharing_enabled":true,"_links":{"self":[{"href":"http:\/\/4u.ezc.vn\/index.php?rest_route=\/wp\/v2\/pages\/230"}],"collection":[{"href":"http:\/\/4u.ezc.vn\/index.php?rest_route=\/wp\/v2\/pages"}],"about":[{"href":"http:\/\/4u.ezc.vn\/index.php?rest_route=\/wp\/v2\/types\/page"}],"author":[{"embeddable":true,"href":"http:\/\/4u.ezc.vn\/index.php?rest_route=\/wp\/v2\/users\/1"}],"replies":[{"embeddable":true,"href":"http:\/\/4u.ezc.vn\/index.php?rest_route=%2Fwp%2Fv2%2Fcomments&post=230"}],"version-history":[{"count":11,"href":"http:\/\/4u.ezc.vn\/index.php?rest_route=\/wp\/v2\/pages\/230\/revisions"}],"predecessor-version":[{"id":562,"href":"http:\/\/4u.ezc.vn\/index.php?rest_route=\/wp\/v2\/pages\/230\/revisions\/562"}],"wp:featuredmedia":[{"embeddable":true,"href":"http:\/\/4u.ezc.vn\/index.php?rest_route=\/wp\/v2\/media\/536"}],"wp:attachment":[{"href":"http:\/\/4u.ezc.vn\/index.php?rest_route=%2Fwp%2Fv2%2Fmedia&parent=230"}],"curies":[{"name":"wp","href":"https:\/\/api.w.org\/{rel}","templated":true}]}}