{"id":228,"date":"2010-06-16T01:33:05","date_gmt":"2010-06-15T18:33:05","guid":{"rendered":"http:\/\/4u.ezc.vn\/?page_id=228"},"modified":"2010-06-30T00:55:09","modified_gmt":"2010-06-29T17:55:09","slug":"nha-%e1%bb%9f-vung-lu-l%e1%bb%a5t","status":"publish","type":"page","link":"http:\/\/4u.ezc.vn\/?page_id=228","title":{"rendered":"Nh\u00e0 \u1edf v\u00f9ng l\u0169 l\u1ee5t"},"content":{"rendered":"<p style=\"text-align: justify;\">Nh\u00e0 \u1edf khu v\u1ef1c \u0111\u1ed3ng b\u1eb1ng s\u00f4ng C\u1eedu Long v\u1edbi m\u00f9a l\u0169 v\u00e0 \u0111\u1eb7c th\u00f9 h\u1ec7 th\u1ed1ng k\u00eanh r\u1ea1ch ch\u1eb1ng ch\u1ecbt. C\u00e1c nghi\u00ean c\u1ee9u v\u1ec1 nh\u00e0 \u1edf ch\u1ed1ng l\u1ee5t \u0111\u00e3 c\u00f3 t\u01b0\u01a1ng \u0111\u1ed1i, nh\u01b0ng \u00fd ki\u1ebfn \u0111\u00e1nh gi\u00e1 c\u00f2n r\u1ea5t kh\u00e1c nhau. \u0110\u1eb7c \u0111i\u1ec3m ch\u00ednh c\u1ee7a m\u00f9a l\u1ee5t \u1edf c\u00e1c \u0111\u1ecba ph\u01b0\u01a1ng n\u00e0y l\u00e0 n\u01b0\u1edbc ng\u1eadp k\u00e9o d\u00e0i nhi\u1ec1u ng\u00e0y, th\u1eadm ch\u00ed th\u00e1ng. C\u00e1c gi\u1ea3i ph\u00e1p v\u1ec1 \u0111\u00ea bao cho khu d\u00e2n c\u01b0 t\u1eadp trung v\u01b0\u1ee3t l\u0169 l\u00e0 kh\u00e1 t\u1ed1t, nh\u01b0ng c\u00f2n kh\u00f3 kh\u0103n do t\u1eadp qu\u00e1n s\u1ed1ng r\u1ea3i r\u00e1c c\u1ee7a ng\u01b0\u1eddi d\u00e2n.<\/p>\n<p style=\"text-align: justify;\">M\u1ed9t s\u1ed1 v\u1ea5n \u0111\u1ec1 c\u1ea7n ph\u1ea3i gi\u1ea3i quy\u1ebft:<\/p>\n<ul style=\"text-align: justify;\">\n<li>N\u01b0\u1edbc l\u1ee5t k\u00e9o d\u00e0i, nh\u00e0 c\u1eeda ng\u00e2m l\u00e2u trong n\u01b0\u1edbc s\u1ebd b\u1ecb ph\u00e1 h\u1ee7y r\u1ea5t nhanh, c\u00f3 \u00fd t\u01b0\u1edfng l\u00e0m nh\u00e0 tr\u00ean phao, c\u00f3 th\u1ec3 n\u1ed5i l\u00ean (nh\u01b0ng v\u1eabn b\u1ecb neo kh\u00f4ng cho d\u1ecbch chuy\u1ec3n ngang). C\u00e1ch n\u00e0y kh\u00e1 t\u1ed1n k\u00e9m, nh\u00e0 l\u1ea1i kh\u00f4ng c\u00f3\u00a0\u0111\u01b0\u1ee3c s\u1ef1 &#8216;c\u1ed1\u00a0\u0111\u1ecbnh&#8217; v\u1ed1n l\u00e0 m\u1ed9t\u00a0m\u01b0\u1eddng t\u01b0\u1ee3ng kh\u00e1 ph\u1ed5 bi\u1ebfn c\u1ee7a ng\u01b0\u1eddi d\u00e2n v\u1ec1 ng\u00f4i nh\u00e0. Th\u00eam n\u1eefa l\u00e0 gi\u00e1 th\u00e0nh ch\u01b0a r\u1ebb do c\u00f4ng\u00a0ngh\u1ec7 ch\u01b0a ph\u1ed5 bi\u1ebfn.<\/li>\n<li>M\u1ed9t c\u00e1ch c\u00f3 th\u1ec3 c\u1ea7n nghi\u00ean c\u1ee9u th\u00eam l\u00e0 l\u00e0m nh\u00e0 s\u00e0n tr\u00ean c\u1ecdc: x\u00e1c\u00a0\u0111\u1ecbnh\u00a0\u0111\u1ec9nh l\u0169 c\u1ee7a khu v\u1ef1c\u00a0\u0111\u1ec3 quy\u1ebft\u00a0\u0111\u1ecbnh chi\u1ec1u cao c\u1ee7a c\u1ecdc l\u00e0m nh\u00e0\u00a0s\u00e0n,\u00a0d\u01b0\u1edbi s\u00e0n nh\u00e0 ch\u1ec9\u00a0\u0111\u1ec3 c\u00e1c ch\u1ee9c n\u0103ng t\u1ea1m nh\u01b0 s\u00e2n v\u01b0\u1eddn, ch\u1ed7 ngh\u1ec9 tr\u01b0a trong m\u00f9a kh\u00f4,\u00a0\u0111\u1ebfn m\u00f9a l\u1ee5t s\u1ebd sinh ho\u1ea1t kh\u00e9p k\u00edn tr\u00ean nh\u00e0 s\u00e0n. B\u1ec3 ph\u1ed1t v\u00e0 b\u1ec3 ch\u1ee9a n\u01b0\u1edbc\u00a0\u0103n c\u1ea7n c\u00f3 dung t\u00edch\u00a0\u0111\u1ee7 d\u00f9ng qua th\u1eddi gian l\u1ee5t. N\u1ebfu nh\u00e0 s\u00e0n ph\u1ed5 bi\u1ebfn, d\u00f2ng n\u01b0\u1edbc\u00a0\u00edt b\u1ecb ng\u0103n c\u1ea3n n\u00ean kh\u1ea3 n\u0103ng tho\u00e1t l\u0169 c\u0169ng s\u1ebd\u00a0\u0111\u01b0\u1ee3c c\u1ea3i thi\u1ec7n, n\u01b0\u1edbc l\u0169 s\u1ebd r\u00fat nhanh h\u01a1n.\u00a0<\/li>\n<\/ul>\n<p style=\"text-align: justify;\">Quay\u00a0v\u1ec1 <a href=\"http:\/\/4u.ezc.vn\/?page_id=190\">trang ch\u00ednh<\/a><\/p>\n<!-- AddThis Advanced Settings generic via filter on the_content --><!-- AddThis Share Buttons generic via filter on the_content -->","protected":false},"excerpt":{"rendered":"<p>Nh\u00e0 \u1edf khu v\u1ef1c \u0111\u1ed3ng b\u1eb1ng s\u00f4ng C\u1eedu Long v\u1edbi m\u00f9a l\u0169 v\u00e0 \u0111\u1eb7c th\u00f9 h\u1ec7 th\u1ed1ng k\u00eanh r\u1ea1ch ch\u1eb1ng ch\u1ecbt. C\u00e1c nghi\u00ean c\u1ee9u v\u1ec1 nh\u00e0 \u1edf ch\u1ed1ng l\u1ee5t \u0111\u00e3 c\u00f3 t\u01b0\u01a1ng \u0111\u1ed1i, nh\u01b0ng \u00fd ki\u1ebfn \u0111\u00e1nh gi\u00e1 c\u00f2n r\u1ea5t &hellip;<\/p>\n<p class=\"read-more\"> <a class=\"more-link\" href=\"http:\/\/4u.ezc.vn\/?page_id=228\"> <span class=\"screen-reader-text\">Nh\u00e0 \u1edf v\u00f9ng l\u0169 l\u1ee5t<\/span> Read More &raquo;<\/a><\/p>\n<p><!-- AddThis Advanced Settings generic via filter on get_the_excerpt --><!-- AddThis Share Buttons generic via filter on get_the_excerpt --><\/p>\n","protected":false},"author":1,"featured_media":536,"parent":190,"menu_order":13,"comment_status":"open","ping_status":"open","template":"","meta":{"jetpack_post_was_ever_published":false,"footnotes":""},"jetpack_shortlink":"https:\/\/wp.me\/PYUs3-3G","jetpack_sharing_enabled":true,"_links":{"self":[{"href":"http:\/\/4u.ezc.vn\/index.php?rest_route=\/wp\/v2\/pages\/228"}],"collection":[{"href":"http:\/\/4u.ezc.vn\/index.php?rest_route=\/wp\/v2\/pages"}],"about":[{"href":"http:\/\/4u.ezc.vn\/index.php?rest_route=\/wp\/v2\/types\/page"}],"author":[{"embeddable":true,"href":"http:\/\/4u.ezc.vn\/index.php?rest_route=\/wp\/v2\/users\/1"}],"replies":[{"embeddable":true,"href":"http:\/\/4u.ezc.vn\/index.php?rest_route=%2Fwp%2Fv2%2Fcomments&post=228"}],"version-history":[{"count":7,"href":"http:\/\/4u.ezc.vn\/index.php?rest_route=\/wp\/v2\/pages\/228\/revisions"}],"predecessor-version":[{"id":557,"href":"http:\/\/4u.ezc.vn\/index.php?rest_route=\/wp\/v2\/pages\/228\/revisions\/557"}],"up":[{"embeddable":true,"href":"http:\/\/4u.ezc.vn\/index.php?rest_route=\/wp\/v2\/pages\/190"}],"wp:featuredmedia":[{"embeddable":true,"href":"http:\/\/4u.ezc.vn\/index.php?rest_route=\/wp\/v2\/media\/536"}],"wp:attachment":[{"href":"http:\/\/4u.ezc.vn\/index.php?rest_route=%2Fwp%2Fv2%2Fmedia&parent=228"}],"curies":[{"name":"wp","href":"https:\/\/api.w.org\/{rel}","templated":true}]}}