{"id":218,"date":"2010-06-16T01:26:57","date_gmt":"2010-06-15T18:26:57","guid":{"rendered":"http:\/\/4u.ezc.vn\/?page_id=218"},"modified":"2010-06-30T00:48:03","modified_gmt":"2010-06-29T17:48:03","slug":"nha-%e1%bb%9f-d%e1%bb%93ng-b%e1%ba%b1ng-trung-b%e1%bb%99","status":"publish","type":"page","link":"http:\/\/4u.ezc.vn\/?page_id=218","title":{"rendered":"Nh\u00e0 \u1edf \u0111\u1ed3ng b\u1eb1ng Trung B\u1ed9"},"content":{"rendered":"<p style=\"text-align: justify;\">C\u00e1ch chia l\u00e3nh th\u1ed5 th\u00e0nh B\u1eafc &#8211; Trung &#8211; Nam l\u00e0 th\u00edch h\u1ee3p cho c\u00e1c l\u0129nh v\u1ef1c nh\u01b0 qu\u1ea3n l\u00fd kinh t\u1ebf, l\u00e3nh th\u1ed5.\u00a0Trong x\u00e2y d\u1ef1ng nh\u00e0\u00a0\u1edf, y\u1ebfu t\u1ed1 kh\u00ed h\u1eadu t\u00e1c\u00a0\u0111\u1ed9ng nhi\u1ec1u\u00a0\u0111\u1ebfn thi\u1ebft k\u1ebf v\u00e0 x\u00e2y d\u1ef1ng n\u00ean v\u1edbi v\u00f9ng\u00a0\u0111\u1ed3ng b\u1eb1ng\u00a0Trung b\u1ed9 c\u1ea7n chia th\u00e0nh ph\u00eda b\u1eafc v\u1edbi kh\u00ed h\u1eadu 4 m\u00f9a, c\u00f3 m\u00f9a h\u00e8 r\u1ea5t kh\u1eafc nghi\u1ec7t v\u1edbi\u00a0\u0111\u1eb7c tr\u01b0ng gi\u00f3 L\u00e0o n\u00f3ng kh\u00f4 (t\u1eeb\u00a0\u0111\u00e8o H\u1ea3i V\u00e2n\u00a0\u0111\u1ed5 l\u00ean ph\u00eda B\u1eafc\u00a0\u0111\u1ea5t n\u01b0\u1edbc) v\u00e0 nam Trung b\u1ed9 v\u1edbi kh\u00ed h\u1eadu c\u00f3 hai m\u00f9a m\u01b0a, kh\u00f4.\u00a0<\/p>\n<p style=\"text-align: justify;\">Nh\u00e0 \u1edf v\u00f9ng n\u00e0y c\u1ea7n l\u01b0u \u00fd:<\/p>\n<ul style=\"text-align: justify;\">\n<li>Ch\u1ed1ng ch\u1ecdi \u0111\u01b0\u1ee3c v\u1edbi gi\u00f3 L\u00e0o kh\u00f4 n\u00f3ng b\u1eb1ng c\u00e1ch xoay h\u01b0\u1edbng nh\u00e0 h\u1ee3p l\u00fd,\u00a0h\u1ea1n ch\u1ebf t\u1ed1i\u00a0\u0111a vi\u1ec7c\u00a0b\u1ed1 tr\u00ed ph\u00f2ng ng\u1ee7, ph\u00f2ng kh\u00e1ch v\u00e0 m\u1edf c\u1eeda s\u1ed1 v\u1ec1 h\u01b0\u1edbng T\u00e2y-Nam. B\u1ed1 tr\u00ed c\u00e1c\u00a0c\u1ea5u tr\u00fac\u00a0nh\u01b0 v\u1ec7 sinh, kho, h\u00e0nh lang, ban c\u00f4ng, c\u1ea7u thang t\u1ea1i c\u00e1c h\u01b0\u1edbng n\u00e0y. N\u1ebfu c\u00f3 \u0111i\u1ec1u ki\u1ec7n \u0111\u1ea5t \u0111ai th\u00ec tr\u1ed3ng c\u00e2y b\u00f3ng m\u00e1t, d\u00e0n c\u00e2y leo che ph\u00eda T\u00e2y &#8211; Nam nh\u00e0 \u0111\u1ec3 gi\u1ea3m thi\u1ec3u t\u00e1c \u0111\u1ed9ng c\u1ee7a gi\u00f3 L\u00e0o.<\/li>\n<li>Ch\u00fa \u00fd ph\u00f2ng ch\u1ed1ng l\u1ee5t b\u00e3o do h\u1ec7 th\u1ed1ng s\u00f4ng ng\u00f2i khu v\u1ef1c n\u00e0y c\u00f3 d\u00f2ng ch\u1ea3y si\u1ebft, c\u00e1c c\u01a1n b\u00e3o th\u01b0\u1eddng \u0111\u1ed5 b\u1ed9 v\u00e0o khu v\u1ef1c n\u00e0y.<\/li>\n<li>Hi\u1ec7n c\u00f3 m\u1ed9t s\u1ed1 ch\u01b0\u01a1ng tr\u00ecnh nghi\u00ean c\u1ee9u v\u1ec1 l\u00e0m nh\u00e0 ch\u1ed1ng ch\u1ecbu v\u1edbi b\u00e3o nh\u01b0ng nh\u00ecn chung \u00fd ki\u1ebfn ch\u01b0a \u0111\u01b0\u1ee3c th\u1ed1ng nh\u1ea5t, c\u00f2n nhi\u1ec1u tranh c\u00e3i. Ng\u01b0\u1eddi d\u00e2n th\u00ec v\u1eabn ph\u1ea3i x\u00e2y nh\u00e0 \u0111\u1ec3 \u1edf, kh\u00f4ng th\u1ec3 ch\u1edd \u0111\u1ebfn khi c\u00f3 m\u1ed9t nghi\u00ean c\u1ee9u tr\u1ecdn v\u1eb9n \u0111\u01b0\u1ee3c. Tuy nhi\u00ean c\u00f3 m\u1ed9t s\u1ed1 kinh nghi\u1ec7m v\u1ec1 ph\u00f2ng ch\u1ed1ng b\u00e3o v\u1eabn n\u00ean \u0111\u01b0\u1ee3c l\u01b0u \u00fd: Nh\u00e0 c\u1ea7n \u0111\u00f3ng k\u00edn \u0111\u01b0\u1ee3c khi c\u00f3 b\u00e3o \u0111\u1ec3 ch\u1ed1ng gi\u00f3 l\u00f9a v\u00e0o g\u00e2y t\u1ed1c m\u00e1i; n\u1ebfu l\u00e0m m\u00e1i l\u1ee3p d\u1ed1c th\u00ec chu\u1ea9n b\u1ecb s\u1eb5n c\u00e1c thi\u1ebft b\u1ecb \u0111\u1ec3 ch\u1eb1ng m\u00e1i ch\u1ed1ng gi\u00f3 b\u00e3o cu\u1ed1n \u0111i. C\u00f3 th\u1ec3 l\u00e0m m\u1ed9t s\u1ed1 neo ch\u1eafc ch\u1eafn \u0111\u1ec3 lu\u1ed3n c\u00e1p ch\u1eb1ng m\u00e1i nh\u00e0 l\u1ea1i m\u1ed7i khi s\u1eafp c\u00f3 b\u00e3o l\u1edbn.<\/li>\n<li>V\u1ec1 VLXD, khu v\u1ef1c n\u00e0y c\u00f3 th\u1ec3 s\u1eed d\u1ee5ng \u0111\u00e1 v\u00f4i v\u00e0 \u0111\u00e1 granit t\u1eeb c\u00e1c n\u00fai \u0111\u00e1 thu\u1ed9c d\u1ea3i Tr\u01b0\u1eddng S\u01a1n c\u00f3 m\u1eb7t t\u1ea1i c\u00e1c t\u1ec9nh Trung b\u1ed9.<\/li>\n<li>S\u1ed1 gi\u1edd n\u1eafng c\u1ee7a Trung b\u1ed9 nh\u00ecn chung l\u00e0 cao, c\u1ea7n t\u1eadn d\u1ee5ng n\u0103ng l\u01b0\u1ee3ng m\u1eb7t tr\u1eddi cho \u0111un n\u01b0\u1edbc \u0111\u1ec3 ti\u1ebft ki\u1ec7m \u0111i\u1ec7n.<\/li>\n<\/ul>\n<p><a href=\" http:\/\/4u.ezc.vn\/?page_id=302 \" target=\"_blank\">M\u1eabu nh\u00e0<\/a><\/p>\n<p style=\"text-align: justify;\">Quay\u00a0v\u1ec1 <a href=\"http:\/\/4u.ezc.vn\/?page_id=190\">trang ch\u00ednh<\/a><\/p>\n<!-- AddThis Advanced Settings generic via filter on the_content --><!-- AddThis Share Buttons generic via filter on the_content -->","protected":false},"excerpt":{"rendered":"<p>C\u00e1ch chia l\u00e3nh th\u1ed5 th\u00e0nh B\u1eafc &#8211; Trung &#8211; Nam l\u00e0 th\u00edch h\u1ee3p cho c\u00e1c l\u0129nh v\u1ef1c nh\u01b0 qu\u1ea3n l\u00fd kinh t\u1ebf, l\u00e3nh th\u1ed5.\u00a0Trong x\u00e2y d\u1ef1ng nh\u00e0\u00a0\u1edf, y\u1ebfu t\u1ed1 kh\u00ed h\u1eadu t\u00e1c\u00a0\u0111\u1ed9ng nhi\u1ec1u\u00a0\u0111\u1ebfn thi\u1ebft k\u1ebf v\u00e0 x\u00e2y d\u1ef1ng n\u00ean v\u1edbi &hellip;<\/p>\n<p class=\"read-more\"> <a class=\"more-link\" href=\"http:\/\/4u.ezc.vn\/?page_id=218\"> <span class=\"screen-reader-text\">Nh\u00e0 \u1edf \u0111\u1ed3ng b\u1eb1ng Trung B\u1ed9<\/span> Read More &raquo;<\/a><\/p>\n<p><!-- AddThis Advanced Settings generic via filter on get_the_excerpt --><!-- AddThis Share Buttons generic via filter on get_the_excerpt --><\/p>\n","protected":false},"author":1,"featured_media":536,"parent":190,"menu_order":9,"comment_status":"open","ping_status":"open","template":"","meta":{"jetpack_post_was_ever_published":false,"footnotes":""},"jetpack_shortlink":"https:\/\/wp.me\/PYUs3-3w","jetpack_sharing_enabled":true,"_links":{"self":[{"href":"http:\/\/4u.ezc.vn\/index.php?rest_route=\/wp\/v2\/pages\/218"}],"collection":[{"href":"http:\/\/4u.ezc.vn\/index.php?rest_route=\/wp\/v2\/pages"}],"about":[{"href":"http:\/\/4u.ezc.vn\/index.php?rest_route=\/wp\/v2\/types\/page"}],"author":[{"embeddable":true,"href":"http:\/\/4u.ezc.vn\/index.php?rest_route=\/wp\/v2\/users\/1"}],"replies":[{"embeddable":true,"href":"http:\/\/4u.ezc.vn\/index.php?rest_route=%2Fwp%2Fv2%2Fcomments&post=218"}],"version-history":[{"count":10,"href":"http:\/\/4u.ezc.vn\/index.php?rest_route=\/wp\/v2\/pages\/218\/revisions"}],"predecessor-version":[{"id":550,"href":"http:\/\/4u.ezc.vn\/index.php?rest_route=\/wp\/v2\/pages\/218\/revisions\/550"}],"up":[{"embeddable":true,"href":"http:\/\/4u.ezc.vn\/index.php?rest_route=\/wp\/v2\/pages\/190"}],"wp:featuredmedia":[{"embeddable":true,"href":"http:\/\/4u.ezc.vn\/index.php?rest_route=\/wp\/v2\/media\/536"}],"wp:attachment":[{"href":"http:\/\/4u.ezc.vn\/index.php?rest_route=%2Fwp%2Fv2%2Fmedia&parent=218"}],"curies":[{"name":"wp","href":"https:\/\/api.w.org\/{rel}","templated":true}]}}