{"id":212,"date":"2010-06-16T01:24:47","date_gmt":"2010-06-15T18:24:47","guid":{"rendered":"http:\/\/4u.ezc.vn\/?page_id=212"},"modified":"2010-06-30T00:42:33","modified_gmt":"2010-06-29T17:42:33","slug":"di%e1%bb%87n-bong-den-va-thi%e1%ba%bft-b%e1%bb%8b-di%e1%bb%87n-ti%e1%ba%bft-ki%e1%bb%87m-di%e1%bb%87n-nang","status":"publish","type":"page","link":"http:\/\/4u.ezc.vn\/?page_id=212","title":{"rendered":"\u0110i\u1ec7n: b\u00f3ng \u0111\u00e8n v\u00e0 thi\u1ebft b\u1ecb \u0111i\u1ec7n ti\u1ebft ki\u1ec7m \u0111i\u1ec7n n\u0103ng"},"content":{"rendered":"<p style=\"text-align: justify;\">\u0110i\u1ec7n n\u0103ng\u00a0 l\u00e0 v\u1ea5n \u0111\u1ec1 lu\u00f4n b\u1ecb thi\u1ebfu \u1edf c\u00e1c n\u01b0\u1edbc \u0111ang ph\u00e1t tri\u1ec3n. Gi\u00e1 \u0111i\u1ec7n \u1edf c\u00e1c v\u00f9ng kh\u00f4ng ph\u1ea3i \u0111\u00f4 th\u1ecb l\u1edbn ph\u1ea3i ch\u1ecbu m\u1ee9c cao h\u01a1n do chi ph\u00ed x\u00e2y d\u1ef1ng \u0111\u01b0\u1eddng d\u00e2y, th\u1ea5t tho\u00e1t truy\u1ec1n t\u1ea3i \u0111i\u1ec7n. Vi\u1ec7c s\u1eed d\u1ee5ng \u0111i\u1ec7n h\u1ee3p l\u00fd g\u00f3p ph\u1ea7n <strong>gi\u1ea3m chi ph\u00ed cho gia \u0111\u00ecnh<\/strong> v\u00e0 ti\u1ebft ki\u1ec7m \u0111i\u1ec7n cho qu\u1ed1c gia, g\u00f3p ph\u1ea7n <strong>b\u1ea3o v\u1ec7 m\u00f4i tr\u01b0\u1eddng<\/strong>.<\/p>\n<p style=\"text-align: justify;\">C\u00e1c gi\u1ea3i ph\u00e1p, nguy\u00ean t\u1eafc n\u00ean l\u01b0u \u00fd khi x\u00e2y nh\u00e0 \u0111\u1ec3 ti\u1ebft ki\u1ec7m n\u0103ng l\u01b0\u1ee3ng:<\/p>\n<ul style=\"text-align: justify;\">\n<li>T\u1eadn d\u1ee5ng \u00e1nh s\u00e1ng t\u1ef1 nhi\u00ean: c\u00e1c bu\u1ed3ng ng\u1ee7, kh\u00e1ch, b\u1ebfp n\u00ean \u0111\u01b0\u1ee3c b\u1ed1 tr\u00ed ti\u1ebfp x\u00fac v\u1edbi \u00e1nh s\u00e1ng tr\u1eddi \u0111\u1ec3 h\u1ea1n ch\u1ebf t\u1ed1i \u0111a nhu c\u1ea7u b\u1eadt \u0111\u00e8n ban ng\u00e0y. L\u01b0u \u00fd s\u1eed d\u1ee5ng\u00a0chi\u1ebfu s\u00e1ng thi\u00ean nhi\u00ean gi\u00e1n ti\u1ebfp, tr\u00e1nh n\u1eafng r\u1ecdi tr\u1ef1c ti\u1ebfp, nh\u1ea5t l\u00e0 v\u00e0o m\u00f9a h\u00e8. C\u00e1c khu v\u1ef1c kh\u00f4ng \u0111\u01b0\u1ee3c chi\u1ebfu s\u00e1ng qua c\u1eeda s\u1ed5\u00a0th\u00ec c\u00f3 th\u1ec3 xem x\u00e9t l\u1ea5y s\u00e1ng qua m\u00e1i v\u1edbi c\u00e1c v\u1eadt li\u1ec7u l\u1ee3p\u00a0xuy\u00ean s\u00e1ng nh\u01b0\u00a0g\u1ea1ch k\u00ednh, t\u00f4n nh\u1ef1a&#8230;<\/li>\n<li>B\u00f3ng\u00a0\u0111\u00e8n ph\u1ea3i b\u1ed1 tr\u00ed c\u00f4ng t\u1eafc\u00a0\u1edf v\u1ecb tr\u00ed ti\u1ec7n l\u1ee3i\u00a0\u0111\u1ec3 b\u1eadt t\u1eaft d\u1ec5 d\u00e0ng (b\u1ed1 tr\u00ed s\u00e1t l\u1ed1i ra v\u00e0o, thu\u1eadn t\u1ea7m tay v\u1edbi)<\/li>\n<li>B\u00f3ng\u00a0\u0111\u00e8n s\u1eed d\u1ee5ng lo\u1ea1i compact ho\u1eb7c \u0111\u00e8n hu\u1ef3nh quang cho hi\u1ec7u su\u1ea5t cao. Ch\u1ecdn c\u00f4ng su\u1ea5t \u0111\u00e8n ph\u00f9 h\u1ee3p v\u1edbi kh\u00f4ng gian c\u1ea7n chi\u1ec1u s\u00e1ng, tr\u00e1nh th\u1eeba c\u00f4ng su\u1ea5t g\u00e2y l\u00e3ng ph\u00ed. C\u00e2n nh\u1eafc l\u1eafp \u0111\u1eb7t c\u00e1c lo\u1ea1i \u0111\u00e8n c\u00f3 chi\u1ebft \u00e1p \u0111i\u1ec1u ch\u1ec9nh \u0111\u01b0\u1ee3c c\u00f4ng su\u1ea5t, \u0111\u1eb7c bi\u1ec7t l\u00e0 c\u00e1c ph\u00f2ng ng\u1ee7.<\/li>\n<li>Thi\u1ebft b\u1ecb\u00a0\u0111i\u1ec7n ch\u1ecdn mua lo\u1ea1i ti\u1ebft ki\u1ec7m\u00a0\u0111i\u1ec7n n\u0103ng. Hi\u1ec7n Vi\u1ec7t Nam ch\u01b0a c\u00f3 h\u1ec7 ti\u00eau chu\u1ea9n x\u1ebfp h\u1ea1ng c\u00e1c thi\u1ebft b\u1ecb theo m\u1ee9c\u00a0\u0111\u1ed9 ti\u1ebft ki\u1ec7m\u00a0\u0111i\u1ec7n (theo sao). Trong t\u01b0\u01a1ng lai g\u1ea7n v\u1ea5n\u00a0\u0111\u1ec1 n\u00e0y s\u1ebd\u00a0\u0111\u01b0\u1ee3c\u00a0gi\u1ea3i quy\u1ebft, ng\u01b0\u1eddi d\u00f9ng n\u00ean ch\u00fa\u00a0\u00fd\u00a0\u0111\u1ec3 n\u1eafm b\u1eaft\u00a0\u0111\u01b0\u1ee3c. C\u00f3 th\u1ec3 tham kh\u1ea3o c\u00e1c ti\u00eau chu\u1ea9n c\u1ee7a n\u01b0\u1edbc ngo\u00e0i khi mua thi\u1ebft b\u1ecb\u00a0\u0111i\u1ec7n nh\u1eadp kh\u1ea9u (TV, thi\u1ebft b\u1ecb\u00a0\u0111i\u1ec7n t\u1eed&#8230;)<\/li>\n<li>Nh\u00e0 thi\u1ebft k\u1ebf tr\u00e1nh \u0111\u1ec3 c\u00e1c ph\u00f2ng ng\u1ee7 h\u01b0\u1edbng T\u00e2y \u0111\u1ec3 gi\u1ea3m nhu c\u1ea7u l\u00e0m m\u00e1t v\u1ec1 m\u00f9a h\u00e8.<\/li>\n<li>Nh\u00e0\u00a0\u1edf mi\u1ec1n B\u1eafc, b\u1eafc\u00a0Trung b\u1ed9\u00a0c\u1ea7n thi\u1ebft k\u1ebf c\u00f3 th\u1ec3\u00a0\u0111\u00f3ng k\u00edn v\u00e0o m\u00f9a\u00a0\u0111\u00f4ng\u00a0\u0111\u1ec3 tr\u00e1nh gi\u00f3 m\u00f9a, gi\u1ea3m nhu c\u1ea7u s\u01b0\u1edfi\u00a0\u1ea5m.<\/li>\n<li>C\u00e2n nh\u1eafc\u00a0\u0111\u1ea7u t\u01b0 c\u00e1c thi\u1ebft b\u1ecb s\u1eed d\u1ee5ng n\u0103ng l\u01b0\u1ee3ng t\u00e1i t\u1ea1o nh\u01b0 m\u00e1y n\u01b0\u1edbc n\u00f3ng n\u0103ng l\u01b0\u1ee3ng m\u1eb7t tr\u1eddi, tu\u1ed1c-bin gi\u00f3&#8230;<\/li>\n<\/ul>\n<p style=\"text-align: justify;\"><strong>Th\u00f4ng tin v\u1ec1 c\u00e1c thi\u1ebft b\u1ecb s\u1eed d\u1ee5ng n\u0103ng l\u01b0\u1ee3ng ti\u1ebft ki\u1ec7m:<\/strong><\/p>\n<p style=\"text-align: justify;\"><strong>B\u00f3ng\u00a0\u0111\u00e8n<\/strong><\/p>\n<p style=\"text-align: justify;\">N\u00ean s\u1eed d\u1ee5ng \u0111\u00e8n tu\u00fdp v\u00e0 \u0111\u00e8n com-pac thay th\u1ebf cho \u0111\u00e8n tr\u00f2n s\u1ee3i t\u00f3c. Hai lo\u1ea1i \u0111\u00e8n n\u00e0y tuy gi\u00e1 mua \u0111\u1eaft h\u01a1n \u0111\u00e8n tr\u00f2n s\u1ee3i t\u00f3c nh\u01b0ng d\u00f9ng \u0111\u1ee1 t\u1ed1n \u0111i\u1ec7n h\u01a1n, v\u1ec1 l\u00e2u d\u00e0i s\u1ebd ho\u00e0n l\u1ea1i ti\u1ec1n mua ch\u00eanh l\u1ec7ch v\u00e0 b\u1eaft \u0111\u1ea7u c\u00f3 l\u00e3i, \u0111\u1ed3ng th\u1eddi g\u00f3p ph\u1ea7n gi\u00fap \u0111\u1ea5t n\u01b0\u1edbc gi\u1ea3m b\u1edbt nhu c\u1ea7u v\u1ec1 \u0111i\u1ec7n cho c\u00e1c vi\u1ec7c kh\u00e1c.<\/p>\n<p style=\"text-align: justify;\">\u0110\u1ecba ch\u1ec9 b\u00e1n \u0111\u00e8n com-pac do EVN ph\u00e2n ph\u1ed1i <a href=\"http:\/\/www.tietkiemnangluong.vn\/Default.aspx?tabid=78\" target=\"_blank\">t\u1ea1i \u0111\u00e2y<\/a><\/p>\n<p style=\"text-align: justify;\"><strong>Thi\u1ebft b\u1ecb\u00a0\u0111i\u1ec7n t\u1eed<\/strong><\/p>\n<p style=\"text-align: justify;\"><strong>Tu\u1ed1c-bin gi\u00f3:<\/strong><\/p>\n<p style=\"text-align: justify;\">Vi\u1ec7t Nam c\u00f3 b\u1edd bi\u1ec3n d\u00e0i v\u1edbi d\u00e2n s\u1ed1ng d\u1ecdc theo b\u1edd bi\u1ec3n kh\u00e1 l\u1edbn, gi\u00f3 bi\u1ec3n l\u00e0 ngu\u1ed3n n\u0103ng l\u01b0\u1ee3ng c\u00f3 th\u1ec3 khai th\u00e1c bi\u1ebfn th\u00e0nh \u0111i\u1ec7n n\u0103ng. \u0110\u1ec3 l\u00e0m \u0111\u01b0\u1ee3c \u0111i\u1ec1u n\u00e0y, c\u1ea7n c\u00f3 m\u1ed9t thi\u1ebft b\u1ecb g\u1ecdi l\u00e0 tua-bin gi\u00f3, c\u01a1 ch\u1ebf l\u00e0 c\u00e1nh qu\u1ea1t quay m\u1ed7i khi gi\u00f3 th\u1ed5i (nh\u01b0 chong ch\u00f3ng gi\u00f3 \u0111\u1ed3 ch\u01a1i tr\u1ebb em) l\u00e0m quay m\u00e1y ph\u00e1t \u0111i\u1ec7n (nh\u01b0 c\u00e1i \u0111i-na-m\u00f4 c\u1ee7a xe \u0111\u1ea1p). Gi\u00e1 th\u00e0nh s\u1ea3n xu\u1ea5t m\u1ed9t c\u1ed7 m\u00e1y t\u01b0\u1edfng ch\u1eebng \u0111\u01a1n gi\u1ea3n nh\u01b0 v\u1eady \u1edf n\u01b0\u1edbc ngo\u00e0i l\u00e0 r\u1ea5t cao, l\u00ean t\u1edbi h\u00e0ng ng\u00e0n \u0111\u00f4 &#8211; la cho m\u1ed9t chi\u1ebfc. Gi\u00e1 cao c\u00f3 th\u1ec3 do ph\u1ea3i tr\u1ea3 ti\u1ec1n b\u1ea3n quy\u1ec1n, r\u1ed3i c\u00e1c c\u00f4ng ngh\u1ec7 ph\u1ee9c t\u1ea1p \u0111\u1ec3 tua bin ho\u1ea1t \u0111\u1ed9ng \u1ed5n \u0111\u1ecbnh, l\u00e2u d\u00e0i. Trong n\u01b0\u1edbc d\u01b0\u1eddng nh\u01b0 ch\u01b0a c\u00f3 nh\u00e0 m\u00e1y c\u01a1 kh\u00ed \u0111i\u1ec7n t\u1eed n\u00e0o ch\u1ebf t\u1ea1o lo\u1ea1i thi\u1ebft b\u1ecb n\u00e0y.<\/p>\n<p style=\"text-align: justify;\"><a href=\"http:\/\/4u.ezc.vn\/wp-content\/uploads\/Tuocbin-gio-tu-xe-dap-cu.jpg\"><img loading=\"lazy\" decoding=\"async\" data-attachment-id=\"387\" data-permalink=\"http:\/\/4u.ezc.vn\/?attachment_id=387\" data-orig-file=\"http:\/\/4u.ezc.vn\/wp-content\/uploads\/Tuocbin-gio-tu-xe-dap-cu.jpg\" data-orig-size=\"415,313\" data-comments-opened=\"1\" data-image-meta=\"{&quot;aperture&quot;:&quot;0&quot;,&quot;credit&quot;:&quot;\\u00a9 PA&quot;,&quot;camera&quot;:&quot;&quot;,&quot;caption&quot;:&quot;&quot;,&quot;created_timestamp&quot;:&quot;0&quot;,&quot;copyright&quot;:&quot;&quot;,&quot;focal_length&quot;:&quot;0&quot;,&quot;iso&quot;:&quot;0&quot;,&quot;shutter_speed&quot;:&quot;0&quot;,&quot;title&quot;:&quot;&quot;}\" data-image-title=\"Tuocbin gio tu xe dap cu\" data-image-description=\"\" data-image-caption=\"\" data-medium-file=\"http:\/\/4u.ezc.vn\/wp-content\/uploads\/Tuocbin-gio-tu-xe-dap-cu-300x226.jpg\" data-large-file=\"http:\/\/4u.ezc.vn\/wp-content\/uploads\/Tuocbin-gio-tu-xe-dap-cu.jpg\" class=\"alignleft size-full wp-image-387\" title=\"Tuocbin gio tu xe dap cu\" src=\"http:\/\/4u.ezc.vn\/wp-content\/uploads\/Tuocbin-gio-tu-xe-dap-cu.jpg\" alt=\"\" width=\"415\" height=\"313\" srcset=\"http:\/\/4u.ezc.vn\/wp-content\/uploads\/Tuocbin-gio-tu-xe-dap-cu.jpg 415w, http:\/\/4u.ezc.vn\/wp-content\/uploads\/Tuocbin-gio-tu-xe-dap-cu-300x226.jpg 300w\" sizes=\"(max-width: 415px) 100vw, 415px\" \/><\/a><\/p>\n<p style=\"text-align: justify;\">Tr\u00ean internet c\u00f3 \u0111\u0103ng tin m\u1ed9t thanh ni\u00ean ng\u01b0\u1eddi Anh \u0111\u00e3 ch\u1ebf cho m\u00ecnh m\u1ed9t chi\u1ebfc tua-bin gi\u00f3 gi\u00e1 r\u1ea5t r\u1ebb, xem \u1ea3nh ta c\u0169ng s\u1ebd nh\u1eadn ra n\u00f3 \u0111\u01b0\u1ee3c l\u00e0m th\u1ebf n\u00e0o m\u00e0 r\u1ebb: C\u00f3 th\u1ec3 nh\u1eadn th\u1ea5y \u0111\u00f3 l\u00e0 1 chi\u1ebfc khung xe \u0111\u1ea1p c\u00f2n \u0111\u0129a tr\u01b0\u1edbc, x\u00edch &amp; l\u00edp. \u0110\u0129a tr\u01b0\u1edbc \u0111\u01b0\u1ee3c g\u1eafn c\u00e1nh qu\u1ea1t, l\u00edp th\u00ec n\u1ed1i ra m\u00f4 t\u01a1 ph\u00e1t \u0111i\u1ec7n, c\u00f3 l\u1ebd c\u1ea7n th\u00eam c\u00e1i bi\u1ebfn th\u1ebf \u0111\u1ec3 \u1ed5n \u0111\u1ecbnh d\u00f2ng \u0111i\u1ec7n r\u1ed3i n\u1ea1p v\u00e0o ac-quy l\u00e0 c\u00f3 th\u1ec3 s\u1eed d\u1ee5ng \u0111\u01b0\u1ee3c r\u1ed3i.<\/p>\n<p style=\"text-align: justify;\">Ng\u01b0\u1eddi Vi\u1ec7t Nam r\u1ea5t s\u00e1ng t\u1ea1o n\u00ean c\u00f3 th\u1ec3 ch\u1ebf t\u1ea1o cho m\u00ecnh m\u1ed9t chi\u1ebfc tua-bin gi\u00f3 \u0111\u1ec3 d\u00f9ng tr\u01b0\u1edbc khi th\u1ebf gi\u1edbi k\u1ecbp l\u00e0m cho lo\u1ea1i thi\u1ebft b\u1ecb n\u00e0y r\u1ebb \u0111i.<\/p>\n<p style=\"text-align: justify;\">Quay\u00a0v\u1ec1 <a href=\"http:\/\/4u.ezc.vn\/?page_id=190\">trang ch\u00ednh<\/a><\/p>\n<!-- AddThis Advanced Settings generic via filter on the_content --><!-- AddThis Share Buttons generic via filter on the_content -->","protected":false},"excerpt":{"rendered":"<p>\u0110i\u1ec7n n\u0103ng\u00a0 l\u00e0 v\u1ea5n \u0111\u1ec1 lu\u00f4n b\u1ecb thi\u1ebfu \u1edf c\u00e1c n\u01b0\u1edbc \u0111ang ph\u00e1t tri\u1ec3n. Gi\u00e1 \u0111i\u1ec7n \u1edf c\u00e1c v\u00f9ng kh\u00f4ng ph\u1ea3i \u0111\u00f4 th\u1ecb l\u1edbn ph\u1ea3i ch\u1ecbu m\u1ee9c cao h\u01a1n do chi ph\u00ed x\u00e2y d\u1ef1ng \u0111\u01b0\u1eddng d\u00e2y, th\u1ea5t tho\u00e1t truy\u1ec1n t\u1ea3i &hellip;<\/p>\n<p class=\"read-more\"> <a class=\"more-link\" href=\"http:\/\/4u.ezc.vn\/?page_id=212\"> <span class=\"screen-reader-text\">\u0110i\u1ec7n: b\u00f3ng \u0111\u00e8n v\u00e0 thi\u1ebft b\u1ecb \u0111i\u1ec7n ti\u1ebft ki\u1ec7m \u0111i\u1ec7n n\u0103ng<\/span> Read More &raquo;<\/a><\/p>\n<p><!-- AddThis Advanced Settings generic via filter on get_the_excerpt --><!-- AddThis Share Buttons generic via filter on get_the_excerpt --><\/p>\n","protected":false},"author":1,"featured_media":536,"parent":190,"menu_order":6,"comment_status":"open","ping_status":"open","template":"","meta":{"jetpack_post_was_ever_published":false,"footnotes":""},"jetpack_shortlink":"https:\/\/wp.me\/PYUs3-3q","jetpack_sharing_enabled":true,"_links":{"self":[{"href":"http:\/\/4u.ezc.vn\/index.php?rest_route=\/wp\/v2\/pages\/212"}],"collection":[{"href":"http:\/\/4u.ezc.vn\/index.php?rest_route=\/wp\/v2\/pages"}],"about":[{"href":"http:\/\/4u.ezc.vn\/index.php?rest_route=\/wp\/v2\/types\/page"}],"author":[{"embeddable":true,"href":"http:\/\/4u.ezc.vn\/index.php?rest_route=\/wp\/v2\/users\/1"}],"replies":[{"embeddable":true,"href":"http:\/\/4u.ezc.vn\/index.php?rest_route=%2Fwp%2Fv2%2Fcomments&post=212"}],"version-history":[{"count":11,"href":"http:\/\/4u.ezc.vn\/index.php?rest_route=\/wp\/v2\/pages\/212\/revisions"}],"predecessor-version":[{"id":543,"href":"http:\/\/4u.ezc.vn\/index.php?rest_route=\/wp\/v2\/pages\/212\/revisions\/543"}],"up":[{"embeddable":true,"href":"http:\/\/4u.ezc.vn\/index.php?rest_route=\/wp\/v2\/pages\/190"}],"wp:featuredmedia":[{"embeddable":true,"href":"http:\/\/4u.ezc.vn\/index.php?rest_route=\/wp\/v2\/media\/536"}],"wp:attachment":[{"href":"http:\/\/4u.ezc.vn\/index.php?rest_route=%2Fwp%2Fv2%2Fmedia&parent=212"}],"curies":[{"name":"wp","href":"https:\/\/api.w.org\/{rel}","templated":true}]}}