{"id":208,"date":"2010-06-16T01:23:27","date_gmt":"2010-06-15T18:23:27","guid":{"rendered":"http:\/\/4u.ezc.vn\/?page_id=208"},"modified":"2010-06-30T00:39:51","modified_gmt":"2010-06-29T17:39:51","slug":"mai-nha-v%e1%ba%adt-li%e1%bb%87u-l%e1%bb%a3p","status":"publish","type":"page","link":"http:\/\/4u.ezc.vn\/?page_id=208","title":{"rendered":"M\u00e1i nh\u00e0 &#8211; V\u1eadt li\u1ec7u l\u1ee3p"},"content":{"rendered":"<p style=\"text-align: justify;\">M\u1ed9t xu h\u01b0\u1edbng kh\u00e1 ph\u1ed5 bi\u1ebfn\u00a0l\u00e2u nay trong x\u00e2y d\u1ef1ng c\u00e1c ng\u00f4i nh\u00e0 \u1edf v\u00f9ng ven \u0111\u00f4 l\u00e0 l\u00e0m m\u00e1i b\u1eb1ng. M\u00e1i b\u1eb1ng c\u00f3 th\u1ec3 cung c\u1ea5p th\u00eam kh\u00f4ng gian s\u1eed d\u1ee5ng (ph\u01a1i ph\u00f3ng, \u0111\u1ec3 \u0111\u1ed3 \u0111\u1ea1c c\u0169) nh\u01b0ng c\u00f3 nhi\u1ec1u nh\u01b0\u1ee3c \u0111i\u1ec3m nh\u01b0 n\u00f3ng, ch\u1eadm tho\u00e1t n\u01b0\u1edbc m\u01b0a g\u00e2y th\u1ea5m d\u1ed9t v\u00e0 gi\u00e1 th\u00e0nh cao h\u01a1n lo\u1ea1i m\u00e1i d\u1ed1c kh\u00f4ng \u0111\u1ed5 b\u00ea-t\u00f4ng. Tuy nhi\u00ean, m\u00e1i d\u1ed1c ki\u1ec3u truy\u1ec1n th\u1ed1ng\u00a0v\u1edbi h\u1ec7 rui m\u00e8 g\u1ed7 l\u1ee3p\u00a0ng\u00f3i\u00a0nung c\u0169ng kh\u00f4ng th\u1eadt ti\u1ebft ki\u1ec7m\u00a0v\u00e0 b\u1ea3o v\u1ec7 r\u1eebng, m\u00f4i tr\u01b0\u1eddng.<\/p>\n<p style=\"text-align: justify;\">C\u00e1c gi\u1ea3i ph\u00e1p v\u1ec1 m\u00e1i l\u1ee3p c\u00f3 th\u1ec3 c\u00e2n nh\u1eafc l\u00e0 c\u00e1c lo\u1ea1i\u00a0ng\u00f3i kh\u00f4ng nung, m\u00e1i t\u00f4n, m\u00e1i nh\u1ef1a t\u1ed5ng h\u1ee3p v\u00e0 v\u1eadt li\u1ec7u m\u1edbi s\u1eed d\u1ee5ng x\u00e0 g\u1ed3 kim lo\u1ea1i.<\/p>\n<p style=\"text-align: justify;\">\u1ede nhi\u1ec1u \u0111\u1ecba ph\u01b0\u01a1ng, ng\u01b0\u1eddi d\u00e2n v\u1eabn ti\u1ebfp t\u1ee5c s\u1eed d\u1ee5ng t\u1ea5m l\u1ee3p fi-bro xi-m\u0103ng do gi\u00e1 r\u1ebb, tuy nhi\u00ean, lo\u1ea1i t\u1ea5m l\u1ee3p n\u00e0y \u0111\u00e3 b\u1ecb ph\u00e1t hi\u1ec7n g\u00e2y b\u1ec7nh cho ph\u1ed5i do ch\u1ebf t\u1ea1o t\u1eeb a-mi-\u0103ng. N\u00ean ki\u1ec3m tra n\u1ebfu t\u1ea5m l\u1ee3p lo\u1ea1i n\u00e0y kh\u00f4ng c\u00f3 a-mi-\u0103ng trong th\u00e0nh ph\u1ea7n th\u00ec m\u1edbi s\u1eed d\u1ee5ng (\u0111\u00e3 c\u00f3 s\u1ea3n ph\u1ea9m thay th\u1ebf d\u00f9ng c\u1ed1t li\u1ec7u xen-luy-l\u00f4 kh\u00f4ng \u0111\u1ed9c h\u1ea1i)<\/p>\n<p style=\"text-align: justify;\">M\u00e1i t\u00f4n c\u00f3 \u01b0u \u0111i\u1ec3m thi c\u00f4ng nhanh, nhi\u1ec1u m\u00e0u s\u1eafc nh\u01b0ng c\u00f3 nh\u01b0\u1ee3c \u0111i\u1ec3m c\u00e1ch nhi\u1ec7t k\u00e9m. N\u1ebfu \u0111\u01b0\u1ee3c t\u0103ng c\u01b0\u1eddng th\u00eam v\u1eadt li\u1ec7u c\u00e1ch nhi\u1ec7t th\u00ec c\u0169ng l\u00e0 m\u1ed9t l\u1ef1a ch\u1ecdn kh\u00f4ng t\u1ed3i.<\/p>\n<p style=\"text-align: justify;\">M\u1ed9t s\u1ed1 th\u00f4ng tin v\u1ec1 m\u1eabu m\u00e3, gi\u00e1 c\u1ea3 v\u00e0 nh\u00e0 s\u1ea3n xu\u1ea5t c\u00e1c lo\u1ea1i m\u00e1i nh\u00e0:<\/p>\n<p style=\"text-align: justify;\">Quay\u00a0v\u1ec1 <a href=\"http:\/\/4u.ezc.vn\/?page_id=190\">trang ch\u00ednh<\/a><\/p>\n<!-- AddThis Advanced Settings generic via filter on the_content --><!-- AddThis Share Buttons generic via filter on the_content -->","protected":false},"excerpt":{"rendered":"<p>M\u1ed9t xu h\u01b0\u1edbng kh\u00e1 ph\u1ed5 bi\u1ebfn\u00a0l\u00e2u nay trong x\u00e2y d\u1ef1ng c\u00e1c ng\u00f4i nh\u00e0 \u1edf v\u00f9ng ven \u0111\u00f4 l\u00e0 l\u00e0m m\u00e1i b\u1eb1ng. M\u00e1i b\u1eb1ng c\u00f3 th\u1ec3 cung c\u1ea5p th\u00eam kh\u00f4ng gian s\u1eed d\u1ee5ng (ph\u01a1i ph\u00f3ng, \u0111\u1ec3 \u0111\u1ed3 \u0111\u1ea1c c\u0169) nh\u01b0ng c\u00f3 &hellip;<\/p>\n<p class=\"read-more\"> <a class=\"more-link\" href=\"http:\/\/4u.ezc.vn\/?page_id=208\"> <span class=\"screen-reader-text\">M\u00e1i nh\u00e0 &#8211; V\u1eadt li\u1ec7u l\u1ee3p<\/span> Read More &raquo;<\/a><\/p>\n<p><!-- AddThis Advanced Settings generic via filter on get_the_excerpt --><!-- AddThis Share Buttons generic via filter on get_the_excerpt --><\/p>\n","protected":false},"author":1,"featured_media":536,"parent":190,"menu_order":3,"comment_status":"open","ping_status":"open","template":"","meta":{"jetpack_post_was_ever_published":false,"footnotes":""},"jetpack_shortlink":"https:\/\/wp.me\/PYUs3-3m","jetpack_sharing_enabled":true,"_links":{"self":[{"href":"http:\/\/4u.ezc.vn\/index.php?rest_route=\/wp\/v2\/pages\/208"}],"collection":[{"href":"http:\/\/4u.ezc.vn\/index.php?rest_route=\/wp\/v2\/pages"}],"about":[{"href":"http:\/\/4u.ezc.vn\/index.php?rest_route=\/wp\/v2\/types\/page"}],"author":[{"embeddable":true,"href":"http:\/\/4u.ezc.vn\/index.php?rest_route=\/wp\/v2\/users\/1"}],"replies":[{"embeddable":true,"href":"http:\/\/4u.ezc.vn\/index.php?rest_route=%2Fwp%2Fv2%2Fcomments&post=208"}],"version-history":[{"count":8,"href":"http:\/\/4u.ezc.vn\/index.php?rest_route=\/wp\/v2\/pages\/208\/revisions"}],"predecessor-version":[{"id":540,"href":"http:\/\/4u.ezc.vn\/index.php?rest_route=\/wp\/v2\/pages\/208\/revisions\/540"}],"up":[{"embeddable":true,"href":"http:\/\/4u.ezc.vn\/index.php?rest_route=\/wp\/v2\/pages\/190"}],"wp:featuredmedia":[{"embeddable":true,"href":"http:\/\/4u.ezc.vn\/index.php?rest_route=\/wp\/v2\/media\/536"}],"wp:attachment":[{"href":"http:\/\/4u.ezc.vn\/index.php?rest_route=%2Fwp%2Fv2%2Fmedia&parent=208"}],"curies":[{"name":"wp","href":"https:\/\/api.w.org\/{rel}","templated":true}]}}