{"id":205,"date":"2010-06-16T01:21:51","date_gmt":"2010-06-15T18:21:51","guid":{"rendered":"http:\/\/4u.ezc.vn\/?page_id=205"},"modified":"2010-06-30T00:41:49","modified_gmt":"2010-06-29T17:41:49","slug":"b%e1%bb%83-ch%e1%bb%a9a-n%c6%b0%e1%bb%9bc-may-n%c6%b0%e1%bb%9bc-nong-nang-l%c6%b0%e1%bb%a3ng-m%e1%ba%b7t-tr%e1%bb%9di","status":"publish","type":"page","link":"http:\/\/4u.ezc.vn\/?page_id=205","title":{"rendered":"B\u1ec3 ch\u1ee9a n\u01b0\u1edbc &#8211; m\u00e1y n\u01b0\u1edbc n\u00f3ng n\u0103ng l\u01b0\u1ee3ng m\u1eb7t tr\u1eddi"},"content":{"rendered":"<p style=\"text-align: justify;\">C\u00e1c ngu\u1ed3n c\u1ea5p n\u01b0\u1edbc \u1edf khu v\u1ef1c ven \u0111\u00f4 th\u1ecb v\u1eeba v\u00e0 nh\u1ecf l\u00e0 n\u01b0\u1edbc m\u00e1y, n\u01b0\u1edbc gi\u1ebfng (khoan v\u00e0 \u0111\u00e0o), n\u01b0\u1edbc ao h\u1ed3, n\u01b0\u1edbc m\u01b0a. B\u1ec3 ch\u1ee9a n\u01b0\u1edbc l\u00e0 m\u1ed9t b\u1ed9 ph\u1eadn c\u1ea7n c\u00e2n nh\u1eafc khi x\u00e2y nh\u00e0 \u0111\u1ec3 \u0111\u1ea1t hi\u1ec7u qu\u1ea3 cao nh\u1ea5t. G\u1eafn v\u1edbi b\u1ec3 ch\u1ee9a n\u01b0\u1edbc l\u00e0 h\u1ec7 th\u1ed1ng n\u01b0\u1edbc n\u00f3ng n\u0103ng l\u01b0\u1ee3ng m\u1eb7t tr\u1eddi c\u0169ng c\u1ea7n xem x\u00e9t \u0111\u1ea7u t\u01b0.<\/p>\n<p style=\"text-align: justify;\">T\u1ef7 l\u1ec7 s\u1ed1 h\u1ed9 gia\u00a0\u0111\u00ecnh \u0111\u01b0\u1ee3c s\u1eed d\u1ee5ng n\u01b0\u1edbc m\u00e1y hi\u1ec7n c\u00f2n r\u1ea5t th\u1ea5p. Ph\u1ea7n l\u1edbn c\u00e1c h\u1ed9 gia \u0111\u00ecnh \u1edf ven c\u00e1c \u0111\u00f4 th\u1ecb v\u1eeba v\u00e0 nh\u1ecf v\u1eabn ph\u1ea3i d\u00f9ng n\u01b0\u1edbc gi\u1ebfng kh\u01a1i ho\u1eb7c gi\u1ebfng khoan. Khai th\u00e1c n\u01b0\u1edbc ng\u1ea7m l\u00e2u d\u00e0i s\u1ebd \u1ea3nh h\u01b0\u1edfng \u0111\u1ebfn c\u1ea5u t\u1ea1o \u0111\u1ecba ch\u1ea5t, c\u00f3 th\u1ec3 d\u1eabn \u0111\u1ebfn c\u00e1c hi\u1ec3m h\u1ecda l\u00fan s\u1ee5t, s\u1ea1t l\u1edf m\u1ea5t s\u1ea1ch c\u01a1 nghi\u1ec7p. M\u1ed9t ngu\u1ed3n n\u01b0\u1edbc kh\u00e1 t\u1ed1t l\u00e0 n\u01b0\u1edbc m\u01b0a hi\u1ec7n \u0111ang b\u1ecb l\u00e3ng qu\u00ean. Tuy hi\u1ec7n nay c\u00f3 nhi\u1ec1u v\u1ea5n \u0111\u1ec1 v\u1ec1 \u00f4 nhi\u1ec5m khi\u1ebfn n\u01b0\u1edbc m\u01b0a kh\u00f4ng c\u00f2n s\u1ea1ch nh\u01b0 x\u01b0a, nh\u01b0ng x\u00e9t trong t\u00ecnh h\u00ecnh hi\u1ec7n nay, v\u1eabn c\u00f2n ch\u1ea5p nh\u1eadn \u0111\u01b0\u1ee3c so v\u1edbi c\u00e1c ngu\u1ed3n kh\u00e1c (tr\u1eeb n\u01b0\u1edbc m\u00e1y \u0111\u00e3 qua x\u1eed l\u00fd). V\u1ea5n \u0111\u1ec1 l\u00e0 ng\u00e0y c\u00e0ng nhi\u1ec1u h\u1ed9 gia \u0111\u00ecnh x\u00e2y nh\u00e0 kh\u00f4ng l\u00e0m m\u00e1ng thu n\u01b0\u1edbc m\u01b0a, kh\u00f4ng x\u00e2y b\u1ec3 ch\u1ee9a n\u01b0\u1edbc m\u01b0a. Nh\u00e0 \u1edf khu v\u1ef1c n\u00e0y n\u00ean quan t\u00e2m thi\u1ebft k\u1ebf m\u00e1i d\u1ed1c, m\u00e1ng thu n\u01b0\u1edbc m\u01b0a v\u00e0 b\u1ec3 ch\u1ee9a.<\/p>\n<p style=\"text-align: justify;\">N\u01b0\u1edbc \u0103n t\u1ed1t nh\u1ea5t l\u00e0 \u0111\u01b0\u1ee3c c\u1ea5p t\u1eeb ngu\u1ed3n n\u01b0\u1edbc m\u00e1y. B\u1ec3 ch\u1ee9a n\u01b0\u1edbc n\u00ean c\u00f3 kh\u1ed1i t\u00edch ph\u00f9 h\u1ee3p v\u1edbi sinh ho\u1ea1t c\u1ee7a gia \u0111\u00ecnh v\u00e0 n\u00ean ph\u00e2n l\u00e0m 2 lo\u1ea1i. Lo\u1ea1i \u0111\u1ec3 tr\u00ean cao \u0111\u1ec3 t\u1ea1o \u00e1p l\u1ef1c cung c\u1ea5p cho h\u1ec7 th\u1ed1ng n\u01b0\u1edbc trong nh\u00e0, lo\u1ea1i \u0111\u1ec3 d\u01b0\u1edbi th\u1ea5p d\u1ef1 tr\u1eef n\u01b0\u1edbc (c\u1ea5p \u0111\u1ee7 trong 2-3 ng\u00e0y t\u00f9y t\u1ea7n su\u1ea5t c\u1ea5p n\u01b0\u1edbc trong khu v\u1ef1c).<\/p>\n<p style=\"text-align: justify;\">B\u1ec3 tr\u00ean cao nhi\u1ec1u ng\u01b0\u1eddi v\u1eabn s\u1eed d\u1ee5ng b\u1ec3 x\u00e2y g\u1ea1ch do &#8216;ti\u1ec7n&#8217; thi c\u00f4ng, gi\u00e1 th\u00e0nh h\u1ea1. Tuy nhi\u00ean, lo\u1ea1i b\u1ec3 n\u00e0y c\u00f3 nh\u01b0\u1ee3c \u0111i\u1ec3m l\u00e0 n\u1eb7ng, l\u00e0m t\u0103ng t\u1ea3i tr\u1ecdng cho nh\u00e0 l\u1ea1i d\u1ec5 r\u00f2 n\u1ee9t l\u00e0m h\u1ecfng c\u00e1c k\u1ebft c\u1ea5u b\u00ean d\u01b0\u1edbi, n\u00ean th\u1ef1c ra l\u00e0 \u0111\u1eaft h\u01a1n nh\u01b0 m\u1ecdi ng\u01b0\u1eddi v\u1eabn ngh\u0129. N\u00ean c\u00e2n nh\u1eafc s\u1eed d\u1ee5ng c\u00e1c lo\u1ea1i b\u1ec3 ch\u1ebf s\u1eb5n b\u1eb1ng v\u1eadt li\u1ec7u nh\u1eb9 nh\u01b0 i-nox ho\u1eb7c composit&#8230; \u0111\u1ec3 gi\u1ea3i quy\u1ebft c\u00e1c v\u1ea5n \u0111\u1ec1 n\u00e0y.<\/p>\n<p style=\"text-align: justify;\">B\u1ec3 ch\u1ee9a n\u01b0\u1edbc tr\u00ean cao c\u00f3 th\u1ec3 xem x\u00e9t \u0111\u1ea7u t\u01b0 c\u00f9ng b\u00ecnh \u0111un n\u01b0\u1edbc n\u00f3ng d\u00f9ng n\u0103ng l\u01b0\u1ee3ng nhi\u1ec7t m\u1eb7t tr\u1eddi. Hi\u1ec7n c\u00f3 lo\u1ea1i m\u00e1y n\u01b0\u1edbc n\u00f3ng &#8216;Th\u00e1i D\u01b0\u01a1ng N\u0103ng&#8217;. S\u1eed d\u1ee5ng c\u00e1c thi\u1ebft b\u1ecb n\u00e0y s\u1ebd ti\u1ebft ki\u1ec7m chi phi \u0111un n\u01b0\u1edbc n\u00f3ng cho gia \u0111\u00ecnh, gi\u1ea3m ti\u00eau th\u1ee5 n\u0103ng l\u01b0\u1ee3ng chung gi\u00fap b\u1ea3o v\u1ec7 m\u00f4i tr\u01b0\u1eddng. Ng\u01b0\u1eddi s\u1eed d\u1ee5ng c\u00f2n c\u00f3 th\u1ec3 nh\u1eadn \u0111\u01b0\u1ee3c h\u1ed7 tr\u1ee3 ban \u0111\u1ea7u t\u1eeb Nh\u00e0 n\u01b0\u1edbc khi s\u1eed d\u1ee5ng lo\u1ea1i n\u00e0y. V\u00ed d\u1ee5 ng\u01b0\u1eddi d\u00f9ng Th\u00e1i D\u01b0\u01a1ng n\u0103ng s\u1ebd \u0111\u01b0\u1ee3c EVN h\u1ed7 tr\u1ee3 1 tri\u1ec7u \u0111\u1ed3ng.<\/p>\n<p style=\"text-align: justify;\">Gi\u00e1 m\u1ed9t s\u1ed1 lo\u1ea1i b\u00ecnh \u0111un n\u01b0\u1edbc n\u00f3ng NLMT v\u00e0o kho\u1ea3ng 7-8 tri\u1ec7u \u0111\u1ed3ng (lo\u1ea1i cao c\u00f3 th\u1ec3 l\u00ean t\u1edbi 11-12 tri\u1ec7u \u0111\u1ed3ng) so v\u1edbi b\u00ecnh n\u01b0\u1edbc n\u00f3ng \u0111un \u0111i\u1ec7n gi\u00e1 trong kho\u1ea3ng 2 tri\u1ec7u \u0111\u1ed3ng. Gi\u1ea3 s\u1eed m\u1ed7i th\u00e1ng h\u1ebft 100.000 \u0111 cho \u0111un n\u01b0\u1edbc n\u00f3ng b\u1eb1ng \u0111i\u1ec7n, v\u1eady sau \u00edt nh\u1ea5t 50 th\u00e1ng (h\u01a1n 4 n\u0103m) s\u1ebd ho\u00e0n v\u1ed1n \u0111\u1ea7u t\u01b0 b\u00ecnh n\u01b0\u1edbc n\u00f3ng NLMT, n\u1ebfu \u0111\u01b0\u1ee3c h\u01b0\u1edfng h\u1ed7 tr\u1ee3 khuy\u1ebfn kh\u00edch th\u00ec s\u1ebd c\u00f2n nhanh h\u01a1n. Tu\u1ed5i th\u1ecd c\u1ee7a lo\u1ea1i b\u00ecnh n\u00e0y \u0111\u01b0\u1ee3c cho l\u00e0 10-15 n\u0103m. V\u1eady v\u1eabn n\u00ean c\u00e2n nh\u1eafc s\u1eed d\u1ee5ng, nh\u1ea5t l\u00e0 l\u1ea1i g\u00f3p ph\u1ea7n l\u00e0m <strong>gi\u1ea3m g\u00e1nh n\u1eb7ng n\u0103ng l\u01b0\u1ee3ng, gi\u00fap b\u1ea3o v\u1ec7 m\u00f4i tr\u01b0\u1eddng.<\/strong><\/p>\n<p style=\"text-align: justify;\">Tin t\u1eeb EVN cho bi\u1ebft t\u1eeb th\u00e1ng 1\/2010: EVN k\u00fd k\u1ebft v\u1edbi S\u01a1n H\u00e0 h\u1ed7 tr\u1ee3 m\u1ed7i h\u1ed9 gia \u0111\u00ecnh mua 1 b\u00ecnh \u0111un n\u01b0\u1edbc n\u00f3ng n\u0103ng l\u01b0\u1ee3ng m\u1eb7t tr\u1eddi s\u1ebd \u0111\u01b0\u1ee3c h\u1ed7 tr\u1ee3 <strong>1.000.000 \u0111<\/strong>. Tin t\u1ee9c t\u1ea1i <a href=\"http:\/\/www.tietkiemnangluong.vn\/Default.aspx?tabid=68&amp;TopicId=14\" target=\"_blank\">trang tin c\u1ee7a EVN<\/a><\/p>\n<p style=\"text-align: justify;\">Th\u00f4ng tin, m\u1eabu m\u00e3, gi\u00e1 c\u1ea3 c\u00e1c lo\u1ea1i b\u1ec3 ch\u1ee9a n\u01b0\u1edbc, b\u00ecnh \u0111un n\u01b0\u1edbc n\u0103ng l\u01b0\u1ee3ng m\u1eb7t tr\u1eddi:<\/p>\n<p style=\"text-align: justify;\"><strong>I. Mi\u1ec1n B\u1eafc:<\/strong><\/p>\n<p style=\"text-align: justify;\">1. <a href=\"http:\/\/www.thaiduongnang.com\/product\/category\/option\/dan-dung\" target=\"_blank\">Th\u00e1i D\u01b0\u01a1ng N\u0103ng &#8211; S\u01a1n H\u00e0:<\/a><\/p>\n<p style=\"text-align: justify;\">TRUNG T\u00c2M PH\u00c2N PH\u1ed0I S\u1ea2N PH\u1ea8M S\u01a0N H\u00c0 TR\u00caN TO\u00c0N QU\u1ed0C<\/p>\n<ul style=\"text-align: justify;\">\n<li>V\u0103n ph\u00f2ng: 166 Ph\u1ea1m V\u0103n \u0110\u1ed3ng &#8211; Mai D\u1ecbch &#8211; C\u1ea7u Gi\u1ea5y &#8211; H\u00e0 N\u1ed9i<\/li>\n<li>Tel: 04.37480028 \/ 0977518678 &#8211; Fax : 04.62815030<\/li>\n<li>Website: <a href=\"http:\/\/www.thaiduongnang.com\/\">www.thaiduongnang.com<\/a><\/li>\n<\/ul>\n<p style=\"text-align: justify;\">S\u1ea3n ph\u1ea9m: b\u00ecnh n\u01b0\u1edbc n\u00f3ng NLMT:<\/p>\n<p style=\"text-align: justify;\"><img loading=\"lazy\" decoding=\"async\" title=\"http:\/\/www.thaiduongnang.com\/uploads\/tdn.jpg\" src=\"http:\/\/www.thaiduongnang.com\/uploads\/tdn.jpg\" alt=\"\" width=\"150\" height=\"150\" \/>\u00a0c\u00f3 th\u00f4ng tin gi\u00e1 c\u00e1c lo\u1ea1i b\u00ecnh tr\u00ean website \u0111\u1ec3 tham kh\u1ea3o.<\/p>\n<p style=\"text-align: justify;\"><strong>II. Mi\u1ec1n Nam:<\/strong><\/p>\n<p style=\"text-align: justify;\">1.\u00a0<a href=\"http:\/\/www.daithanh.com.vn\/main.php?fn=gtcty1\">Cty TNHH SX\u2013TM Nam \u0110\u1ea1i Th\u00e0nh<\/a><\/p>\n<ul style=\"text-align: justify;\">\n<li>Tr\u1ee5 s\u1edf: 119 \u2013 121 L\u00fd Th\u01b0\u1eddng Ki\u1ec7t \u2013 P. 17 \u2013 Q. T\u00e2n B\u00ecnh TP.HCM<\/li>\n<li>Nh\u00e0 m\u00e1y: 172 \u00c2u C\u01a1 \u2013 Ph\u01b0\u1eddng 10 \u2013 Qu\u1eadn T\u00e2n B\u00ecnh TP.HCM<\/li>\n<li>\u0110i\u1ec7n tho\u1ea1i: 848. 864 2368 \u2013 848.864 4730 &#8211; 848. 864 0078 &#8211; 949.9716949<\/li>\n<li>Fax: 848. 971 4338<\/li>\n<li>Email: <a href=\"mailto:daithanhcovnn@hcm.vnn.vn\">daithanhcovnn@hcm.vnn.vn<\/a><\/li>\n<\/ul>\n<p style=\"text-align: justify;\">S\u1ea3n ph\u1ea9m:<a href=\"http:\/\/www.daithanh.com.vn\/main.php?fn=gtcty1\" target=\"_blank\"> b\u00ecnh n\u01b0\u1edbc n\u00f3ng NLMT Sunflower<\/a><\/p>\n<p style=\"text-align: justify;\"><strong>Th\u00f4ng tin c\u00e1c ch\u01b0\u01a1ng tr\u00ecnh h\u1ed7 tr\u1ee3 cho vi\u1ec7c s\u1eed d\u1ee5ng n\u0103ng l\u01b0\u1ee3ng s\u1ea1ch<\/strong><\/p>\n<p style=\"text-align: justify;\">Quay\u00a0v\u1ec1 <a href=\"http:\/\/4u.ezc.vn\/?page_id=190\">trang ch\u00ednh<\/a><\/p>\n<!-- AddThis Advanced Settings generic via filter on the_content --><!-- AddThis Share Buttons generic via filter on the_content -->","protected":false},"excerpt":{"rendered":"<p>C\u00e1c ngu\u1ed3n c\u1ea5p n\u01b0\u1edbc \u1edf khu v\u1ef1c ven \u0111\u00f4 th\u1ecb v\u1eeba v\u00e0 nh\u1ecf l\u00e0 n\u01b0\u1edbc m\u00e1y, n\u01b0\u1edbc gi\u1ebfng (khoan v\u00e0 \u0111\u00e0o), n\u01b0\u1edbc ao h\u1ed3, n\u01b0\u1edbc m\u01b0a. B\u1ec3 ch\u1ee9a n\u01b0\u1edbc l\u00e0 m\u1ed9t b\u1ed9 ph\u1eadn c\u1ea7n c\u00e2n nh\u1eafc khi x\u00e2y nh\u00e0 \u0111\u1ec3 &hellip;<\/p>\n<p class=\"read-more\"> <a class=\"more-link\" href=\"http:\/\/4u.ezc.vn\/?page_id=205\"> <span class=\"screen-reader-text\">B\u1ec3 ch\u1ee9a n\u01b0\u1edbc &#8211; m\u00e1y n\u01b0\u1edbc n\u00f3ng n\u0103ng l\u01b0\u1ee3ng m\u1eb7t tr\u1eddi<\/span> Read More &raquo;<\/a><\/p>\n<p><!-- AddThis Advanced Settings generic via filter on get_the_excerpt --><!-- AddThis Share Buttons generic via filter on get_the_excerpt --><\/p>\n","protected":false},"author":1,"featured_media":536,"parent":190,"menu_order":5,"comment_status":"open","ping_status":"open","template":"","meta":{"jetpack_post_was_ever_published":false,"footnotes":""},"jetpack_shortlink":"https:\/\/wp.me\/PYUs3-3j","jetpack_sharing_enabled":true,"_links":{"self":[{"href":"http:\/\/4u.ezc.vn\/index.php?rest_route=\/wp\/v2\/pages\/205"}],"collection":[{"href":"http:\/\/4u.ezc.vn\/index.php?rest_route=\/wp\/v2\/pages"}],"about":[{"href":"http:\/\/4u.ezc.vn\/index.php?rest_route=\/wp\/v2\/types\/page"}],"author":[{"embeddable":true,"href":"http:\/\/4u.ezc.vn\/index.php?rest_route=\/wp\/v2\/users\/1"}],"replies":[{"embeddable":true,"href":"http:\/\/4u.ezc.vn\/index.php?rest_route=%2Fwp%2Fv2%2Fcomments&post=205"}],"version-history":[{"count":8,"href":"http:\/\/4u.ezc.vn\/index.php?rest_route=\/wp\/v2\/pages\/205\/revisions"}],"predecessor-version":[{"id":542,"href":"http:\/\/4u.ezc.vn\/index.php?rest_route=\/wp\/v2\/pages\/205\/revisions\/542"}],"up":[{"embeddable":true,"href":"http:\/\/4u.ezc.vn\/index.php?rest_route=\/wp\/v2\/pages\/190"}],"wp:featuredmedia":[{"embeddable":true,"href":"http:\/\/4u.ezc.vn\/index.php?rest_route=\/wp\/v2\/media\/536"}],"wp:attachment":[{"href":"http:\/\/4u.ezc.vn\/index.php?rest_route=%2Fwp%2Fv2%2Fmedia&parent=205"}],"curies":[{"name":"wp","href":"https:\/\/api.w.org\/{rel}","templated":true}]}}