{"id":202,"date":"2010-06-16T01:20:40","date_gmt":"2010-06-15T18:20:40","guid":{"rendered":"http:\/\/4u.ezc.vn\/?page_id=202"},"modified":"2010-06-30T00:40:37","modified_gmt":"2010-06-29T17:40:37","slug":"b%e1%bb%83-ph%e1%bb%91t-h%e1%ba%a7m-bio-gas","status":"publish","type":"page","link":"http:\/\/4u.ezc.vn\/?page_id=202","title":{"rendered":"B\u1ec3 ph\u1ed1t &#8211; h\u1ea7m bio gas"},"content":{"rendered":"<p style=\"text-align: justify;\">\u0110\u1ea7u ra c\u1ee7a cu\u1ed9c s\u1ed1ng c\u1ea7n \u0111\u01b0\u1ee3c x\u1eed l\u00fd m\u1ed9t c\u00e1ch khoa h\u1ecdc, tr\u00e1nh c\u00e1c t\u1eadp qu\u00e1n m\u1ea5t v\u1ec7 sinh t\u1eeb x\u01b0a nh\u01b0 nh\u00e0 v\u1ec7 sinh th\u1ea3i th\u1eb3ng xu\u1ed1ng ao (c\u1ea7u t\u00f5m). Y\u00eau c\u1ea7u d\u1ee9t kho\u00e1t cho c\u00e1c nh\u00e0 x\u00e2y m\u1edbi l\u00e0 ph\u1ea3i c\u00f3 b\u1ec3 ph\u1ed1t (h\u1ea7m c\u1ea7u) \u0111\u1ec3 x\u1eed l\u00fd ph\u00e2n. Nh\u1eefng n\u01a1i c\u00f3 \u0111i\u1ec1u ki\u1ec7n v\u1ec1 k\u1ef9 thu\u1eadt, v\u1eadt li\u1ec7u (nh\u01b0 c\u00e1c h\u1ed9 ch\u0103n nu\u00f4i, s\u1ea3n xu\u1ea5t th\u1ef1c ph\u1ea9m&#8230;) n\u00ean x\u00e2y d\u1ef1ng th\u00eam h\u1ea7m bio-gas \u0111\u1ec3 x\u1eed l\u00fd ch\u1ea5t th\u1ea3i, \u0111\u1ed3ng th\u1eddi cung c\u1ea5p ch\u1ea5t \u0111\u1ed1t v\u00e0 ph\u00e2n b\u00f3n r\u1ea5t hi\u1ec7u qu\u1ea3 cho gia \u0111\u00ecnh.<\/p>\n<p style=\"text-align: justify;\"><strong>I. B\u1ec3 ph\u1ed1t:<\/strong><\/p>\n<p style=\"text-align: justify;\">B\u1ec3 ph\u1ed1t\u00a0x\u00e2y ng\u1ea7m d\u01b0\u1edbi \u0111\u1ea5t g\u1ed3m c\u00f3 3 ng\u0103n. K\u00edch th\u01b0\u1edbc c\u00e1c ng\u0103n \u1ea3nh h\u01b0\u1edfng \u0111\u1ebfn vi\u1ec7c l\u00ean men, ho\u1ea1t \u0111\u1ed9ng c\u1ee7a vi sinh v\u1eadt n\u00ean \u1ea3nh h\u01b0\u1edfng \u0111\u1ebfn vi\u1ec7c n\u01b0\u1edbc th\u1ea3i c\u1ee7a b\u1ec3 ph\u1ed1t c\u00f3 h\u1ee3p v\u1ec7 sinh m\u00f4i tr\u01b0\u1eddng hay kh\u00f4ng. M\u1ed9t s\u1ed1 k\u00edch th\u01b0\u1edbc tham kh\u1ea3o t\u1eeb b\u1ec3 ph\u1ed1t l\u1eafp gh\u00e9p c\u1ee7a <a href=\"http:\/\/www.busadco.com.vn\/index.php?nv=Detai&amp;tg=view&amp;id=3\" target=\"_blank\">C\u00f4ng ty Tho\u00e1t n\u01b0\u1edbc \u0111\u00f4 th\u1ecb t\u1ec9nh B\u00e0 R\u1ecba- V\u0169ng T\u00e0u <\/a>:<\/p>\n<ul style=\"text-align: justify;\">\n<li>Lo\u1ea1i b\u1ec3 ph\u1ed1t 1 ng\u0103n: c\u00f3 k\u00edch th\u01b0\u1edbc trung b\u00ecnh: BxHxL (m): 0.8 \u00a0x 1.0 \u00a0x \u00a00.91 (m)<\/li>\n<li>Lo\u1ea1i b\u1ec3 ph\u1ed1t 2 ng\u0103n: c\u00f3 k\u00edch th\u01b0\u1edbc trung b\u00ecnh: BxHxL (m): 1.2 x 1.0 x 0.91 (m)<\/li>\n<li>\u1ed0ng v\u00e0o b\u1ec3 ph\u1ed1t: 02 \u1ed1ng d\u1eabn n\u1ed1i t\u1eeb b\u1ec3 x\u00ed, b\u1ec7 ti\u1ec3u khu WC v\u00e0o b\u1ec3 ph\u1ed1t<\/li>\n<li>\u1ed0ng ra b\u1ec3 ph\u1ed1t: \u1ed1ng d\u1eabn n\u1ed1i t\u1eeb b\u1ec3 ph\u1ed1t ra h\u1ed1 ga ki\u1ec3m tra v\u00e0 tho\u00e1t ra ngo\u00e0i c\u1ed1ng tho\u00e1t n\u01b0\u1edbc chung c\u1ee7a khu v\u1ef1c,<\/li>\n<li>\u1ed0ng th\u00f4ng h\u01a1i cho b\u1ec3 ph\u1ed1t;<\/li>\n<li>\u1ed0ng th\u00f4ng h\u00fat c\u1eb7n b\u1ec3 ph\u1ed1t: d\u00f9ng \u1ed1ng m\u1ec1m di \u0111\u1ed9ng lu\u1ed3n trong \u1ed1ng ra b\u1ec3 ph\u1ed1t \u0111\u1ec3 th\u00f4ng h\u00fat c\u1eb7n.<\/li>\n<li>H\u1ed1 ga ki\u1ec3m tra: \u0111\u01b0\u1ee3c x\u00e2y d\u1ef1ng b\u00ean ngo\u00e0i h\u00e0ng r\u00e0o nh\u00e0 d\u00e2n, t\u1ea1i v\u1ecb tr\u00ed thu\u1eadn ti\u1ec7n cho th\u00f4ng h\u00fat c\u1eb7n.<\/li>\n<li>Tr\u1ecdng l\u01b0\u1ee3ng: Trung b\u00ecnh 500-800kg<\/li>\n<li>Kinh ph\u00ed th\u1ef1c hi\u1ec7n: trung b\u00ecnh: 2.150.000 \u2013 3.600.000 \u0111\u1ed3ng<\/li>\n<\/ul>\n<p style=\"text-align: justify;\"><img loading=\"lazy\" decoding=\"async\" title=\"phoi canh be phot vung tau\" src=\"http:\/\/www.busadco.com.vn\/uploads\/phoicanh.jpg\" alt=\"\" width=\"378\" height=\"285\" \/><\/p>\n<p style=\"text-align: justify;\">B\u1ec3 2 ng\u0103n:<\/p>\n<p style=\"text-align: justify;\"><img loading=\"lazy\" decoding=\"async\" title=\"be 2 ngan vung tau\" src=\"http:\/\/www.busadco.com.vn\/uploads\/4%20Be%20phot%20thanh%20pham%202%20ngan%20-%2001.jpg\" alt=\"\" width=\"282\" height=\"208\" \/><\/p>\n<p style=\"text-align: justify;\">L\u1eafp \u0111\u1eb7t t\u1ea1i c\u00f4ng tr\u00ecnh:<\/p>\n<p style=\"text-align: justify;\"><img loading=\"lazy\" decoding=\"async\" title=\"Lap dat tai cong trinh be phot vung tau\" src=\"http:\/\/www.busadco.com.vn\/uploads\/5%20Qua%20trinh%20lap%20dat%20tai%20hien%20truong%2010.jpg\" alt=\"\" width=\"250\" height=\"187\" \/><\/p>\n<p style=\"text-align: justify;\"><em>(Ghi ch\u00fa: c\u00e1c s\u1ea3n ph\u1ea9m gi\u1ea3i ph\u00e1p n\u00e0y \u0111\u00e3 \u0111\u01b0\u1ee3c t\u00e1c gi\u1ea3 \u0111\u0103ng k\u00fd b\u1ea3o h\u1ed9 &#8211; th\u00f4ng tin t\u1ea1i trang web)<\/em><\/p>\n<p style=\"text-align: justify;\"><strong>L\u01b0u \u00fd:<\/strong> nh\u01b0 tr\u00ean \u0111\u00e3 n\u00f3i, vi\u1ec7c x\u00e2y d\u1ef1ng b\u1ec3 ph\u1ed1t c\u1ea7n \u0111\u1ea3m b\u1ea3o <strong>k\u00edch th\u01b0\u1edbc \u0111\u1ea1t chu\u1ea9n<\/strong> \u0111\u1ec3 ch\u1ea5t l\u01b0\u1ee3ng n\u01b0\u1edbc th\u1ea3i \u0111\u1ea1t ti\u00eau chu\u1ea9n v\u1ec7 sinh m\u00f4i tr\u01b0\u1eddng, n\u1ebfu c\u00f3 \u0111i\u1ec1u ki\u1ec7n th\u00ec n\u00ean mua c\u00e1c lo\u1ea1i<strong> b\u1ec3 \u0111\u00fac s\u1eb5n<\/strong>, c\u00f3 th\u01b0\u01a1ng hi\u1ec7u. N\u1ebfu \u1edf \u0111\u1ecba ph\u01b0\u01a1ng ch\u01b0a c\u00f3 s\u1ea3n ph\u1ea9m n\u00e0y, c\u00f3 th\u1ec3 <strong>tham kh\u1ea3o k\u00edch th\u01b0\u1edbc<\/strong> \u0111\u1ec3 t\u1ef1 x\u00e2y d\u1ef1ng.<\/p>\n<p style=\"text-align: justify;\"><strong>II. H\u1ea7m\u00a0bio-gas:<\/strong><\/p>\n<p style=\"text-align: justify;\">H\u1ea7m bio &#8211; gas l\u00e0 m\u1ed9t \u1ee9ng d\u1ee5ng c\u00f3 nhi\u1ec1u l\u1ee3i \u00edch cho n\u00f4ng th\u00f4n v\u00e0 \u0111\u01b0\u1ee3c r\u1ea5t nhi\u1ec1u c\u01a1 quan, t\u1ed5 ch\u1ee9c khuy\u1ebfn kh\u00edch x\u00e2y d\u1ef1ng. L\u1ee3i \u00edch c\u1ee7a h\u1ea7m n\u00e0y l\u00e0 l\u1ee3i \u00edch nhi\u1ec1u m\u1eb7t: x\u1eed l\u00fd \u0111\u01b0\u1ee3c r\u00e1c th\u1ea3i c\u1ee7a chan nu\u00f4i, s\u1ea3n xu\u1ea5t th\u1ef1c ph\u1ea9m, r\u01a1m r\u1ea1&#8230; t\u1ea1o ra ngu\u1ed3n ch\u1ea5t \u0111\u1ed1t s\u1ea1ch v\u00e0 t\u1ea1o ra ph\u00e2n b\u00f3n h\u1eefu c\u01a1 s\u1ea1ch. Hi\u1ec7n nay c\u00f3 kh\u00e1 nhi\u1ec1u c\u00f4ng ngh\u1ec7 x\u00e2y d\u1ef1ng h\u1ea7m kh\u00e1c nhau.<\/p>\n<p style=\"text-align: justify;\"><img loading=\"lazy\" decoding=\"async\" title=\"xay ham bio gas\" src=\"http:\/\/www.dangcongsan.vn\/admin\/Upload\/News\/2009\/8\/bog.bmp\" alt=\"\" width=\"284\" height=\"185\" \/><\/p>\n<p style=\"text-align: justify;\"><strong>C\u00e1c b\u00e0i vi\u1ebft hay v\u1ec1 h\u1ea7m bio &#8211; gas:<\/strong><\/p>\n<p style=\"text-align: justify;\">1. K\u1ef9 thu\u1eadt v\u00e0 kinh nghi\u1ec7m x\u00e2y d\u1ef1ng Thi\u1ebft b\u1ecb kh\u00ed sinh h\u1ecdc \u1edf Vi\u1ec7t Nam &#8211; T\u00e1c gi\u1ea3 Nguy\u1ec5n Quang Kh\u1ea3i \u0111\u00e3 tr\u00ecnh b\u00e0y c\u00e1c lo\u1ea1i thi\u1ebft b\u1ecb kh\u00ed sinh h\u1ecdc \u0111\u00e3 t\u1ed3n t\u1ea1i \u1edf Vi\u1ec7t nam v\u00e0 h\u01b0\u1edbng d\u1eabn k\u1ef9 thu\u1eadt x\u00e2y d\u1ef1ng loa\u1ecb thi\u1ebft b\u1ecb ki\u1ec3u v\u00f2m c\u1ea7u KT1, KT2, KT31, bi\u1ec7n ph\u00e1p ch\u1ed1ng th\u1ea5m kh\u00ed.<\/p>\n<p style=\"text-align: justify;\">Nh\u1ea5p v\u00e0o<a href=\"http:\/\/biogascenter.vn\/images\/tailieu\/kythuat.pdf\" target=\"_blank\"> \u0111\u00e2y <\/a>\u0111\u1ec3 xem to\u00e0n v\u0103n.<\/p>\n<p style=\"text-align: justify;\">C\u00e1c cu\u1ed1n s\u00e1ch k\u1ef9 thu\u1eadt chi ti\u1ebft h\u01a1n c\u1ee7a c\u00f9ng t\u00e1c gi\u1ea3:<\/p>\n<ul style=\"text-align: justify;\">\n<li><a href=\"\/images\/SachKSH\/kt1kt2.pdf\">Thi\u1ebft b\u1ecb kh\u00ed sinh h\u1ecdc KT1 v\u00e0 KT2<\/a><\/li>\n<li><a href=\"\/images\/SachKSH\/kt31.pdf\">Thi\u1ebft b\u1ecb kh\u00ed sinh h\u1ecdc KT31<\/a><\/li>\n<li><a href=\"\/images\/SachKSH\/tbkshlon.pdf\">Thi\u1ebft b\u1ecb kh\u00ed sinh h\u1ecdc\u00a0quy m\u00f4\u00a0l\u1edbn<\/a><\/li>\n<li><a href=\"\/images\/Hoatdong\/khaivifotec.doc\">Ngh\u1ec1 s\u1ea3n xu\u1ea5t kh\u00ed sinh h\u1ecdc<\/a><\/li>\n<\/ul>\n<p style=\"text-align: justify;\">2. <a href=\"http:\/\/baigiang.violet.vn\/present\/show\/entry_id\/213307\" target=\"_blank\">Ti\u1ec3u lu\u1eadn Bio &#8211; gas<\/a><\/p>\n<p style=\"text-align: justify;\">3. <a href=\"http:\/\/nlsk.blogspot.com\/2005\/02\/kinh-nghim-xy-dng-hm-biogas-vac-vi-na.html\" target=\"_blank\">Kinh nghi\u1ec7m x\u00e2y d\u1ef1ng h\u1ea7m Biogas &#8211; V.A.C Vi Na<\/a><\/p>\n<p style=\"text-align: justify;\"><strong>L\u01b0u \u00fd:<\/strong> c\u00e1c t\u00e0i li\u1ec7u v\u1ec1 h\u1ea7m bio-gas l\u01b0u h\u00e0nh kh\u00e1 nhi\u1ec1u, nh\u01b0ng th\u01b0\u1eddng l\u00e0 c\u00e1c t\u00e0i li\u1ec7u k\u1ef9 thu\u1eadt c\u00f3 th\u1ec3 <strong>kh\u00f4ng d\u1ec5 hi\u1ec3u <\/strong>v\u1edbi \u0111\u1ea1i b\u1ed9 ph\u1eadn ng\u01b0\u1eddi d\u00e2n. N\u1ebfu b\u1ea1n l\u00e0 <strong>ng\u01b0\u1eddi chuy\u00ean \u0111i x\u00e2y d\u1ef1ng h\u1ea7m bio-gas<\/strong>, \u0111\u00e2y c\u00f3 th\u1ec3 l\u00e0 ngu\u1ed3n t\u00e0i li\u1ec7u k\u1ef9 thu\u1eadt t\u1ed1t gi\u00fap b\u1ea1n <strong>n\u00e2ng cao k\u1ef9 thu\u1eadt. <\/strong>N\u1ebfu b\u1ea1n l\u00e0<strong> ng\u01b0\u1eddi s\u1eed d\u1ee5ng th\u00f4ng th\u01b0\u1eddng<\/strong>, ch\u1ec9 n\u00ean t\u00ecm hi\u1ec3u <strong>s\u01a1 l\u01b0\u1ee3c<\/strong> r\u1ed3i t\u00ecm c\u00e1c \u00f4ng th\u1ee3 chuy\u00ean nghi\u1ec7p trong \u0111\u1ecba ph\u01b0\u01a1ng, c\u00f3 th\u1ec3 li\u00ean l\u1ea1c v\u1edbi c\u00e1c<strong> ph\u00f2ng khuy\u1ebfn n\u00f4ng<\/strong> \u0111\u1ec3 t\u00ecm hi\u1ec3u \u0111\u00e3 c\u00f3 \u0111\u1ed9i th\u1ee3 n\u00e0o l\u00e0m h\u1ea7m bio &#8211; gas trong \u0111\u1ecba ph\u01b0\u01a1ng m\u00ecnh ch\u01b0a?<\/p>\n<p style=\"text-align: justify;\">Hi\u1ec7n nay c\u00f3 c\u01a1 s\u1edf \u0111\u00e3 s\u1ea3n xu\u1ea5t h\u1ea7m bio-gas b\u1eb1ng v\u1eadt li\u1ec7u composite v\u1edbi nhi\u1ec1u k\u00edch c\u1ee1 ph\u1ee5c v\u1ee5 cho c\u00e1c nhu c\u1ea7u kh\u00e1c nhau, n\u00ean c\u00e2n nh\u1eafc gi\u00e1 mua, l\u1eafp \u0111\u1eb7t r\u1ed3i s\u1eed d\u1ee5ng c\u00f3 d\u1ec5 d\u00e0ng, \u00edt g\u1eb7p tr\u1ee5c tr\u1eb7c kh\u00f4ng &#8230; so s\u00e1nh v\u1edbi vi\u1ec7c x\u00e2y h\u00e0m g\u1ea1ch \u0111\u1ec3 quy\u1ebft \u0111\u1ecbnh l\u1ef1a ch\u1ecdn. Th\u00f4ng tin v\u1ec1 c\u01a1 s\u1edf s\u1ea3n xu\u1ea5t h\u1ea7m bio-gas composit:<\/p>\n<p style=\"text-align: justify;\">1.\u00a0C\u00d4NG TY TNHH S\u1ea2N XU\u1ea4T V\u00c0 TH\u01af\u01a0NG M\u1ea0I <a href=\"http:\/\/www.thanhloccomposite.com\/\" target=\"_blank\">TH\u00c0NH L\u1ed8C COMPOSITE<\/a><\/p>\n<ul style=\"text-align: justify;\">\n<li>\u0110\u1ecba ch\u1ec9: KCN Nguy\u00ean X\u00e1 &#8211; Huy\u1ec7n \u0110\u00f4ng H\u01b0ng &#8211; T\u1ec9nh Th\u00e1i B\u00ecnh<\/li>\n<li>Tel\/Fax: 0363 555 668 &#8211; Mobile: 0902 039 012<\/li>\n<li>CHI NH\u00c1NH S\u1ea2N XU\u1ea4T V\u00c0 TH\u01af\u01a0NG M\u1ea0I T\u1ea0I MI\u1ec0N TRUNG<\/li>\n<li>\u0110\u1ecba ch\u1ec9: SN373 &#8211; \u0110\u01b0\u1eddng 26-3 &#8211; Ph\u01b0\u1eddng \u0110\u1ea1i N\u00e0i &#8211; TP H\u00e0 T\u0129nh<\/li>\n<\/ul>\n<p style=\"text-align: justify;\"><a href=\"http:\/\/www.thanhloccomposite.com\/Biogas-composite.html\" target=\"_blank\">S\u1ea3n ph\u1ea9m: <\/a><\/p>\n<p style=\"text-align: justify;\"><img loading=\"lazy\" decoding=\"async\" title=\"bio gas composit thanh loc\" src=\"http:\/\/www.thanhloccomposite.com\/components\/com_virtuemart\/shop_image\/product\/Biogas_composite_4b54632444e2e.jpg\" alt=\"\" width=\"199\" height=\"135\" \/>\u00a0<img loading=\"lazy\" decoding=\"async\" title=\"lap dat bio gas composit thanh loc\" src=\"http:\/\/www.thanhloccomposite.com\/components\/com_virtuemart\/shop_image\/product\/Biogas_composite_4b5462ff07e82.jpg\" alt=\"\" width=\"198\" height=\"135\" \/><\/p>\n<p style=\"text-align: justify;\">Quay\u00a0v\u1ec1 <a href=\"http:\/\/4u.ezc.vn\/?page_id=190\">trang ch\u00ednh<\/a><\/p>\n<!-- AddThis Advanced Settings generic via filter on the_content --><!-- AddThis Share Buttons generic via filter on the_content -->","protected":false},"excerpt":{"rendered":"<p>\u0110\u1ea7u ra c\u1ee7a cu\u1ed9c s\u1ed1ng c\u1ea7n \u0111\u01b0\u1ee3c x\u1eed l\u00fd m\u1ed9t c\u00e1ch khoa h\u1ecdc, tr\u00e1nh c\u00e1c t\u1eadp qu\u00e1n m\u1ea5t v\u1ec7 sinh t\u1eeb x\u01b0a nh\u01b0 nh\u00e0 v\u1ec7 sinh th\u1ea3i th\u1eb3ng xu\u1ed1ng ao (c\u1ea7u t\u00f5m). Y\u00eau c\u1ea7u d\u1ee9t kho\u00e1t cho c\u00e1c nh\u00e0 x\u00e2y &hellip;<\/p>\n<p class=\"read-more\"> <a class=\"more-link\" href=\"http:\/\/4u.ezc.vn\/?page_id=202\"> <span class=\"screen-reader-text\">B\u1ec3 ph\u1ed1t &#8211; h\u1ea7m bio gas<\/span> Read More &raquo;<\/a><\/p>\n<p><!-- AddThis Advanced Settings generic via filter on get_the_excerpt --><!-- AddThis Share Buttons generic via filter on get_the_excerpt --><\/p>\n","protected":false},"author":1,"featured_media":536,"parent":190,"menu_order":4,"comment_status":"open","ping_status":"open","template":"","meta":{"jetpack_post_was_ever_published":false,"footnotes":""},"jetpack_shortlink":"https:\/\/wp.me\/PYUs3-3g","jetpack_sharing_enabled":true,"_links":{"self":[{"href":"http:\/\/4u.ezc.vn\/index.php?rest_route=\/wp\/v2\/pages\/202"}],"collection":[{"href":"http:\/\/4u.ezc.vn\/index.php?rest_route=\/wp\/v2\/pages"}],"about":[{"href":"http:\/\/4u.ezc.vn\/index.php?rest_route=\/wp\/v2\/types\/page"}],"author":[{"embeddable":true,"href":"http:\/\/4u.ezc.vn\/index.php?rest_route=\/wp\/v2\/users\/1"}],"replies":[{"embeddable":true,"href":"http:\/\/4u.ezc.vn\/index.php?rest_route=%2Fwp%2Fv2%2Fcomments&post=202"}],"version-history":[{"count":6,"href":"http:\/\/4u.ezc.vn\/index.php?rest_route=\/wp\/v2\/pages\/202\/revisions"}],"predecessor-version":[{"id":541,"href":"http:\/\/4u.ezc.vn\/index.php?rest_route=\/wp\/v2\/pages\/202\/revisions\/541"}],"up":[{"embeddable":true,"href":"http:\/\/4u.ezc.vn\/index.php?rest_route=\/wp\/v2\/pages\/190"}],"wp:featuredmedia":[{"embeddable":true,"href":"http:\/\/4u.ezc.vn\/index.php?rest_route=\/wp\/v2\/media\/536"}],"wp:attachment":[{"href":"http:\/\/4u.ezc.vn\/index.php?rest_route=%2Fwp%2Fv2%2Fmedia&parent=202"}],"curies":[{"name":"wp","href":"https:\/\/api.w.org\/{rel}","templated":true}]}}