{"id":2,"date":"2010-06-05T18:37:43","date_gmt":"2010-06-05T18:37:43","guid":{"rendered":"http:\/\/4u.ezc.vn\/?page_id=2"},"modified":"2010-06-29T17:18:19","modified_gmt":"2010-06-29T10:18:19","slug":"about","status":"publish","type":"page","link":"http:\/\/4u.ezc.vn\/?page_id=2","title":{"rendered":"M\u1edf \u0111\u1ea7u"},"content":{"rendered":"<p style=\"text-align: justify;\"><em>&#8216;L\u1ea5y v\u1ee3, L\u00e0m nh\u00e0, T\u1eadu tr\u00e2u&#8217;<\/em><\/p>\n<p style=\"text-align: justify;\">C\u00e2u ca cho th\u1ea5y vi\u1ec7c x\u00e2y m\u1ed9t ng\u00f4i nh\u00e0 cho m\u00ecnh c\u00f3 t\u1ea7m quan tr\u1ecdng th\u1ebf n\u00e0o v\u1edbi ng\u01b0\u1eddi d\u00e2n n\u01b0\u1edbc ta. Mong \u01b0\u1edbc c\u00f3 \u0111\u01b0\u1ee3c ng\u00f4i nh\u00e0 khi\u1ebfn ph\u1ea7n \u0111\u00f4ng ng\u01b0\u1eddi d\u00e2n c\u00f3 xu h\u01b0\u1edbng d\u1ed3n h\u1ebft c\u00e1c ngu\u1ed3n l\u1ef1c m\u00ecnh c\u00f3, vay m\u01b0\u1ee3n \u0111\u01b0\u1ee3c&#8230;cho vi\u1ec7c x\u00e2y nh\u00e0. V\u00ec th\u1ebf n\u00ean th\u01b0\u1eddng c\u00f3 c\u00e2u<em> &#8216;l\u00e0m ru\u1ed9ng th\u00ec ra, l\u00e0m nh\u00e0 th\u00ec t\u1ed1n&#8217;<\/em>. Thi\u1ebfu m\u1ed9t k\u1ebf ho\u1ea1ch v\u1ed1n v\u00e0 thi\u1ebft k\u1ebf &#8211; thi c\u00f4ng ph\u00f9 h\u1ee3p l\u00e0 hi\u1ec7n t\u01b0\u1ee3ng kh\u00e1 ph\u1ed5 bi\u1ebfn trong b\u1ed9 ph\u1eadn d\u00e2n c\u01b0 \u1edf c\u00e1c \u0111\u00f4 th\u1ecb v\u1eeba v\u00e0 nh\u1ecf, n\u01a1i c\u00e1c d\u1ecbch v\u1ee5 n\u00e0y kh\u00f4ng ph\u1ed5 bi\u1ebfn nh\u01b0 \u1edf c\u00e1c th\u00e0nh ph\u1ed1 l\u1edbn.<\/p>\n<p style=\"text-align: justify;\"><a href=\"http:\/\/4u.ezc.vn\/wp-content\/uploads\/010520100192.jpg\"><img loading=\"lazy\" decoding=\"async\" data-attachment-id=\"150\" data-permalink=\"http:\/\/4u.ezc.vn\/?attachment_id=150\" data-orig-file=\"http:\/\/4u.ezc.vn\/wp-content\/uploads\/010520100192.jpg\" data-orig-size=\"2048,1536\" data-comments-opened=\"1\" data-image-meta=\"{&quot;aperture&quot;:&quot;0&quot;,&quot;credit&quot;:&quot;&quot;,&quot;camera&quot;:&quot;&quot;,&quot;caption&quot;:&quot;&quot;,&quot;created_timestamp&quot;:&quot;0&quot;,&quot;copyright&quot;:&quot;&quot;,&quot;focal_length&quot;:&quot;0&quot;,&quot;iso&quot;:&quot;0&quot;,&quot;shutter_speed&quot;:&quot;0&quot;,&quot;title&quot;:&quot;&quot;}\" data-image-title=\"01052010019\" data-image-description=\"\" data-image-caption=\"\" data-medium-file=\"http:\/\/4u.ezc.vn\/wp-content\/uploads\/010520100192-300x225.jpg\" data-large-file=\"http:\/\/4u.ezc.vn\/wp-content\/uploads\/010520100192-1024x768.jpg\" class=\"alignleft size-medium wp-image-150\" title=\"01052010019\" src=\"http:\/\/4u.ezc.vn\/wp-content\/uploads\/010520100192-300x225.jpg\" alt=\"M\u1ea3nh \u0111\u1ea5t n\u00e0y c\u00f3 th\u1ec3 \u0111ang c\u1ea7n \u0111\u01b0\u1ee3c t\u01b0 v\u1ea5n x\u00e2y nh\u00e0 th\u1ebf n\u00e0o?\" width=\"300\" height=\"225\" srcset=\"http:\/\/4u.ezc.vn\/wp-content\/uploads\/010520100192-300x225.jpg 300w, http:\/\/4u.ezc.vn\/wp-content\/uploads\/010520100192-1024x768.jpg 1024w, http:\/\/4u.ezc.vn\/wp-content\/uploads\/010520100192.jpg 2048w\" sizes=\"(max-width: 300px) 100vw, 300px\" \/><\/a>M\u1ee5c \u0111\u00edch c\u1ee7a ch\u00fang t\u00f4i l\u00e0 l\u00e0m sao \u0111\u1ec3 gi\u00fap nh\u1eefng ng\u01b0\u1eddi d\u00e2n n\u00e0y c\u00f3 \u0111\u01b0\u1ee3c c\u00e1c c\u00e2n nh\u1eafc\u00a0v\u1ec1 vi\u1ec7c x\u00e2y nh\u00e0 \u0111\u1ec3 tr\u00e1nh r\u01a1i v\u00e0o t\u00ecnh tr\u1ea1ng n\u00eau tr\u00ean. C\u00e1c v\u1ea5n \u0111\u1ec1 n\u00eau ra \u1edf \u0111\u00e2y c\u00f3 th\u1ec3 kh\u00f4ng m\u1edbi v\u1edbi b\u1ea1n, ng\u01b0\u1eddi \u0111\u1ecdc \u0111\u01b0\u1ee3c nh\u1eefng d\u00f2ng n\u00e0y, nh\u01b0ng c\u00f3 th\u1ec3 v\u1eabn r\u1ea5t h\u1eefu \u00edch v\u1edbi nh\u1eefng ng\u01b0\u1eddi d\u00e2n ch\u01b0a c\u00f3 \u0111i\u1ec1u ki\u1ec7n ti\u1ebfp x\u00fac nhi\u1ec1u v\u1edbi th\u00f4ng tin. V\u1eady n\u1ebfu b\u1ea1n bi\u1ebft ai c\u1ea7n nh\u1eefng th\u00f4ng tin n\u00e0y, xin h\u00e3y chuy\u1ec3n cho h\u1ecd, h\u01a1n n\u1eefa, n\u1ebfu b\u1ea1n quan t\u00e2m, h\u00e3y tham gia v\u1edbi ch\u00fang t\u00f4i m\u1ed9t tay. Ch\u00fang t\u00f4i nhi\u1ec7t li\u1ec7t hoan ngh\u00eanh m\u1ecdi s\u1ef1 \u0111\u00f3ng g\u00f3p t\u1eeb c\u00e1c b\u1ea1n. B\u00ean tay ph\u1ea3i c\u1ee7a m\u1ed7i b\u00e0i \u0111\u1ec1u c\u00f3 n\u00fat chia s\u1ebb th\u00f4ng tin \u1edf \u0111\u00e2y \u0111\u1ebfn c\u00e1c n\u01a1i quen thu\u1ed9c c\u1ee7a b\u1ea1n, h\u00e3y gi\u00fap ch\u00fang t\u00f4i ph\u1ed5 bi\u1ebfn r\u1ed9ng th\u00f4ng tin n\u00e0y!<\/p>\n<p style=\"text-align: justify;\">M\u1ed9t m\u1ea3nh \u0111\u1ea5t nh\u01b0 th\u1ebf n\u00e0y \u0111ang ch\u1edd m\u1ed9t ng\u00f4i nh\u00e0 m\u1ecdc l\u00ean, r\u1ea5t c\u00f3 th\u1ec3 ch\u1ee7 nh\u00e0 \u0111ang c\u1ea7n c\u00e1c th\u00f4ng tin trong s\u1ed5 tay n\u00e0y, h\u00e3y gi\u00fap h\u1ecd!<\/p>\n<p style=\"text-align: justify;\">Xin m\u1eddi b\u1eaft \u0111\u1ea7u <a href=\" http:\/\/4u.ezc.vn\/?page_id=190\" target=\"_self\">t\u1eeb \u0111\u00e2y<\/a><\/p>\n<!-- AddThis Advanced Settings generic via filter on the_content --><!-- AddThis Share Buttons generic via filter on the_content -->","protected":false},"excerpt":{"rendered":"<p>&#8216;L\u1ea5y v\u1ee3, L\u00e0m nh\u00e0, T\u1eadu tr\u00e2u&#8217; C\u00e2u ca cho th\u1ea5y vi\u1ec7c x\u00e2y m\u1ed9t ng\u00f4i nh\u00e0 cho m\u00ecnh c\u00f3 t\u1ea7m quan tr\u1ecdng th\u1ebf n\u00e0o v\u1edbi ng\u01b0\u1eddi d\u00e2n n\u01b0\u1edbc ta. Mong \u01b0\u1edbc c\u00f3 \u0111\u01b0\u1ee3c ng\u00f4i nh\u00e0 khi\u1ebfn ph\u1ea7n \u0111\u00f4ng ng\u01b0\u1eddi d\u00e2n c\u00f3 &hellip;<\/p>\n<p class=\"read-more\"> <a class=\"more-link\" href=\"http:\/\/4u.ezc.vn\/?page_id=2\"> <span class=\"screen-reader-text\">M\u1edf \u0111\u1ea7u<\/span> Read More &raquo;<\/a><\/p>\n<p><!-- AddThis Advanced Settings generic via filter on get_the_excerpt --><!-- AddThis Share Buttons generic via filter on get_the_excerpt --><\/p>\n","protected":false},"author":1,"featured_media":535,"parent":0,"menu_order":2,"comment_status":"open","ping_status":"open","template":"","meta":{"jetpack_post_was_ever_published":false,"footnotes":""},"jetpack_shortlink":"https:\/\/wp.me\/PYUs3-2","jetpack_sharing_enabled":true,"_links":{"self":[{"href":"http:\/\/4u.ezc.vn\/index.php?rest_route=\/wp\/v2\/pages\/2"}],"collection":[{"href":"http:\/\/4u.ezc.vn\/index.php?rest_route=\/wp\/v2\/pages"}],"about":[{"href":"http:\/\/4u.ezc.vn\/index.php?rest_route=\/wp\/v2\/types\/page"}],"author":[{"embeddable":true,"href":"http:\/\/4u.ezc.vn\/index.php?rest_route=\/wp\/v2\/users\/1"}],"replies":[{"embeddable":true,"href":"http:\/\/4u.ezc.vn\/index.php?rest_route=%2Fwp%2Fv2%2Fcomments&post=2"}],"version-history":[{"count":20,"href":"http:\/\/4u.ezc.vn\/index.php?rest_route=\/wp\/v2\/pages\/2\/revisions"}],"predecessor-version":[{"id":26,"href":"http:\/\/4u.ezc.vn\/index.php?rest_route=\/wp\/v2\/pages\/2\/revisions\/26"}],"wp:featuredmedia":[{"embeddable":true,"href":"http:\/\/4u.ezc.vn\/index.php?rest_route=\/wp\/v2\/media\/535"}],"wp:attachment":[{"href":"http:\/\/4u.ezc.vn\/index.php?rest_route=%2Fwp%2Fv2%2Fmedia&parent=2"}],"curies":[{"name":"wp","href":"https:\/\/api.w.org\/{rel}","templated":true}]}}