{"id":196,"date":"2010-06-16T01:17:49","date_gmt":"2010-06-15T18:17:49","guid":{"rendered":"http:\/\/4u.ezc.vn\/?page_id=196"},"modified":"2010-06-30T00:38:36","modified_gmt":"2010-06-29T17:38:36","slug":"c%e1%bb%ada-di-va-c%e1%bb%ada-s%e1%bb%95","status":"publish","type":"page","link":"http:\/\/4u.ezc.vn\/?page_id=196","title":{"rendered":"C\u1eeda \u0111i v\u00e0 c\u1eeda s\u1ed5"},"content":{"rendered":"<p style=\"text-align: justify;\">C\u1eeda g\u1ed3m c\u00f3 hai lo\u1ea1i, c\u1eeda \u0111i v\u00e0 c\u1eeda s\u1ed5. Quan ni\u1ec7m x\u01b0a nay \u0111\u1ec1u th\u00edch l\u00e0m c\u1eeda b\u1eb1ng g\u1ed7 x\u1ebb do \u0111\u1eb9p, b\u1ec1n. Do nhu c\u1ea7u ng\u00e0y c\u00e0ng cao, ngu\u1ed3n g\u1ed7 r\u1eebng l\u1ea1i h\u1ea1n ch\u1ebf n\u00ean gi\u00e1 c\u1eeda g\u1ed7 \u0111\u00e3 t\u0103ng cao r\u1ea5t nhi\u1ec1u, chi ph\u00ed cho c\u1eeda g\u1ed7 c\u1ee7a m\u1ed9t ng\u00f4i nh\u00e0 c\u00f3 th\u1ec3 chi\u1ebfm t\u1edbi 3\/10 s\u1ed1 ti\u1ec1n b\u1ecf ra x\u00e2y ng\u00f4i nh\u00e0 \u0111\u00f3. Chi ph\u00ed n\u00e0y c\u00f3 th\u1ec3 gi\u1ea3m b\u1edbt \u0111\u00e1ng k\u1ec3 \u0111\u1ec3 d\u00e0nh ti\u1ec1n cho c\u00e1c vi\u1ec7c kh\u00e1c\u00a0n\u1ebfu c\u00e2n nh\u1eafc c\u00e1c \u0111i\u1ec3m sau:<\/p>\n<ul style=\"text-align: justify;\">\n<li>C\u1eeda m\u1edf ra ngo\u00e0i nh\u00e0, c\u1ea7n ch\u1eafc ch\u1eafn v\u00e0 b\u1ea3o v\u1ec7 \u0111\u01b0\u1ee3c ng\u00f4i nh\u00e0 n\u00ean \u01b0u ti\u00ean l\u00e0m ch\u1eafc ch\u1eafn h\u01a1n c\u00e1c c\u1eeda trong nh\u00e0 nh\u01b0 c\u1eeda v\u00e0o ph\u00f2ng ng\u1ee7, v\u00e0o kho, v\u1ec7 sinh.<\/li>\n<li>Gi\u1ea3m t\u1ed1i \u0111a vi\u1ec7c d\u00f9ng g\u1ed7 t\u1ef1 nhi\u00ean, c\u00e2n nh\u1eafc thay th\u1ebf b\u1eb1ng c\u1eeda s\u1eaft, c\u1eeda nh\u1ef1a, c\u1eeda khung nh\u00f4m k\u00ednh v\u00e0 c\u1eeda g\u1ed7 c\u00f4ng nghi\u1ec7p (d\u0103m g\u1ed7 \u00e9p). M\u1ed9t gi\u1ea3i ph\u00e1p c\u00f2n \u00edt \u0111\u01b0\u1ee3c \u00e1p d\u1ee5ng l\u00e0 c\u1eeda c\u00f3 khung x\u01b0\u01a1ng b\u1eb1ng g\u1ed7, nh\u1ef1a ho\u1eb7c\u00a0th\u00e9p h\u1ed9p, hai m\u1eb7t \u0111\u00f3ng g\u1ed7 d\u00e1n. C\u1eeda lo\u1ea1i n\u00e0y s\u1ebd nh\u1eb9 nh\u00e0ng, d\u1ec5 tr\u1ed5 \u00f4 k\u00ednh, ch\u1edbp, d\u1ec5 s\u01a1n ph\u1ee7 m\u00e0u s\u1eafc v\u00e0 ti\u1ebft ki\u1ec7m h\u01a1n. B\u00ean d\u01b0\u1edbi c\u00f3 minh h\u1ecda m\u1ed9t c\u1ea5u t\u1ea1o m\u1eabu v\u1ec1 lo\u1ea1i c\u1eeda n\u00e0y.<\/li>\n<li>Khu\u00f4n c\u1eeda kh\u00f4ng nh\u1ea5t thi\u1ebft ph\u1ea3i l\u00e0m g\u1ed7 \u0111\u1eb7c nguy\u00ean kh\u1ed1i, c\u00f3 th\u1ec3 l\u00e0m khu\u00f4n \u0111\u01a1n ho\u1eb7c khu\u00f4n k\u00e9p ki\u1ec3u l\u1eafp gh\u00e9p \u0111\u1ec3 gi\u1ea3m b\u1edbt kh\u1ed1i l\u01b0\u1ee3ng g\u1ed7 m\u00e0 v\u1eabn t\u1ea1o v\u1ebb \u0111\u1eb9p nh\u01b0 khu\u00f4n k\u00e9p truy\u1ec1n th\u1ed1ng (xem minh h\u1ecda b\u00ean d\u01b0\u1edbi). C\u1eeda v\u00e0\u00a0 khu\u00f4n c\u1eeda l\u00e0m t\u1eeb nhi\u1ec1u chi ti\u1ebft nh\u1ecf l\u1eafp gh\u00e9p c\u00f2n h\u1ea1n ch\u1ebf vi\u1ec7c co ng\u00f3t, cong v\u00eanh c\u1ee7a g\u1ed7 li\u1ec1n t\u1ea5m do g\u1ed7 ch\u01b0a \u0111\u01b0\u1ee3c ph\u01a1i s\u1ea5y k\u1ef9 trong c\u00e1c x\u01b0\u1edfng th\u1ee7 c\u00f4ng.<\/li>\n<\/ul>\n<ul style=\"text-align: justify;\">\n<li>N\u00ean l\u00e0m c\u1eeda 1 ho\u1eb7c 2 c\u00e1nh, nhi\u1ec1u h\u01a1n s\u1ebd d\u1ec5 b\u1ecb\u00a0s\u1ec7 c\u00e1nh, g\u00e2y kh\u00f3 \u0111\u00f3ng m\u1edf v\u1ec1 sau.<\/li>\n<li>C\u1eeda \u0111i m\u1edf t\u1ef1a v\u00e0o t\u01b0\u1eddng n\u00ean l\u00e0m con \u0111\u1ee1 c\u1eeda g\u1eafn tr\u00ean t\u01b0\u1eddng ho\u1eb7c s\u00e0n \u0111\u1ec3 tr\u00e1nh \u0111\u1eadp c\u00e1nh c\u1eeda m\u1ea1nh v\u00e0o t\u01b0\u1eddng m\u1ed7i khi m\u1edf.<\/li>\n<li>K\u00edch th\u01b0\u1edbc c\u00e1nh n\u00ean v\u1eeba ph\u1ea3i, kh\u00f4ng n\u00ean r\u1ed9ng qu\u00e1 g\u00e2y t\u1ed1n k\u00e9m v\u00e0 kh\u00f3 k\u00ea \u0111\u1ed3 \u0111\u1ea1c. K\u00edch th\u01b0\u1edbc 1 c\u00e1nh c\u1eeda s\u1ed5 n\u00ean t\u1eeb 45-60cm, c\u1eeda \u0111i t\u1eeb 60-90 cm l\u00e0 ph\u00f9 h\u1ee3p.<\/li>\n<li>Mi\u1ec1n B\u1eafc v\u00e0 b\u1eafc Trung b\u1ed9 n\u00ean c\u00e2n nh\u1eafc l\u00e0m c\u1eeda 2 l\u1edbp &#8216;trong k\u00ednh ngo\u00e0i ch\u1edbp&#8217; \u0111\u1ec3 ph\u00f9 h\u1ee3p v\u1edbi kh\u00ed h\u1eadu 4 m\u00f9a.<\/li>\n<\/ul>\n<p style=\"text-align: justify;\"><em>Ch\u00fa \u00fd:<\/em> V\u1edbi c\u00e1c c\u1eeda c\u00f3 l\u1eafp kh\u00f3a ch\u00ecm, nh\u1ea5t thi\u1ebft ph\u1ea3i l\u1eafp lo\u1ea1i kh\u00f3a m\u1edf t\u1eeb b\u00ean trong kh\u00f4ng c\u1ea7n d\u0169ng ch\u00eca (ch\u1ec9 m\u1edf b\u1eb1ng ch\u00eca kh\u00f3a t\u1eeb b\u00ean ngo\u00e0i, b\u00ean trong xoay ch\u1ed1t, tay quay). L\u00fd do l\u00e0 \u0111\u1ec3 tho\u00e1t ng\u01b0\u1eddi k\u1ecbp th\u1eddi trong t\u00ecnh hu\u1ed1ng nguy hi\u1ec3m nh\u01b0 ch\u00e1y n\u1ed5. M\u1ed9t s\u1ed1 n\u01b0\u1edbc \u0111\u00e3 quy \u0111\u1ecbnh \u0111i\u1ec1u n\u00e0y trong ti\u00eau chu\u1ea9n x\u00e2y d\u1ef1ng.<\/p>\n<p style=\"text-align: justify;\"><strong>M\u1ed9t s\u1ed1 m\u1eabu m\u00e3 c\u1eeda l\u1eafp s\u1eb5n:<\/strong><\/p>\n<p style=\"text-align: justify;\">1. C\u1eeda t\u1ef1 \u0111\u00f3ng ki\u1ec3u g\u1ed7 d\u00e1n b\u1ecdc x\u01b0\u01a1ng g\u1ed7 ho\u1eb7c nh\u1ef1a, kim lo\u1ea1i:<\/p>\n<p style=\"text-align: justify;\"><a href=\"http:\/\/4u.ezc.vn\/wp-content\/uploads\/cua1.png\"><img loading=\"lazy\" decoding=\"async\" title=\"cua1\" src=\"http:\/\/4u.ezc.vn\/wp-content\/uploads\/cua1.png\" alt=\"cua xuong go, boc go dan\" width=\"316\" height=\"258\" \/><\/a><a href=\"http:\/\/4u.ezc.vn\/wp-content\/uploads\/cua2.png\"><img loading=\"lazy\" decoding=\"async\" title=\"cua2\" src=\"http:\/\/4u.ezc.vn\/wp-content\/uploads\/cua2.png\" alt=\"pc\" width=\"194\" height=\"259\" \/><\/a>C\u1eeda v\u00e0o c\u00e1c ph\u00f2ng trong nh\u00e0 kh\u00f4ng c\u1ea7n qu\u00e1 ch\u1eafc ch\u1eafn do kh\u00f4ng d\u1ea7m d\u00e3i n\u1eafng m\u01b0a, c\u00f3 th\u1ec3 l\u00e0m ki\u1ec3u khung x\u01b0\u01a1ng g\u1ed7 3x5cm r\u1ed3i ph\u1ee7 g\u1ed7 d\u00e1n, tr\u1ed5 \u00f4 k\u00ednh \u0111\u1ec3 quan s\u00e1t h\u1ee3p t\u1ea7m m\u1eaft. G\u1ed7 d\u00e1n hay b\u1ecb ph\u00e1 h\u1ee7y t\u1eeb m\u00e9p n\u00ean c\u1ea7n \u0111\u00f3ng m\u0169 n\u1eb9p ho\u1eb7c \u0111\u00f3ng ch\u00ecm g\u1ed7 d\u00e1n v\u00e0o h\u00e8m khung ngo\u00e0i c\u00f9ng. C\u00f3 th\u1ec3 nghi\u00ean c\u1ee9u thay g\u1ed7 d\u00e1n b\u1eb1ng v\u1eadt li\u1ec7u kh\u00e1c (nh\u1ef1a t\u1ea5m, t\u1ea5m ch\u1ea5t d\u1ebbo&#8230;) Tu\u1ed5i th\u1ecd kho\u1ea3ng\u00a05-7 n\u0103m c\u00f3 th\u1ec3 b\u1ecdc l\u1ea1i m\u1ed9t l\u1ea7n.\u00a0<\/p>\n<p style=\"text-align: justify;\">2. C\u1eeda g\u1ed7 c\u00f4ng nghi\u1ec7p<\/p>\n<p style=\"text-align: justify;\">3. C\u1eeda nh\u1ef1a, nh\u1ef1a l\u00f5i th\u00e9p<\/p>\n<p style=\"text-align: justify;\">4. C\u1eeda khung nh\u00f4m k\u00ednh<\/p>\n<p style=\"text-align: justify;\">Quay\u00a0v\u1ec1 <a href=\"http:\/\/4u.ezc.vn\/?page_id=190\">trang ch\u00ednh<\/a><\/p>\n<!-- AddThis Advanced Settings generic via filter on the_content --><!-- AddThis Share Buttons generic via filter on the_content -->","protected":false},"excerpt":{"rendered":"<p>C\u1eeda g\u1ed3m c\u00f3 hai lo\u1ea1i, c\u1eeda \u0111i v\u00e0 c\u1eeda s\u1ed5. Quan ni\u1ec7m x\u01b0a nay \u0111\u1ec1u th\u00edch l\u00e0m c\u1eeda b\u1eb1ng g\u1ed7 x\u1ebb do \u0111\u1eb9p, b\u1ec1n. Do nhu c\u1ea7u ng\u00e0y c\u00e0ng cao, ngu\u1ed3n g\u1ed7 r\u1eebng l\u1ea1i h\u1ea1n ch\u1ebf n\u00ean gi\u00e1 c\u1eeda g\u1ed7 &hellip;<\/p>\n<p class=\"read-more\"> <a class=\"more-link\" href=\"http:\/\/4u.ezc.vn\/?page_id=196\"> <span class=\"screen-reader-text\">C\u1eeda \u0111i v\u00e0 c\u1eeda s\u1ed5<\/span> Read More &raquo;<\/a><\/p>\n<p><!-- AddThis Advanced Settings generic via filter on get_the_excerpt --><!-- AddThis Share Buttons generic via filter on get_the_excerpt --><\/p>\n","protected":false},"author":1,"featured_media":153,"parent":190,"menu_order":2,"comment_status":"open","ping_status":"open","template":"","meta":{"jetpack_post_was_ever_published":false,"footnotes":""},"jetpack_shortlink":"https:\/\/wp.me\/PYUs3-3a","jetpack_sharing_enabled":true,"_links":{"self":[{"href":"http:\/\/4u.ezc.vn\/index.php?rest_route=\/wp\/v2\/pages\/196"}],"collection":[{"href":"http:\/\/4u.ezc.vn\/index.php?rest_route=\/wp\/v2\/pages"}],"about":[{"href":"http:\/\/4u.ezc.vn\/index.php?rest_route=\/wp\/v2\/types\/page"}],"author":[{"embeddable":true,"href":"http:\/\/4u.ezc.vn\/index.php?rest_route=\/wp\/v2\/users\/1"}],"replies":[{"embeddable":true,"href":"http:\/\/4u.ezc.vn\/index.php?rest_route=%2Fwp%2Fv2%2Fcomments&post=196"}],"version-history":[{"count":8,"href":"http:\/\/4u.ezc.vn\/index.php?rest_route=\/wp\/v2\/pages\/196\/revisions"}],"predecessor-version":[{"id":412,"href":"http:\/\/4u.ezc.vn\/index.php?rest_route=\/wp\/v2\/pages\/196\/revisions\/412"}],"up":[{"embeddable":true,"href":"http:\/\/4u.ezc.vn\/index.php?rest_route=\/wp\/v2\/pages\/190"}],"wp:featuredmedia":[{"embeddable":true,"href":"http:\/\/4u.ezc.vn\/index.php?rest_route=\/wp\/v2\/media\/153"}],"wp:attachment":[{"href":"http:\/\/4u.ezc.vn\/index.php?rest_route=%2Fwp%2Fv2%2Fmedia&parent=196"}],"curies":[{"name":"wp","href":"https:\/\/api.w.org\/{rel}","templated":true}]}}