{"id":190,"date":"2010-06-16T01:13:39","date_gmt":"2010-06-15T18:13:39","guid":{"rendered":"http:\/\/4u.ezc.vn\/?page_id=190"},"modified":"2010-07-02T20:00:41","modified_gmt":"2010-07-02T13:00:41","slug":"thi%e1%ba%bft-k%e1%ba%bf-xay-nha-th%e1%ba%bf-nao-cho-d%e1%bb%a1-t%e1%bb%91n","status":"publish","type":"page","link":"http:\/\/4u.ezc.vn\/?page_id=190","title":{"rendered":"Thi\u1ebft k\u1ebf &#8211; x\u00e2y nh\u00e0 th\u1ebf n\u00e0o cho \u0111\u1ee1 t\u1ed1n?"},"content":{"rendered":"<p style=\"text-align: justify;\"><strong>L\u00e0m ru\u1ed9ng th\u00ec ra, l\u00e0m nh\u00e0 th\u00ec t\u1ed1n\u2026v\u1eady ph\u1ea3i l\u00e0m nh\u00e0 th\u1ebf n\u00e0o cho \u0111\u1ee1 t\u1ed1n?<\/strong><\/p>\n<ul style=\"text-align: justify;\">\n<li>N\u1ebfu c\u00f3 100, ch\u1ec9 n\u00ean x\u00e2y nh\u00e0 kho\u1ea3ng 80 th\u00f4i, ti\u1ec1n c\u00f2n l\u1ea1i \u0111\u1ec3 <strong>ph\u00f2ng vi\u1ec7c \u0111\u1ed9i gi\u00e1 x\u00e2y d\u1ef1ng<\/strong> v\u00e0 l\u00e0m <strong>v\u1ed1n<\/strong> s\u1ea3n xu\u1ea5t kinh doanh<\/li>\n<li>Nh\u00e0 x\u00e2y 80 nh\u01b0ng ph\u1ea3i t\u00ednh to\u00e1n \u0111\u1ec3 <strong>c\u00f3 th\u1ec3 m\u1edf r\u1ed9ng ho\u1eb7c l\u00ean th\u00eam t\u1ea7ng<\/strong> v\u1ec1 sau khi c\u00f3 th\u00eam ti\u1ec1n, th\u00eam nhu c\u1ea7u s\u1eed d\u1ee5ng<\/li>\n<li>Khi \u0111\u00e3 b\u1eaft \u0111\u1ea7u x\u00e2y d\u1ef1ng, ph\u1ea3i <strong>tu\u00e2n theo k\u1ebf ho\u1ea1ch ban \u0111\u1ea7u th\u1eadt nghi\u00eam<\/strong>, kh\u00f4ng nghe c\u00e1c l\u1eddi khuy\u00ean c\u1ed1 l\u00e0m th\u00eam c\u00e1i n\u00e0y, c\u00e1i kh\u00e1c, k\u1ec3 c\u1ea3 \u0111\u01b0\u1ee3c cho vay v\u00ec m\u00ecnh l\u00e0 ng\u01b0\u1eddi <strong>tr\u1ea3 n\u1ee3<\/strong>, kh\u00f4ng ph\u1ea3i ng\u01b0\u1eddi khuy\u00ean.<\/li>\n<\/ul>\n<p style=\"text-align: justify;\"><strong>L\u00ean k\u1ebf ho\u1ea1ch th\u1ebf n\u00e0o: <\/strong><\/p>\n<ol style=\"text-align: justify;\">\n<li>H\u1ecfi c\u00e1c nh\u00e0 m\u1edbi x\u00e2y g\u1ea7n \u0111\u00f3 xem x\u00e2y h\u1ebft bao nhi\u00eau ti\u1ec1n \u0111\u1ec3 t\u00ednh gi\u00e1 x\u00e2y d\u1ef1ng 1m2. H\u1ecfi gi\u00e1 VLXD, c\u00f4ng th\u1ee3 hi\u1ec7n nay \u0111\u1ec3 c\u00f3 \u0111\u01b0\u1ee3c gi\u00e1 x\u00e2y d\u1ef1ng 1m2 s\u00e1t th\u1ef1c t\u1ebf nh\u1ea5t. VD nh\u00e0 x\u00e2y n\u0103m ngo\u00e1i h\u1ebft 1 tri\u1ec7u \/m2, n\u0103m nay gi\u00e1 VLXD v\u00e0 nh\u00e2n c\u00f4ng \u0111\u1ec1u \u0111\u1eaft th\u00eam 5%, v\u1eady x\u00e2y 1m2 nh\u00e0 n\u0103m nay s\u1ebd h\u1ebft 1tri\u1ec7u 50 ngh\u00ecn.<\/li>\n<li>B\u1ecf 80 tri\u1ec7u ra x\u00e2y nh\u00e0, v\u1eady s\u1ebd x\u00e2y \u0111\u01b0\u1ee3c kho\u1ea3ng 75 m2. Ch\u1ec9 8\/10 di\u1ec7n t\u00edch n\u00e0y c\u00f3 th\u1ec3 x\u00e2y th\u00e0nh ph\u00f2ng, 2\/10 c\u00f2n l\u1ea1i \u0111\u1ec3 d\u00e0nh cho l\u1ed1i \u0111i, v\u1ec7 sinh\u2026 n\u00ean ch\u1ec9 60 m2 cho chia ph\u00f2ng; m\u1ed7i ph\u00f2ng n\u00ean c\u00f3 di\u1ec7n t\u00edch trong kho\u1ea3ng 12-15 m2, v\u1eady c\u00f3 th\u1ec3 x\u00e2y \u0111\u01b0\u1ee3c 4-5 ph\u00f2ng (g\u1ed3m kh\u00e1ch, b\u1ebfp, ng\u1ee7).<\/li>\n<li>So s\u00e1nh v\u1edbi nhu c\u1ea7u s\u1eed d\u1ee5ng c\u1ee7a gia \u0111\u00ecnh \u0111\u1ec3 quy\u1ebft \u0111\u1ecbnh x\u00e2y to, r\u1ed9ng bao nhi\u00eau cho v\u1eeba t\u00fai ti\u1ec1n \u0111ang c\u00f3. N\u1ebfu nh\u00e0 c\u00f3 4 ng\u01b0\u1eddi th\u00ec ch\u1ec9 c\u1ea7n 2-3 ph\u00f2ng ng\u1ee7 + 1 b\u1ebfp + 1 kh\u00e1ch. Th\u00eam \u00f4ng b\u00e0 \u1edf chung n\u1eefa th\u00ec c\u1ea7n th\u00eam 1-2 ph\u00f2ng, ho\u1eb7c \u00f4ng b\u00e0 c\u00f3 th\u1ec3 \u1edf c\u00f9ng v\u1edbi ch\u00e1u nh\u1ecf, khi ch\u00e1u l\u1edbn th\u00ec \u0111\u00e3 c\u00f3 th\u00eam ti\u1ec1n \u0111\u1ec3 x\u00e2y bu\u1ed3ng ri\u00eang.<\/li>\n<li>B\u1eaft \u0111\u1ea7u thi\u1ebft k\u1ebf c\u1ee5 th\u1ec3.<\/li>\n<\/ol>\n<p><strong>Thi\u1ebft k\u1ebf th\u1ebf n\u00e0o: <\/strong><\/p>\n<p style=\"text-align: justify;\">N\u1ebfu kh\u00f4ng c\u00f3 \u0111i\u1ec1u ki\u1ec7n thu\u00ea ng\u01b0\u1eddi thi\u1ebft k\u1ebf, c\u00f3 th\u1ec3 tham kh\u1ea3o c\u00e1c m\u1eabu thi\u1ebft k\u1ebf c\u00f3 s\u1eb5n, mi\u1ec5n ph\u00ed r\u1ed3i \u0111i\u1ec1u ch\u1ec9nh ch\u00fat \u00edt cho h\u1ee3p v\u1edbi nh\u00e0 m\u00ecnh. C\u00e1c nguy\u00ean t\u1eafc:<\/p>\n<ol style=\"text-align: justify;\">\n<li>M\u00f3ng nh\u00e0 n\u00ean \u0111\u1ea7u t\u01b0 cho c\u1ea3 nhu c\u1ea7u v\u1ec1 sau v\u00ec khi x\u00e2y th\u00eam ph\u00f2ng, l\u00ean t\u1ea7ng th\u00ec kh\u00f4ng ph\u1ea3i\u00a0l\u00e0m l\u1ea1i m\u00f3ng\u00a0\u0111\u1ee1 t\u1ed1n k\u00e9m. Ti\u1ec1n l\u00e0m m\u00f3ng th\u01b0\u1eddng chi\u1ebfm 3\/10 t\u1ed5ng ti\u1ec1n l\u00e0m nh\u00e0.<\/li>\n<li>Ki\u1ec3u c\u00e1ch trang tr\u00ed n\u00ean \u0111\u01a1n gi\u1ea3n, khi\u00eam t\u1ed1n. C\u00f4ng th\u1ee3 trang tr\u00ed g\u1edd ph\u00e0o, hoa v\u0103n <strong>\u0111\u1eaft h\u01a1n<\/strong> c\u00f4ng x\u00e2y th\u01b0\u1eddng r\u1ea5t nhi\u1ec1u n\u00ean n\u1ebfu \u0111\u01a1n gi\u1ea3n \u0111\u01b0\u1ee3c s\u1ebd ti\u1ebft ki\u1ec7m \u0111\u01b0\u1ee3c ti\u1ec1n c\u00f4ng. C\u1ea7n nh\u1edb l\u00e0 nh\u00e0 \u0111\u1eb9p l\u00e0 do c\u00e1c b\u1ed9 ph\u1eadn h\u00e0i h\u00f2a v\u1edbi nhau, ch\u1ee9 kh\u00f4ng do nhi\u1ec1u chi ti\u1ebft hoa v\u0103n. Nh\u01b0 m\u1ed9t ng\u00f4i nh\u00e0 x\u00e2y l\u00ean kh\u00f4ng c\u00e2n \u0111\u1ed1i, cao l\u00eanh kh\u00eanh ho\u1eb7c l\u1ec7ch ki\u1ec3u n\u1eb7ng b\u1ed3ng nh\u1eb9 t\u1ebfch r\u1ed3i th\u00ec c\u00f3 trang tr\u00ed bao nhi\u00eau c\u0169ng v\u1eabn kh\u00f3 \u0111\u1eb9p l\u00ean \u0111\u01b0\u1ee3c. V\u00ed d\u1ee5 nh\u00e0 r\u1ed9ng ngang c\u00f3 3m m\u00e0 l\u00e0m t\u1ea7ng cao 4-5m s\u1ebd r\u1ea5t x\u1ea5u ch\u1ec9 n\u00ean 3,3-3,6m l\u00e0 v\u1eeba. Ban c\u00f4ng d\u00e0i kh\u1eafp m\u1eb7t nh\u00e0 ho\u1eb7c nh\u00f4 ra qu\u00e1 xa ( h\u01a1n 1,2m) c\u0169ng kh\u00f3 \u0111\u1eb9p.<\/li>\n<li>T\u1eadn d\u1ee5ng t\u1ed1i \u0111a \u00e1nh s\u00e1ng tr\u1eddi, gi\u00f3 tr\u1eddi cho c\u00e1c ph\u00f2ng ng\u1ee7, b\u1ebfp. C\u1ea7u thang, h\u00e0nh lang, nh\u00e0 v\u1ec7 sinh c\u00f3 th\u1ec3 k\u00e9m s\u00e1ng, k\u00e9m tho\u00e1ng h\u01a1n m\u1ed9t ch\u00fat n\u1ebfu kh\u00f4ng c\u00f3 \u0111i\u1ec1u ki\u1ec7n \u0111\u1ea5t \u0111ai (v\u00ed d\u1ee5\u00a0gi\u00e1p nh\u00e0 h\u00e0ng x\u00f3m).<\/li>\n<li>Chi\u1ec1u cao t\u1ea7ng nh\u00e0 n\u00ean l\u00e0m trong kho\u1ea3ng 3,3-4,5m v\u1eeba \u0111\u1ee7 th\u00f4ng tho\u00e1ng v\u00e0 ti\u1ebft ki\u1ec7m VLXD.<\/li>\n<li>K\u00edch th\u01b0\u1edbc ph\u00f2ng ng\u1ee7, kh\u00e1ch, b\u1ebfp n\u00ean trong kho\u1ea3ng 12-15 m2 (hay r\u1ed9ng 3,3m x 3,6 \u2013 4,5 m d\u00e0i; chi\u1ec1u\u00a0h\u1eb9p nh\u1ea5t\u00a0c\u1ee7a ph\u00f2ng t\u1ed1i thi\u1ec3u n\u00ean \u0111\u1ec3 3,3 m cho d\u1ec5 k\u00ea \u0111\u1ed3)<\/li>\n<li><a href=\"http:\/\/4u.ezc.vn\/?page_id=196 \" target=\"_blank\">C\u1eeda s\u1ed5 v\u00e0 c\u1eeda \u0111i <\/a>n\u00ean c\u00f3 k\u00edch th\u01b0\u1edbc h\u1ee3p l\u00fd, to qu\u00e1 th\u00ec t\u1ed1n ti\u1ec1n (gi\u00e1 ti\u1ec1n l\u00e0m c\u1eeda g\u1ed7 chi\u1ebfm \u0111\u1ebfn 3\/10 to\u00e0n b\u1ed9 ti\u1ec1n x\u00e2y nh\u00e0), kh\u00f3 k\u00ea \u0111\u1ed3 \u0111\u1ea1c, nh\u00e0 d\u1ec5 b\u1ecb m\u01b0a h\u1eaft, n\u1eafng r\u1ecdi\u2026 c\u00e2n nh\u1eafc:\n<ul>\n<li>C\u1eeda s\u1ed5 n\u00ean l\u00e0m 2 c\u00e1nh r\u1ed9ng t\u1ed5ng c\u1ed9ng 90cm \u2013 1,2m, cao kho\u1ea3ng 1,2-1,5m;<\/li>\n<li>C\u1eeda ra v\u00e0o ch\u00ednh ch\u1ec9 n\u00ean l\u00e0m 2 c\u00e1nh r\u1ed9ng 1,2-1,5m, c\u1eeda v\u00e0o c\u00e1c ph\u00f2ng ch\u1ec9 c\u1ea7n r\u1ed9ng 70cm-90cm;<\/li>\n<li>V\u1eadt li\u1ec7u l\u00e0m c\u1eeda n\u00ean ch\u1ecdn c\u00e1c lo\u1ea1i b\u1eb1ng g\u1ed7 c\u00f4ng nghi\u1ec7p, nh\u00f4m \u2013 k\u00ednh ho\u1eb7c nh\u1ef1a \u0111\u1ec3 gi\u1ea3m chi ph\u00ed, l\u1ea1i kh\u00f4ng t\u1ed1n g\u1ed7, gi\u1ea3m ph\u00e1 r\u1eebng.<\/li>\n<li>N\u1ebfu c\u00f3 \u0111i\u1ec1u ki\u1ec7n mua c\u00e1c lo\u1ea1i c\u1eeda c\u00f4ng nghi\u1ec7p l\u00e0m\u00a0s\u1eb5n th\u00ec n\u00ean c\u00e2n nh\u1eafc v\u00ec gi\u00e1 s\u1ebd h\u1ea1 h\u01a1n, m\u1eabu m\u00e3 ch\u1ee7ng lo\u1ea1i v\u1eadt li\u1ec7u c\u0169ng phong ph\u00fa \u0111\u1ec3 l\u1ef1a ch\u1ecdn.<\/li>\n<\/ul>\n<\/li>\n<li>G\u1ea1ch x\u00e2y\u00a0t\u0103ng c\u01b0\u1eddng s\u1eed d\u1ee5ng <a href=\" http:\/\/4u.ezc.vn\/?page_id=199 \" target=\"_blank\">g\u1ea1ch kh\u00f4ng nung <\/a>(\u0111\u1ec3 gi\u00fap b\u1ea3o v\u1ec7 m\u00f4i tr\u01b0\u1eddng) nh\u01b0 g\u1ea1ch silicat, g\u1ea1ch b\u00ea t\u00f4ng nh\u1eb9 ho\u1eb7c c\u00e1c v\u1eadt li\u1ec7u ph\u1ed5 bi\u1ebfn t\u1ea1i \u0111\u1ecba ph\u01b0\u01a1ng nh\u01b0 \u0111\u00e1 v\u00f4i, \u0111\u00e1 ong\u2026<\/li>\n<li>G\u1ea1ch l\u00e1t s\u00e2n v\u00e0 l\u1ed1i \u0111i n\u00ean \u0111\u1ec3 \u0111\u1ea5t t\u1ed1i \u0111a nh\u1eb1m m\u1ee5c \u0111\u00edch h\u00fat n\u01b0\u1edbc m\u01b0a, nhi\u1ec7t m\u00f9a n\u1eafng, l\u1ed1i \u0111i l\u00e1t g\u1ea1ch t\u1ef1 ch\u00e8n ho\u1eb7c c\u00e1c lo\u1ea1i v\u1eadt li\u1ec7u cho ph\u00e9p n\u01b0\u1edbc m\u01b0a th\u1ea5m qua, n\u1ec1n nh\u00e0 c\u00f3 th\u1ec3 c\u00e2n nh\u1eafc l\u00e1t lo\u1ea1i g\u1ea1ch kh\u00f4ng nung (nh\u01b0 granito m\u00e0i). B\u1eadc thang c\u00f3 th\u1ec3 \u0111\u1eb7t lo\u1ea1i granito nh\u00e0 m\u00e1y ho\u1eb7c cho th\u1ee3 thi c\u00f4ng t\u1ea1i ch\u1ed7, ki\u1ec3u m\u1eabu v\u00e0 m\u1ea7u s\u1eafc c\u00f3 th\u1ec3 theo \u00fd th\u00edch.<\/li>\n<li><a href=\" http:\/\/4u.ezc.vn\/?page_id=202 \" target=\"_blank\">B\u1ec3 ph\u1ed1t <\/a>x\u00e2y\u00a0c\u00f9ng v\u1edbi<a href=\" http:\/\/4u.ezc.vn\/?page_id=202 \" target=\"_blank\"> h\u1ea7m bio-gas<\/a> (nh\u1ea5t l\u00e0 h\u1ed9 c\u00f3 ch\u0103n nu\u00f4i, ch\u1ebf bi\u1ebfn th\u1ee9c \u0103n) \u0111\u1ec3 t\u00e1i ch\u1ebf r\u00e1c h\u1eefu c\u01a1 l\u00e0m ph\u00e2n b\u00f3n v\u00e0 ch\u1ea5t \u0111\u1ed1t cho b\u1ebfp.<\/li>\n<li><a href=\" http:\/\/4u.ezc.vn\/?page_id=205 \" target=\"_blank\">B\u1ec3 n\u01b0\u1edbc<\/a> n\u00ean c\u00f3 2 lo\u1ea1i, b\u1ec3 ch\u1ee9a n\u01b0\u1edbc m\u01b0a x\u00e2y d\u01b0\u1edbi th\u1ea5p v\u00e0 b\u1ec3 c\u1ea5p n\u01b0\u1edbc tr\u00ean m\u00e1i nh\u00e0, c\u00f3 th\u1ec3 c\u00e2n nh\u1eafc c\u00e1c lo\u1ea1i b\u1ec3 inox cho ti\u1ec7n l\u1ee3i trong x\u00e2y l\u1eafp v\u00e0 b\u1ea3o d\u01b0\u1ee1ng. N\u00ean h\u1ea1n ch\u1ebf s\u1eed d\u1ee5ng n\u01b0\u1edbc gi\u1ebfng khoan \u0111\u1ec3 b\u1ea3o v\u1ec7 m\u1ef1c n\u01b0\u1edbc ng\u1ea7m, tr\u00e1nh s\u1ee5t l\u00fan v\u1ec1 sau n\u00e0y. N\u01b0\u1edbc n\u00f3ng cung c\u1ea5p cho b\u1ebfp v\u00e0 khu v\u1ec7 sinh c\u00f3 th\u1ec3 c\u00e2n nh\u1eafc s\u1eed d\u1ee5ng lo\u1ea1i \u0111\u1ed1t b\u1eb1ng gas (n\u1ebfu c\u00f3 l\u00e0m h\u1ea7m bio-gas) ho\u1eb7c s\u1eed d\u1ee5ng<a href=\" http:\/\/4u.ezc.vn\/?page_id=205 \"> m\u00e1y n\u01b0\u1edbc n\u00f3ng n\u0103ng l\u01b0\u1ee3ng m\u1eb7t tr\u1eddi<\/a> \u0111\u1ec3 \u0111\u01b0\u1ee3c nh\u1eadn h\u1ed7 tr\u1ee3 t\u1eeb c\u00e1c<a href=\" http:\/\/4u.ezc.vn\/?page_id=205 \" target=\"_blank\"> ch\u01b0\u01a1ng tr\u00ecnh ti\u1ebft ki\u1ec7m n\u0103ng l\u01b0\u1ee3ng<\/a>.<\/li>\n<li><a href=\" http:\/\/4u.ezc.vn\/?page_id=208 \" target=\"_blank\">M\u00e1i nh\u00e0 <\/a>ngo\u00e0i vi\u1ec7c \u0111\u1ed5 m\u00e1i b\u1eb1ng n\u00ean c\u00e2n nh\u1eafc m\u00e1i d\u1ed1c l\u1ee3p ng\u00f3i \u0111\u1ec3 \u0111\u1ee1 n\u1eafng n\u00f3ng, d\u1ec5 tho\u00e1t n\u01b0\u1edbc m\u01b0a. N\u00ean s\u1eed d\u1ee5ng ng\u00f3i l\u1ee3p kh\u00f4ng nung ho\u1eb7c c\u00e1c lo\u1ea1i v\u1eadt li\u1ec7u l\u1ee3p m\u1edbi. C\u1ea7n l\u00e0m m\u00e1ng thu n\u01b0\u1edbc m\u01b0a v\u00e0o b\u1ec3 \u0111\u1ec3 t\u1eadn d\u1ee5ng ngu\u1ed3n n\u01b0\u1edbc s\u1ea1ch n\u00e0y.<\/li>\n<li>\u0110\u01b0\u1eddng d\u00e2y \u0111i\u1ec7n n\u00ean \u0111i trong \u1ed1ng gen, kh\u00f4ng n\u00ean \u0111i ng\u1ea7m trong t\u01b0\u1eddng do kh\u00f3 s\u1eeda ch\u1eefa v\u1ec1 sau. <a href=\"http:\/\/4u.ezc.vn\/?page_id=212 \" target=\"_blank\">B\u00f3ng \u0111\u00e8n chi\u1ebfu s\u00e1ng v\u00e0 thi\u1ebft b\u1ecb \u0111i\u1ec7n gia d\u1ee5ng<\/a> s\u1eed d\u1ee5ng lo\u1ea1i\u00a0 ti\u1ebft ki\u1ec7m \u0111i\u1ec7n n\u0103ng.<\/li>\n<li><a href=\" http:\/\/4u.ezc.vn\/?page_id=465 \">\u0110\u1ed3 n\u1ed9i th\u1ea5t <\/a>l\u00e0 m\u1ed9t kho\u1ea3n chi r\u1ea5t\u00a0kh\u00f3 ki\u1ec3m so\u00e1t do gi\u00e1 c\u1ea3 v\u00e0 s\u1edf th\u00edch c\u1ee7a ng\u01b0\u1eddi d\u00f9ng r\u1ea5t phong ph\u00fa. C\u1ea7n nh\u1edb l\u00e0\u00a0\u0111\u1ed3 n\u1ed9i th\u1ea5t c\u00f3 th\u1ec3 mua s\u1eafm d\u1ea7n d\u1ea7n sau khi\u00a0\u0111\u00e3 l\u00e0m xong nh\u00e0 \u0111\u1ec3 tr\u00e1nh s\u1ed1 ti\u1ec1n \u0111\u1ea7u t\u01b0 ban \u0111\u1ea7u qu\u00e1 l\u1edbn. Do mua s\u1eafm d\u1ea7n n\u00ean ph\u1ea3i c\u00f3 k\u1ebf ho\u1ea1ch\u00a0\u0111\u1ec3 mua\u00a0\u0111\u1ed3 cho h\u00e0i h\u00f2a,\u00a0\u0111\u1ed3ng b\u1ed9. N\u00ean mua c\u00e1c lo\u1ea1i\u00a0\u0111\u1ed3 n\u1ed9i th\u1ea5t b\u1eb1ng v\u1eadt li\u1ec7u nh\u00e2n t\u1ea1o ho\u1eb7c s\u1ea3n ph\u1ea9m c\u00f4ng\u00a0nghi\u1ec7p\u00a0\u0111\u1ec3 gi\u1ea3m vi\u1ec7c s\u1eed d\u1ee5ng g\u1ed7 t\u1ef1 nhi\u00ean, g\u00f3p ph\u1ea7n b\u1ea3o v\u1ec7 m\u00f4i tr\u01b0\u1eddng.\u00a0\u00a0\u00a0<\/li>\n<li>M\u1ed9t nguy\u00ean t\u1eafc c\u01a1 b\u1ea3n trong ch\u1ecdn l\u1ef1a v\u1eadt li\u1ec7u, c\u1ea5u ki\u1ec7n trong nh\u00e0 l\u00e0 ph\u1ea3i h\u00e0i h\u00f2a, \u0111\u1ed3ng b\u1ed9 v\u1edbi nhau. H\u00e0i h\u00f2a ngh\u0129a l\u00e0 m\u1ecdi b\u1ed9 ph\u1eadn c\u00f3 c\u00f9ng ph\u1ea9m c\u1ea5p, v\u00ed nh\u01b0 nh\u00e0 ch\u1ea5t l\u01b0\u1ee3ng trung b\u00ecnh nh\u01b0ng c\u1eeda v\u00e0 g\u1ea1ch l\u00e1t s\u1eed d\u1ee5ng v\u1eadt li\u1ec7u qu\u00e1 \u0111\u1eaft ti\u1ec1n ho\u1eb7c d\u1ed3n ph\u1ea7n l\u1edbn ti\u1ec1n v\u00e0o vi\u1ec7c trang tr\u00ed b\u00ean ngo\u00e0i nh\u00e0 m\u00e0 \u0111\u1ec3 b\u00ean trong s\u01a1 s\u00e0i, b\u1ea5t ti\u1ec7n th\u00ec kh\u00f4ng g\u1ecdi l\u00e0 h\u00e0i h\u00f2a. C\u00f2n \u0111\u1ed3ng b\u1ed9 ngh\u0129a l\u00e0 c\u00e1c b\u1ed9 ph\u1eadn l\u00e0m vi\u1ec7c h\u1ed7 tr\u1ee3 \u0111\u01b0\u1ee3c cho nhau, v\u00ed d\u1ee5 nh\u01b0\u00a0t\u01b0\u1eddng, m\u00e1i c\u00e1ch nhi\u1ec7t t\u1ed1t th\u00ec h\u1ed7 tr\u1ee3 cho\u00a0vi\u1ec7c l\u00e0m m\u00e1t, gi\u1eef\u00a0\u1ea5m,\u00a0\u0111\u1ee1 t\u1ed1n\u00a0\u0111i\u1ec7n.<\/li>\n<li>C\u1ea7n c\u00f3\u00a0\u00fd th\u1ee9c <strong>b\u1ea3o v\u1ec7 m\u00f4i tr\u01b0\u1eddng s\u1ed1ng<\/strong> cho <strong>ch\u00ednh m\u00ecnh<\/strong> v\u00e0 c\u1ea3 cho x\u00e3 h\u1ed9i. Kh\u00f4ng n\u00ean ch\u1ecdn lo\u1ea1i v\u1eadt li\u1ec7u r\u1ebb ti\u1ec1n nh\u01b0ng l\u1ea1i c\u00f3 h\u1ea1i cho s\u1ee9c kh\u1ecfe. H\u1ea1n ch\u1ebf b\u1edbt c\u00e1c lo\u1ea1i v\u1eadt li\u1ec7u nung (v\u00ec\u00a0\u0111\u1ec3 s\u1ea3n xu\u1ea5t ra lo\u1ea1i n\u00e0y s\u1ebd l\u00e0m t\u1ed5n h\u1ea1i m\u00f4i tr\u01b0\u1eddng), v\u1eadt li\u1ec7u t\u1eeb g\u1ed7 t\u1ef1 nhi\u00ean (v\u00ec khuy\u1ebfn kh\u00edch ch\u1eb7t ph\u00e1 r\u1eebng). T\u0103ng vi\u1ec7c s\u1eed d\u1ee5ng c\u00e1c v\u1eadt li\u1ec7u m\u1edbi th\u00e2n thi\u1ec7n v\u1edbi m\u00f4i tr\u01b0\u1eddng, v\u1eadt li\u1ec7u\u00a0s\u1eb5n c\u00f3\u00a0\u1edf\u00a0\u0111\u1ecba ph\u01b0\u01a1ng.<\/li>\n<\/ol>\n<p style=\"text-align: justify;\"><strong>M\u1ed9t s\u1ed1 m\u1eabu nh\u00e0 cho c\u00e1c v\u00f9ng:<\/strong><\/p>\n<ul style=\"text-align: justify;\">\n<li><a href=\" http:\/\/4u.ezc.vn\/?page_id=185 \" target=\"_blank\">\u0110\u1ed3ng b\u1eb1ng B\u1eafc b\u1ed9<\/a><\/li>\n<li><a href=\" http:\/\/4u.ezc.vn\/?page_id=218\" target=\"_blank\">\u0110\u1ed3ng b\u1eb1ng (ven bi\u1ec3n) Trung b\u1ed9<\/a><\/li>\n<li><a href=\" http:\/\/4u.ezc.vn\/?page_id=220\" target=\"_blank\">\u0110\u1ed3ng b\u1eb1ng Nam b\u1ed9<\/a><\/li>\n<li><a href=\" http:\/\/4u.ezc.vn\/?page_id=222\" target=\"_blank\">Mi\u1ec1n n\u00fai trung du B\u1eafc b\u1ed9<\/a><\/li>\n<li><a href=\" http:\/\/4u.ezc.vn\/?page_id=224\" target=\"_blank\">Mi\u1ec1n n\u00fai trung du Trung b\u1ed9<\/a><\/li>\n<li><a href=\" http:\/\/4u.ezc.vn\/?page_id=226\" target=\"_blank\">Ven bi\u1ec3n<\/a><\/li>\n<li><a href=\" http:\/\/4u.ezc.vn\/?page_id=228\" target=\"_blank\">V\u00f9ng l\u0169 l\u1ee5t<\/a><\/li>\n<\/ul>\n<p style=\"text-align: justify;\">T\u00e0i li\u1ec7u<a href=\" http:\/\/4u.ezc.vn\/?page_id=230 \" target=\"_blank\"> tham kh\u1ea3o<\/a><\/p>\n<!-- AddThis Advanced Settings generic via filter on the_content --><!-- AddThis Share Buttons generic via filter on the_content -->","protected":false},"excerpt":{"rendered":"<p>L\u00e0m ru\u1ed9ng th\u00ec ra, l\u00e0m nh\u00e0 th\u00ec t\u1ed1n\u2026v\u1eady ph\u1ea3i l\u00e0m nh\u00e0 th\u1ebf n\u00e0o cho \u0111\u1ee1 t\u1ed1n? N\u1ebfu c\u00f3 100, ch\u1ec9 n\u00ean x\u00e2y nh\u00e0 kho\u1ea3ng 80 th\u00f4i, ti\u1ec1n c\u00f2n l\u1ea1i \u0111\u1ec3 ph\u00f2ng vi\u1ec7c \u0111\u1ed9i gi\u00e1 x\u00e2y d\u1ef1ng v\u00e0 l\u00e0m v\u1ed1n s\u1ea3n &hellip;<\/p>\n<p class=\"read-more\"> <a class=\"more-link\" href=\"http:\/\/4u.ezc.vn\/?page_id=190\"> <span class=\"screen-reader-text\">Thi\u1ebft k\u1ebf &#8211; x\u00e2y nh\u00e0 th\u1ebf n\u00e0o cho \u0111\u1ee1 t\u1ed1n?<\/span> Read More &raquo;<\/a><\/p>\n<p><!-- AddThis Advanced Settings generic via filter on get_the_excerpt --><!-- AddThis Share Buttons generic via filter on get_the_excerpt --><\/p>\n","protected":false},"author":1,"featured_media":536,"parent":0,"menu_order":4,"comment_status":"open","ping_status":"open","template":"","meta":{"jetpack_post_was_ever_published":false,"footnotes":""},"jetpack_shortlink":"https:\/\/wp.me\/PYUs3-34","jetpack_sharing_enabled":true,"_links":{"self":[{"href":"http:\/\/4u.ezc.vn\/index.php?rest_route=\/wp\/v2\/pages\/190"}],"collection":[{"href":"http:\/\/4u.ezc.vn\/index.php?rest_route=\/wp\/v2\/pages"}],"about":[{"href":"http:\/\/4u.ezc.vn\/index.php?rest_route=\/wp\/v2\/types\/page"}],"author":[{"embeddable":true,"href":"http:\/\/4u.ezc.vn\/index.php?rest_route=\/wp\/v2\/users\/1"}],"replies":[{"embeddable":true,"href":"http:\/\/4u.ezc.vn\/index.php?rest_route=%2Fwp%2Fv2%2Fcomments&post=190"}],"version-history":[{"count":37,"href":"http:\/\/4u.ezc.vn\/index.php?rest_route=\/wp\/v2\/pages\/190\/revisions"}],"predecessor-version":[{"id":575,"href":"http:\/\/4u.ezc.vn\/index.php?rest_route=\/wp\/v2\/pages\/190\/revisions\/575"}],"wp:featuredmedia":[{"embeddable":true,"href":"http:\/\/4u.ezc.vn\/index.php?rest_route=\/wp\/v2\/media\/536"}],"wp:attachment":[{"href":"http:\/\/4u.ezc.vn\/index.php?rest_route=%2Fwp%2Fv2%2Fmedia&parent=190"}],"curies":[{"name":"wp","href":"https:\/\/api.w.org\/{rel}","templated":true}]}}