{"id":185,"date":"2010-06-16T01:09:24","date_gmt":"2010-06-15T18:09:24","guid":{"rendered":"http:\/\/4u.ezc.vn\/?page_id=185"},"modified":"2010-06-30T00:45:38","modified_gmt":"2010-06-29T17:45:38","slug":"nha-%e1%bb%9f-vung-d%e1%bb%93ng-b%e1%ba%b1ng-b%e1%ba%afc-b%e1%bb%99","status":"publish","type":"page","link":"http:\/\/4u.ezc.vn\/?page_id=185","title":{"rendered":"Nh\u00e0 \u1edf v\u00f9ng \u0111\u1ed3ng b\u1eb1ng B\u1eafc b\u1ed9"},"content":{"rendered":"<p style=\"text-align: justify;\">Nh\u00e0 \u1edf cho v\u00f9ng \u0111\u1ed3ng b\u1eb1ng B\u1eafc b\u1ed9 c\u1ea7n l\u01b0u \u00fd \u0111\u1ebfn kh\u00ed h\u1eadu, t\u1eadp qu\u00e1n sinh ho\u1ea1t qu\u00e2y qu\u1ea7n nhi\u1ec1u th\u1ebf h\u1ec7 trong gia \u0111\u00ecnh v\u00e0 do \u0111\u1ea5t ch\u1eadt ng\u01b0\u1eddi \u0111\u00f4ng, di\u1ec7n t\u00edch \u0111\u1ea5t d\u00e0nh hco x\u00e2y nh\u00e0 ng\u00e0y c\u00e0ng h\u1eb9p. VLXD truy\u1ec1n th\u1ed1ng c\u00f3 g\u1ed7, g\u1ea1ch ng\u00f3i \u0111\u1ea5t s\u00e9t nung n\u00ean h\u1ea1n ch\u1ebf s\u1eed d\u1ee5ng v\u00ec l\u00fd do b\u1ea3o v\u1ec7 m\u00f4i tr\u01b0\u1eddng, n\u00ean t\u0103ng vi\u1ec7c s\u1eed d\u1ee5ng v\u1eadt li\u1ec7u kh\u00f4ng nung, v\u1eadt li\u1ec7u thay th\u1ebf g\u1ed7 t\u1ef1 nhi\u00ean.<\/p>\n<p style=\"text-align: justify;\">Nh\u00e0 \u1edf v\u00f9ng n\u00e0y c\u1ea7n l\u01b0u \u00fd:<\/p>\n<ul style=\"text-align: justify;\">\n<li>Kh\u00ed h\u1eadu mi\u1ec1n B\u1eafc g\u1ed3m 4 m\u00f9a, nh\u00e0 c\u1ea7n tho\u00e1ng m\u00e1t trong m\u00f9a h\u00e8 v\u00e0 k\u00edn gi\u00f3 trong m\u00f9a \u0111\u00f4ng<\/li>\n<li>H\u1ec7 th\u1ed1ng c\u1eeda s\u1ed5 n\u00ean l\u00e0m 2 l\u1edbp<em> &#8216;trong k\u00ednh ngo\u00e0i ch\u1edbp&#8217;<\/em><\/li>\n<li>T\u01b0\u1eddng bao n\u00ean x\u00e2y t\u01b0\u1eddng \u0111\u00f4i \u0111\u1ec3 c\u00e1ch nhi\u1ec7t, k\u1ebft h\u1ee3p v\u1edbi thi\u1ebft k\u1ebf h\u1ee3p l\u00fd \u0111\u1ec3 l\u00e0m nh\u00e0 k\u1ebft c\u1ea5u t\u01b0\u1eddng ch\u1ecbu l\u1ef1c \u0111\u1ec3 gi\u1ea3m chi ph\u00ed so v\u1edbi nh\u00e0 k\u1ebft c\u1ea5u khung BTCT.<\/li>\n<li>Nh\u00e0 ch\u1ec9 n\u00ean l\u00e0m t\u1ed1i \u0111a 2 t\u1ea7ng \u0111\u1ec3 gi\u1ea3m chi ph\u00ed cho m\u00f3ng trong khi di\u1ec7n t\u00edch \u0111\u1ea5t v\u1eabn c\u00f2n t\u01b0\u01a1ng \u0111\u1ed1i tho\u1ea3i m\u00e1i h\u01a1n \u1edf th\u00e0nh ph\u1ed1 l\u1edbn. Nh\u00e0 th\u1ea5p c\u00f2n \u0111\u01b0\u1ee3c c\u00e2y c\u1ed1i che n\u1eafng v\u00e0 nh\u1ea3 h\u01a1i n\u01b0\u1edbc gi\u1eef m\u00e1t m\u00f9a h\u00e8, \u1ea5m v\u1ec1 m\u00f9a \u0111\u00f4ng n\u1eefa. \u0110\u00e2y l\u00e0 l\u00fd do n\u00ean c\u00e2n nh\u1eafc kh\u00f4ng n\u00ean x\u00e2y nh\u00e0 cao v\u00ec l\u00fd do ph\u00f4 tr\u01b0\u01a1ng, ganh \u0111ua v\u1edbi h\u00e0ng x\u00f3m.<\/li>\n<\/ul>\n<p style=\"text-align: justify;\">M\u1eabu tham kh\u1ea3o:<\/p>\n<p style=\"text-align: justify;\"><a href=\"http:\/\/4u.ezc.vn\/?page_id=164\" target=\"_blank\">M\u1eabu s\u1ed1 1<\/a><\/p>\n<p style=\"text-align: justify;\"><a href=\"http:\/\/4u.ezc.vn\/?page_id=178\" target=\"_blank\">M\u1eabu s\u1ed1 2<\/a><\/p>\n<p style=\"text-align: justify;\">Quay\u00a0v\u1ec1 <a href=\"http:\/\/4u.ezc.vn\/?page_id=190\">trang ch\u00ednh<\/a><\/p>\n<!-- AddThis Advanced Settings generic via filter on the_content --><!-- AddThis Share Buttons generic via filter on the_content -->","protected":false},"excerpt":{"rendered":"<p>Nh\u00e0 \u1edf cho v\u00f9ng \u0111\u1ed3ng b\u1eb1ng B\u1eafc b\u1ed9 c\u1ea7n l\u01b0u \u00fd \u0111\u1ebfn kh\u00ed h\u1eadu, t\u1eadp qu\u00e1n sinh ho\u1ea1t qu\u00e2y qu\u1ea7n nhi\u1ec1u th\u1ebf h\u1ec7 trong gia \u0111\u00ecnh v\u00e0 do \u0111\u1ea5t ch\u1eadt ng\u01b0\u1eddi \u0111\u00f4ng, di\u1ec7n t\u00edch \u0111\u1ea5t d\u00e0nh hco x\u00e2y nh\u00e0 ng\u00e0y &hellip;<\/p>\n<p class=\"read-more\"> <a class=\"more-link\" href=\"http:\/\/4u.ezc.vn\/?page_id=185\"> <span class=\"screen-reader-text\">Nh\u00e0 \u1edf v\u00f9ng \u0111\u1ed3ng b\u1eb1ng B\u1eafc b\u1ed9<\/span> Read More &raquo;<\/a><\/p>\n<p><!-- AddThis Advanced Settings generic via filter on get_the_excerpt --><!-- AddThis Share Buttons generic via filter on get_the_excerpt --><\/p>\n","protected":false},"author":1,"featured_media":536,"parent":190,"menu_order":8,"comment_status":"open","ping_status":"open","template":"","meta":{"jetpack_post_was_ever_published":false,"footnotes":""},"jetpack_shortlink":"https:\/\/wp.me\/PYUs3-2Z","jetpack_sharing_enabled":true,"_links":{"self":[{"href":"http:\/\/4u.ezc.vn\/index.php?rest_route=\/wp\/v2\/pages\/185"}],"collection":[{"href":"http:\/\/4u.ezc.vn\/index.php?rest_route=\/wp\/v2\/pages"}],"about":[{"href":"http:\/\/4u.ezc.vn\/index.php?rest_route=\/wp\/v2\/types\/page"}],"author":[{"embeddable":true,"href":"http:\/\/4u.ezc.vn\/index.php?rest_route=\/wp\/v2\/users\/1"}],"replies":[{"embeddable":true,"href":"http:\/\/4u.ezc.vn\/index.php?rest_route=%2Fwp%2Fv2%2Fcomments&post=185"}],"version-history":[{"count":9,"href":"http:\/\/4u.ezc.vn\/index.php?rest_route=\/wp\/v2\/pages\/185\/revisions"}],"predecessor-version":[{"id":547,"href":"http:\/\/4u.ezc.vn\/index.php?rest_route=\/wp\/v2\/pages\/185\/revisions\/547"}],"up":[{"embeddable":true,"href":"http:\/\/4u.ezc.vn\/index.php?rest_route=\/wp\/v2\/pages\/190"}],"wp:featuredmedia":[{"embeddable":true,"href":"http:\/\/4u.ezc.vn\/index.php?rest_route=\/wp\/v2\/media\/536"}],"wp:attachment":[{"href":"http:\/\/4u.ezc.vn\/index.php?rest_route=%2Fwp%2Fv2%2Fmedia&parent=185"}],"curies":[{"name":"wp","href":"https:\/\/api.w.org\/{rel}","templated":true}]}}