{"id":178,"date":"2010-06-16T01:04:14","date_gmt":"2010-06-15T18:04:14","guid":{"rendered":"http:\/\/4u.ezc.vn\/?page_id=178"},"modified":"2010-07-07T15:50:33","modified_gmt":"2010-07-07T08:50:33","slug":"m%e1%ba%abu-nha-tren-d%e1%ba%a5t-5m-x-20m","status":"publish","type":"page","link":"http:\/\/4u.ezc.vn\/?page_id=178","title":{"rendered":"M\u1eabu nh\u00e0 &#8216;\u1ed1ng&#8217; tr\u00ean \u0111\u1ea5t 5m x 20m"},"content":{"rendered":"<p style=\"text-align: justify;\">Nh\u00e0 \u1ed1ng l\u00e0 m\u1ed9t lo\u1ea1i nh\u00e0 r\u1ea5t ph\u1ed5 bi\u1ebfn \u1edf \u0111\u00f4 th\u1ecb v\u00e0 c\u00e1c \u0111i\u1ec3m d\u00e2n c\u01b0 t\u1eadp trung \u1edf Vi\u1ec7t Nam do \u0111\u1eb7c \u0111i\u1ec3m kinh t\u1ebf h\u1ed9 gia \u0111\u00ecnh mu\u1ed1n b\u00e1m v\u00e0o c\u00e1c m\u1eb7t tr\u1ee5c giao th\u00f4ng (\u0111\u01b0\u1eddng b\u1ed9 v\u00e0 c\u1ea3 \u0111\u01b0\u1eddng th\u1ee7y) d\u1eabn \u0111\u1ebfn m\u1ed7i nh\u00e0 ch\u1ec9 \u0111\u01b0\u1ee3c chia m\u1ed9t chi\u1ec1u r\u1ed9ng m\u1eb7t ti\u1ec1n h\u1ea1n ch\u1ebf so v\u1edbi chi\u1ec1u s\u00e2u, d\u1eabn \u0111\u1ebfn lo\u1ea1i nh\u00e0 \u1edf &#8216;\u1ed1ng&#8217; r\u1ea5t th\u1ecbnh h\u00e0nh.<\/p>\n<p style=\"text-align: justify;\">Nh\u00e0 \u1ed1ng c\u00f3 nhi\u1ec1u \u0111i\u1ec3m b\u1ea5t l\u1ee3i v\u00e0 v\u1ec1 c\u01a1 b\u1ea3n kh\u00f4ng n\u00ean khuy\u1ebfn kh\u00edch ph\u00e1t tri\u1ec3n, tuy nhi\u00ean, th\u1ef1c t\u1ebf v\u1eabn c\u00f2n nhi\u1ec1u v\u00e0 s\u1ebd c\u00f2n kh\u00e1 nhi\u1ec1u nh\u00e0 \u1ed1ng xu\u1ea5t hi\u1ec7n (m\u00e0 kh\u00f3 c\u00f3 th\u1ec3 \u0111\u1ea3o ng\u01b0\u1ee3c b\u1eb1ng \u00fd ch\u1ee7 quan, c\u1ea7n \u0111\u1ec3 cu\u1ed9c s\u1ed1ng t\u1ef1 v\u1eadn \u0111\u1ed9ng v\u00e0 \u0111\u00e0o th\u1ea3i d\u1ea7n m\u00f4 h\u00ecnh n\u00e0y). Thay v\u00ec ph\u00ea ph\u00e1n nh\u00e0 \u1ed1ng, s\u1ed5 tay n\u00e0y c\u1ed1 g\u1eafng \u0111\u01b0a ra m\u1ed9t s\u1ed1 g\u1ee3i \u00fd \u0111\u1ec3 gi\u1ea3m b\u1edbt c\u00e1c nh\u01b0\u1ee3c \u0111i\u1ec3m c\u1ee7a nh\u00e0 \u1ed1ng b\u1edfi th\u1ef1c t\u1ebf ng\u01b0\u1eddi d\u00e2n kh\u00f4ng ph\u1ea3i l\u00fac n\u00e0o c\u0169ng ch\u1ecdn \u0111\u01b0\u1ee3c cho m\u00ecnh m\u1ed9t m\u00f4 h\u00ecnh nh\u00e0 \u1ed1ng ph\u00f9 h\u1ee3p.<\/p>\n<p style=\"text-align: justify;\">M\u1ed9t s\u1ed1\u00a0\u0111\u1eb7c\u00a0\u0111i\u1ec3m c\u1ee7a thi\u1ebft k\u1ebf do s\u1ed5\u00a0tay\u00a0\u0111\u01b0a ra l\u00e0:<\/p>\n<ul style=\"text-align: justify;\">\n<li>D\u00e0nh cho c\u00e1c h\u1ed9 c\u00f3 \u0111\u1ea5t d\u1ea1ng &#8216;\u1ed1ng&#8217; th\u01b0\u1eddng l\u00e0 m\u1eb7t c\u00e1c tuy\u1ebfn giao th\u00f4ng n\u00ean c\u00f3 th\u00eam c\u1eeda h\u00e0ng. Di\u1ec7n t\u00edch \u0111\u1ea5t ngang 5m, d\u00e0i kho\u1ea3ng 20m<\/li>\n<li>Ph\u00e2n \u0111o\u1ea1n x\u00e2y d\u1ef1ng: G\u0110 1: x\u00e2y t\u1ea7ng 1 v\u00e0 l\u1eedng. T\u1ea7ng 1 khu v\u1ef1c b\u00e1n h\u00e0ng ch\u1ec9 l\u00e0m m\u00f3ng nh\u1eb9 1 t\u1ea7ng, t\u1eeb ph\u00f2ng kh\u00e1ch tr\u1edf v\u00e0o trong th\u00ec l\u00e0m m\u00f3ng 2-3 t\u1ea7ng cho t\u01b0\u01a1ng lai c\u00f3 th\u1ec3 th\u00eam t\u1ea7ng<\/li>\n<li>G\u00e1c l\u1eedng cao 2,7m, khu b\u1ebfp cao 3m, ph\u00f2ng kh\u00e1ch cao 5,4m.<\/li>\n<li>T\u1eeb t\u1ea7ng 2 b\u1eaft \u0111\u1ea7u l\u00e0m c\u00f9ng c\u1ed1t, 2 ph\u00f2ng ng\u1ee7, 1 WC c\u00f3 th\u00f4ng gi\u00f3. Kh\u00f4ng n\u00ean l\u00e0m ki\u1ec3u l\u1ec7ch t\u1ea7ng do kinh nghi\u1ec7m cho th\u1ea5y c\u00f3 nhi\u1ec1u b\u1ea5t ti\u1ec7n trong s\u1eed d\u1ee5ng.<\/li>\n<\/ul>\n<p style=\"text-align: justify;\"><a href=\"http:\/\/4u.ezc.vn\/wp-content\/uploads\/Ishape85m2.jpg\"><\/a><\/p>\n<p style=\"text-align: justify;\"><strong><br \/>\n<\/strong><\/p>\n<figure id=\"attachment_318\" aria-describedby=\"caption-attachment-318\" style=\"width: 488px\" class=\"wp-caption alignleft\"><a href=\"http:\/\/4u.ezc.vn\/wp-content\/uploads\/fl1-i-shape2.png\"><img loading=\"lazy\" decoding=\"async\" data-attachment-id=\"318\" data-permalink=\"http:\/\/4u.ezc.vn\/?attachment_id=318\" data-orig-file=\"http:\/\/4u.ezc.vn\/wp-content\/uploads\/fl1-i-shape2.png\" data-orig-size=\"556,600\" data-comments-opened=\"1\" data-image-meta=\"{&quot;aperture&quot;:&quot;0&quot;,&quot;credit&quot;:&quot;&quot;,&quot;camera&quot;:&quot;&quot;,&quot;caption&quot;:&quot;&quot;,&quot;created_timestamp&quot;:&quot;0&quot;,&quot;copyright&quot;:&quot;&quot;,&quot;focal_length&quot;:&quot;0&quot;,&quot;iso&quot;:&quot;0&quot;,&quot;shutter_speed&quot;:&quot;0&quot;,&quot;title&quot;:&quot;&quot;}\" data-image-title=\"fl1-i-shape\" data-image-description=\"\" data-image-caption=\"\" data-medium-file=\"http:\/\/4u.ezc.vn\/wp-content\/uploads\/fl1-i-shape2-278x300.png\" data-large-file=\"http:\/\/4u.ezc.vn\/wp-content\/uploads\/fl1-i-shape2.png\" class=\"size-full wp-image-318\" title=\"fl1-i-shape\" src=\"http:\/\/4u.ezc.vn\/wp-content\/uploads\/fl1-i-shape2.png\" alt=\"M\u1eb7t b\u1eb1ng t\u1ea7ng 1\" width=\"488\" height=\"494\" \/><\/a><figcaption id=\"caption-attachment-318\" class=\"wp-caption-text\">M\u1eb7t b\u1eb1ng t\u1ea7ng 1:<\/figcaption><\/figure>\n<p style=\"text-align: justify;\"><a href=\"http:\/\/4u.ezc.vn\/wp-content\/uploads\/fl1-i-shape.png\"><\/a><\/p>\n<p style=\"text-align: justify;\"><strong> <\/strong><\/p>\n<p style=\"text-align: justify;\"><strong> <\/strong><\/p>\n<p style=\"text-align: justify;\"><strong> <\/strong><\/p>\n<p style=\"text-align: justify;\"><strong> <\/strong><\/p>\n<p style=\"text-align: justify;\"><strong> <\/strong><\/p>\n<p style=\"text-align: justify;\"><strong> <\/strong><\/p>\n<p style=\"text-align: justify;\"><strong> <\/strong><\/p>\n<p style=\"text-align: justify;\"><strong> <\/strong><\/p>\n<p style=\"text-align: justify;\"><strong> <\/strong><\/p>\n<p style=\"text-align: justify;\"><strong> <\/strong><\/p>\n<p style=\"text-align: justify;\"><strong> <\/strong><\/p>\n<p style=\"text-align: justify;\"><strong> <\/strong><\/p>\n<figure id=\"attachment_319\" aria-describedby=\"caption-attachment-319\" style=\"width: 487px\" class=\"wp-caption alignleft\"><a href=\"http:\/\/4u.ezc.vn\/wp-content\/uploads\/mezanzine-i-shape1.png\"><img loading=\"lazy\" decoding=\"async\" data-attachment-id=\"319\" data-permalink=\"http:\/\/4u.ezc.vn\/?attachment_id=319\" data-orig-file=\"http:\/\/4u.ezc.vn\/wp-content\/uploads\/mezanzine-i-shape1.png\" data-orig-size=\"568,600\" data-comments-opened=\"1\" data-image-meta=\"{&quot;aperture&quot;:&quot;0&quot;,&quot;credit&quot;:&quot;&quot;,&quot;camera&quot;:&quot;&quot;,&quot;caption&quot;:&quot;&quot;,&quot;created_timestamp&quot;:&quot;0&quot;,&quot;copyright&quot;:&quot;&quot;,&quot;focal_length&quot;:&quot;0&quot;,&quot;iso&quot;:&quot;0&quot;,&quot;shutter_speed&quot;:&quot;0&quot;,&quot;title&quot;:&quot;&quot;}\" data-image-title=\"mezanzine-i-shape\" data-image-description=\"\" data-image-caption=\"\" data-medium-file=\"http:\/\/4u.ezc.vn\/wp-content\/uploads\/mezanzine-i-shape1-284x300.png\" data-large-file=\"http:\/\/4u.ezc.vn\/wp-content\/uploads\/mezanzine-i-shape1.png\" class=\"size-full wp-image-319\" title=\"mezanzine-i-shape\" src=\"http:\/\/4u.ezc.vn\/wp-content\/uploads\/mezanzine-i-shape1.png\" alt=\"M\u1eb7t b\u1eb1ng t\u1ea7ng l\u1eedng:\" width=\"487\" height=\"472\" \/><\/a><figcaption id=\"caption-attachment-319\" class=\"wp-caption-text\">M\u1eb7t b\u1eb1ng t\u1ea7ng l\u1eedng:<\/figcaption><\/figure>\n<p style=\"text-align: justify;\"><strong> <\/strong><\/p>\n<p style=\"text-align: justify;\"><strong> <\/strong><\/p>\n<p style=\"text-align: justify;\"><strong> <\/strong><\/p>\n<p style=\"text-align: justify;\"><strong> <\/strong><\/p>\n<p style=\"text-align: justify;\"><strong> <\/strong><\/p>\n<p style=\"text-align: justify;\"><strong> <\/strong><\/p>\n<p style=\"text-align: justify;\"><strong> <\/strong><\/p>\n<p style=\"text-align: justify;\"><strong> <\/strong><\/p>\n<p style=\"text-align: justify;\"><strong> <\/strong><\/p>\n<p style=\"text-align: justify;\"><strong> <\/strong><\/p>\n<p style=\"text-align: justify;\"><strong> <\/strong><\/p>\n<p style=\"text-align: justify;\"><strong> <\/strong><\/p>\n<figure id=\"attachment_322\" aria-describedby=\"caption-attachment-322\" style=\"width: 486px\" class=\"wp-caption alignleft\"><a href=\"http:\/\/4u.ezc.vn\/wp-content\/uploads\/FL02-i-shape1.png\"><img loading=\"lazy\" decoding=\"async\" data-attachment-id=\"322\" data-permalink=\"http:\/\/4u.ezc.vn\/?attachment_id=322\" data-orig-file=\"http:\/\/4u.ezc.vn\/wp-content\/uploads\/FL02-i-shape1.png\" data-orig-size=\"599,600\" data-comments-opened=\"1\" data-image-meta=\"{&quot;aperture&quot;:&quot;0&quot;,&quot;credit&quot;:&quot;&quot;,&quot;camera&quot;:&quot;&quot;,&quot;caption&quot;:&quot;&quot;,&quot;created_timestamp&quot;:&quot;0&quot;,&quot;copyright&quot;:&quot;&quot;,&quot;focal_length&quot;:&quot;0&quot;,&quot;iso&quot;:&quot;0&quot;,&quot;shutter_speed&quot;:&quot;0&quot;,&quot;title&quot;:&quot;&quot;}\" data-image-title=\"FL02-i-shape\" data-image-description=\"\" data-image-caption=\"\" data-medium-file=\"http:\/\/4u.ezc.vn\/wp-content\/uploads\/FL02-i-shape1-299x300.png\" data-large-file=\"http:\/\/4u.ezc.vn\/wp-content\/uploads\/FL02-i-shape1.png\" class=\"size-full wp-image-322\" title=\"FL02-i-shape\" src=\"http:\/\/4u.ezc.vn\/wp-content\/uploads\/FL02-i-shape1.png\" alt=\"M\u1eb7t b\u1eb1ng t\u1ea7ng 2 (c\u00f3 th\u1ec3 x\u00e2y v\u00e0o giai \u0111o\u1ea1n 2 n\u1ebfu ch\u01b0a \u0111\u1ee7 ti\u1ec1n)\" width=\"486\" height=\"470\" \/><\/a><figcaption id=\"caption-attachment-322\" class=\"wp-caption-text\">M\u1eb7t b\u1eb1ng t\u1ea7ng 2 (c\u00f3 th\u1ec3 x\u00e2y v\u00e0o giai \u0111o\u1ea1n 2 n\u1ebfu ch\u01b0a \u0111\u1ee7 ti\u1ec1n)<\/figcaption><\/figure>\n<p style=\"text-align: justify;\"><a href=\"http:\/\/4u.ezc.vn\/wp-content\/uploads\/mezanzine-i-shape.png\"><\/a><\/p>\n<p style=\"text-align: justify;\"><strong> <\/strong><\/p>\n<p style=\"text-align: justify;\"><strong> <\/strong><\/p>\n<p style=\"text-align: justify;\"><strong> <\/strong><\/p>\n<p style=\"text-align: justify;\"><strong> <\/strong><\/p>\n<p style=\"text-align: justify;\"><strong> <\/strong><\/p>\n<p style=\"text-align: justify;\"><strong> <\/strong><\/p>\n<p style=\"text-align: justify;\"><strong> <\/strong><\/p>\n<p style=\"text-align: justify;\"><strong> <\/strong><\/p>\n<p style=\"text-align: justify;\"><strong> <\/strong><\/p>\n<p style=\"text-align: justify;\"><strong> <\/strong><\/p>\n<p style=\"text-align: justify;\"><strong> <\/strong><\/p>\n<p style=\"text-align: justify;\"><strong> <\/strong><\/p>\n<figure id=\"attachment_323\" aria-describedby=\"caption-attachment-323\" style=\"width: 486px\" class=\"wp-caption alignleft\"><a href=\"http:\/\/4u.ezc.vn\/wp-content\/uploads\/house2-i-shape1.png\"><img loading=\"lazy\" decoding=\"async\" data-attachment-id=\"323\" data-permalink=\"http:\/\/4u.ezc.vn\/?attachment_id=323\" data-orig-file=\"http:\/\/4u.ezc.vn\/wp-content\/uploads\/house2-i-shape1.png\" data-orig-size=\"618,600\" data-comments-opened=\"1\" data-image-meta=\"{&quot;aperture&quot;:&quot;0&quot;,&quot;credit&quot;:&quot;&quot;,&quot;camera&quot;:&quot;&quot;,&quot;caption&quot;:&quot;&quot;,&quot;created_timestamp&quot;:&quot;0&quot;,&quot;copyright&quot;:&quot;&quot;,&quot;focal_length&quot;:&quot;0&quot;,&quot;iso&quot;:&quot;0&quot;,&quot;shutter_speed&quot;:&quot;0&quot;,&quot;title&quot;:&quot;&quot;}\" data-image-title=\"house2-i-shape\" data-image-description=\"\" data-image-caption=\"\" data-medium-file=\"http:\/\/4u.ezc.vn\/wp-content\/uploads\/house2-i-shape1-300x291.png\" data-large-file=\"http:\/\/4u.ezc.vn\/wp-content\/uploads\/house2-i-shape1.png\" class=\"size-full wp-image-323\" title=\"house2-i-shape\" src=\"http:\/\/4u.ezc.vn\/wp-content\/uploads\/house2-i-shape1.png\" alt=\"T\u1ed5ng th\u1ec3 ng\u00f4i nh\u00e0 sau ho\u00e0n th\u00e0nh:  Ph\u00eda tr\u01b0\u1edbc: 2 t\u1ea7ng; ph\u00eda sau: 3 t\u1ea7ng (b\u1ebfp v\u00e0 t\u1ea7ng l\u1eedng chia nhau chi\u1ec1u cao t\u1ea7ng 1 kh\u1ed1i ph\u00eda tr\u01b0\u1edbc + t\u1ee5t c\u1ed1t b\u1ebfp)\" width=\"486\" height=\"442\" \/><\/a><figcaption id=\"caption-attachment-323\" class=\"wp-caption-text\">T\u1ed5ng th\u1ec3 ng\u00f4i nh\u00e0 sau ho\u00e0n th\u00e0nh:  Ph\u00eda tr\u01b0\u1edbc: 2 t\u1ea7ng; ph\u00eda sau: 3 t\u1ea7ng (b\u1ebfp v\u00e0 t\u1ea7ng l\u1eedng chia nhau chi\u1ec1u cao t\u1ea7ng 1 kh\u1ed1i ph\u00eda tr\u01b0\u1edbc + t\u1ee5t c\u1ed1t b\u1ebfp)<\/figcaption><\/figure>\n<p style=\"text-align: justify;\"><strong> <\/strong><\/p>\n<p style=\"text-align: justify;\"><strong> <\/strong><\/p>\n<p style=\"text-align: justify;\"><strong> <\/strong><\/p>\n<p style=\"text-align: justify;\"><strong> <\/strong><\/p>\n<p style=\"text-align: justify;\"><strong> <\/strong><\/p>\n<p style=\"text-align: justify;\"><strong> <\/strong><\/p>\n<p style=\"text-align: justify;\"><strong> <\/strong><\/p>\n<p style=\"text-align: justify;\"><strong> <\/strong><\/p>\n<p style=\"text-align: justify;\"><strong> <\/strong><\/p>\n<p style=\"text-align: justify;\"><strong> <\/strong><\/p>\n<p style=\"text-align: justify;\"><strong> <\/strong><\/p>\n<figure id=\"attachment_324\" aria-describedby=\"caption-attachment-324\" style=\"width: 486px\" class=\"wp-caption alignleft\"><a href=\"http:\/\/4u.ezc.vn\/wp-content\/uploads\/section-i-shape1.png\"><img loading=\"lazy\" decoding=\"async\" data-attachment-id=\"324\" data-permalink=\"http:\/\/4u.ezc.vn\/?attachment_id=324\" data-orig-file=\"http:\/\/4u.ezc.vn\/wp-content\/uploads\/section-i-shape1.png\" data-orig-size=\"784,600\" data-comments-opened=\"1\" data-image-meta=\"{&quot;aperture&quot;:&quot;0&quot;,&quot;credit&quot;:&quot;&quot;,&quot;camera&quot;:&quot;&quot;,&quot;caption&quot;:&quot;&quot;,&quot;created_timestamp&quot;:&quot;0&quot;,&quot;copyright&quot;:&quot;&quot;,&quot;focal_length&quot;:&quot;0&quot;,&quot;iso&quot;:&quot;0&quot;,&quot;shutter_speed&quot;:&quot;0&quot;,&quot;title&quot;:&quot;&quot;}\" data-image-title=\"section-i-shape\" data-image-description=\"\" data-image-caption=\"\" data-medium-file=\"http:\/\/4u.ezc.vn\/wp-content\/uploads\/section-i-shape1-300x229.png\" data-large-file=\"http:\/\/4u.ezc.vn\/wp-content\/uploads\/section-i-shape1.png\" class=\"size-full wp-image-324\" title=\"section-i-shape\" src=\"http:\/\/4u.ezc.vn\/wp-content\/uploads\/section-i-shape1.png\" alt=\"M\u1eb7t c\u1eaft d\u1ecdc\" width=\"486\" height=\"339\" \/><\/a><figcaption id=\"caption-attachment-324\" class=\"wp-caption-text\">M\u1eb7t c\u1eaft d\u1ecdc<\/figcaption><\/figure>\n<p style=\"text-align: justify;\"><strong> <\/strong><\/p>\n<p style=\"text-align: justify;\"><strong> <\/strong><\/p>\n<p style=\"text-align: justify;\"><strong> <\/strong><\/p>\n<p style=\"text-align: justify;\"><strong> <\/strong><\/p>\n<p style=\"text-align: justify;\"><strong> <\/strong><\/p>\n<p style=\"text-align: justify;\"><strong> <\/strong><\/p>\n<p style=\"text-align: justify;\"><strong> <\/strong><\/p>\n<p style=\"text-align: justify;\"><strong> <\/strong><\/p>\n<p style=\"text-align: justify;\"><strong> <\/strong><\/p>\n<figure id=\"attachment_325\" aria-describedby=\"caption-attachment-325\" style=\"width: 488px\" class=\"wp-caption alignleft\"><a href=\"http:\/\/4u.ezc.vn\/wp-content\/uploads\/per-i-shape.png\"><img loading=\"lazy\" decoding=\"async\" data-attachment-id=\"325\" data-permalink=\"http:\/\/4u.ezc.vn\/?attachment_id=325\" data-orig-file=\"http:\/\/4u.ezc.vn\/wp-content\/uploads\/per-i-shape.png\" data-orig-size=\"754,564\" data-comments-opened=\"1\" data-image-meta=\"{&quot;aperture&quot;:&quot;0&quot;,&quot;credit&quot;:&quot;&quot;,&quot;camera&quot;:&quot;&quot;,&quot;caption&quot;:&quot;&quot;,&quot;created_timestamp&quot;:&quot;0&quot;,&quot;copyright&quot;:&quot;&quot;,&quot;focal_length&quot;:&quot;0&quot;,&quot;iso&quot;:&quot;0&quot;,&quot;shutter_speed&quot;:&quot;0&quot;,&quot;title&quot;:&quot;&quot;}\" data-image-title=\"per-i-shape\" data-image-description=\"\" data-image-caption=\"\" data-medium-file=\"http:\/\/4u.ezc.vn\/wp-content\/uploads\/per-i-shape-300x224.png\" data-large-file=\"http:\/\/4u.ezc.vn\/wp-content\/uploads\/per-i-shape.png\" class=\"size-full wp-image-325\" title=\"per-i-shape\" src=\"http:\/\/4u.ezc.vn\/wp-content\/uploads\/per-i-shape.png\" alt=\"D\u00e3y nh\u00e0 x\u00e2y c\u00f9ng thi\u1ebft k\u1ebf\" width=\"488\" height=\"367\" \/><\/a><figcaption id=\"caption-attachment-325\" class=\"wp-caption-text\">D\u00e3y nh\u00e0 x\u00e2y c\u00f9ng thi\u1ebft k\u1ebf<\/figcaption><\/figure>\n<p style=\"text-align: justify;\">\n<p style=\"text-align: justify;\">\n<p style=\"text-align: justify;\">\n<p style=\"text-align: justify;\">\n<p style=\"text-align: justify;\">\n<p style=\"text-align: justify;\">\n<p style=\"text-align: justify;\">\n<p style=\"text-align: justify;\">\n<p style=\"text-align: justify;\">\n<p style=\"text-align: justify;\">\n<p style=\"text-align: justify;\">Quay\u00a0v\u1ec1 <a href=\"http:\/\/4u.ezc.vn\/?page_id=190\">trang ch\u00ednh<\/a><\/p>\n<!-- AddThis Advanced Settings generic via filter on the_content --><!-- AddThis Share Buttons generic via filter on the_content -->","protected":false},"excerpt":{"rendered":"<p>Nh\u00e0 \u1ed1ng l\u00e0 m\u1ed9t lo\u1ea1i nh\u00e0 r\u1ea5t ph\u1ed5 bi\u1ebfn \u1edf \u0111\u00f4 th\u1ecb v\u00e0 c\u00e1c \u0111i\u1ec3m d\u00e2n c\u01b0 t\u1eadp trung \u1edf Vi\u1ec7t Nam do \u0111\u1eb7c \u0111i\u1ec3m kinh t\u1ebf h\u1ed9 gia \u0111\u00ecnh mu\u1ed1n b\u00e1m v\u00e0o c\u00e1c m\u1eb7t tr\u1ee5c giao th\u00f4ng (\u0111\u01b0\u1eddng b\u1ed9 &hellip;<\/p>\n<p class=\"read-more\"> <a class=\"more-link\" href=\"http:\/\/4u.ezc.vn\/?page_id=178\"> <span class=\"screen-reader-text\">M\u1eabu nh\u00e0 &#8216;\u1ed1ng&#8217; tr\u00ean \u0111\u1ea5t 5m x 20m<\/span> Read More &raquo;<\/a><\/p>\n<p><!-- AddThis Advanced Settings generic via filter on get_the_excerpt --><!-- AddThis Share Buttons generic via filter on get_the_excerpt --><\/p>\n","protected":false},"author":1,"featured_media":325,"parent":624,"menu_order":0,"comment_status":"open","ping_status":"open","template":"","meta":{"jetpack_post_was_ever_published":false,"footnotes":""},"jetpack_shortlink":"https:\/\/wp.me\/PYUs3-2S","jetpack_sharing_enabled":true,"_links":{"self":[{"href":"http:\/\/4u.ezc.vn\/index.php?rest_route=\/wp\/v2\/pages\/178"}],"collection":[{"href":"http:\/\/4u.ezc.vn\/index.php?rest_route=\/wp\/v2\/pages"}],"about":[{"href":"http:\/\/4u.ezc.vn\/index.php?rest_route=\/wp\/v2\/types\/page"}],"author":[{"embeddable":true,"href":"http:\/\/4u.ezc.vn\/index.php?rest_route=\/wp\/v2\/users\/1"}],"replies":[{"embeddable":true,"href":"http:\/\/4u.ezc.vn\/index.php?rest_route=%2Fwp%2Fv2%2Fcomments&post=178"}],"version-history":[{"count":23,"href":"http:\/\/4u.ezc.vn\/index.php?rest_route=\/wp\/v2\/pages\/178\/revisions"}],"predecessor-version":[{"id":183,"href":"http:\/\/4u.ezc.vn\/index.php?rest_route=\/wp\/v2\/pages\/178\/revisions\/183"}],"up":[{"embeddable":true,"href":"http:\/\/4u.ezc.vn\/index.php?rest_route=\/wp\/v2\/pages\/624"}],"wp:featuredmedia":[{"embeddable":true,"href":"http:\/\/4u.ezc.vn\/index.php?rest_route=\/wp\/v2\/media\/325"}],"wp:attachment":[{"href":"http:\/\/4u.ezc.vn\/index.php?rest_route=%2Fwp%2Fv2%2Fmedia&parent=178"}],"curies":[{"name":"wp","href":"https:\/\/api.w.org\/{rel}","templated":true}]}}